{"id":4532,"date":"2025-12-18T17:56:15","date_gmt":"2025-12-18T17:56:15","guid":{"rendered":"https:\/\/bodynicesupplement.com\/?post_type=product&#038;p=4532"},"modified":"2025-12-19T10:44:33","modified_gmt":"2025-12-19T10:44:33","slug":"ashwagandha-kapseln","status":"publish","type":"product","link":"https:\/\/bodynicesupplement.com\/fa\/produkt\/ashwagandha-kapseln\/","title":{"rendered":"Ashwagandha Kapseln"},"content":{"rendered":"<p>Nat\u00fcrliche Balance f\u00fcr K\u00f6rper &amp; Geist<\/p>\n<h2>Produktbeschreibung<\/h2>\n<p>Ashwagandha\u200c<\/p>\n<p>ist eine bew\u00e4hrte Pflanze aus der ayurvedischen Tradition und wird als adaptogene Unterst\u00fctzung f\u00fcr aktive Menschen gesch\u00e4tzt.<br \/>\nVerzehrempfehlung<br \/>\n2 Kapseln t\u00e4glich &#8211; eine nach dem Fr\u00fchst\u00fcck und eine vor dem Schlafengehen<\/p>\n<h2>Hinweise<\/h2>\n<p>Die empfohlene t\u00e4gliche Verzehrmenge darf nicht \u00fcberschritten werden<br \/>\nNahrungserg\u00e4nzungsmittel sind kein Ersatz f\u00fcr eine ausgewogene und abwechslungsreiche Ern\u00e4hrung sowie eine gesunde Lebensweise.<\/p>\n","protected":false},"excerpt":{"rendered":"<p>Nat\u00fcrliche Balance f\u00fcr K\u00f6rper &amp; Geist Produktbeschreibung Ashwagandha\u200c ist eine bew\u00e4hrte Pflanze aus der ayurvedischen Tradition und wird als adaptogene Unterst\u00fctzung f\u00fcr aktive Menschen gesch\u00e4tzt. Verzehrempfehlung 2 Kapseln t\u00e4glich &#8211; eine nach dem Fr\u00fchst\u00fcck und eine vor dem Schlafengehen Hinweise Die empfohlene t\u00e4gliche Verzehrmenge darf nicht \u00fcberschritten werden Nahrungserg\u00e4nzungsmittel sind kein Ersatz f\u00fcr eine ausgewogene [&#8230;]\n","protected":false},"featured_media":4533,"comment_status":"open","ping_status":"closed","template":"","meta":[],"product_cat":[539],"product_tag":[],"class_list":["post-4532","product","type-product","status-publish","has-post-thumbnail","hentry","product_cat-booster-2"],"_links":{"self":[{"href":"https:\/\/bodynicesupplement.com\/fa\/wp-json\/wp\/v2\/product\/4532","targetHints":{"allow":["GET"]}}],"collection":[{"href":"https:\/\/bodynicesupplement.com\/fa\/wp-json\/wp\/v2\/product"}],"about":[{"href":"https:\/\/bodynicesupplement.com\/fa\/wp-json\/wp\/v2\/types\/product"}],"replies":[{"embeddable":true,"href":"https:\/\/bodynicesupplement.com\/fa\/wp-json\/wp\/v2\/comments?post=4532"}],"wp:featuredmedia":[{"embeddable":true,"href":"https:\/\/bodynicesupplement.com\/fa\/wp-json\/wp\/v2\/media\/4533"}],"wp:attachment":[{"href":"https:\/\/bodynicesupplement.com\/fa\/wp-json\/wp\/v2\/media?parent=4532"}],"wp:term":[{"taxonomy":"product_cat","embeddable":true,"href":"https:\/\/bodynicesupplement.com\/fa\/wp-json\/wp\/v2\/product_cat?post=4532"},{"taxonomy":"product_tag","embeddable":true,"href":"https:\/\/bodynicesupplement.com\/fa\/wp-json\/wp\/v2\/product_tag?post=4532"}],"curies":[{"name":"wp","href":"https:\/\/api.w.org\/{rel}","templated":true}]}}