{"id":4411,"date":"2025-12-02T12:08:33","date_gmt":"2025-12-02T12:08:33","guid":{"rendered":"https:\/\/bodynicesupplement.com\/?post_type=product&#038;p=4411"},"modified":"2025-12-02T12:14:25","modified_gmt":"2025-12-02T12:14:25","slug":"100-pure-whey-1000-g","status":"publish","type":"product","link":"https:\/\/bodynicesupplement.com\/fa\/produkt\/100-pure-whey-1000-g\/","title":{"rendered":"100% Pure Whey &#8211; 1000 g"},"content":{"rendered":"<div class=\"product-description-text__b accordion--closed\">\n<p><strong>Protein \u2013 die Basis f\u00fcr den Alltag<\/strong><\/p>\n<p>Protein ist das Fundament der Ern\u00e4hrung, das t\u00e4glich erg\u00e4nzt werden muss. Es hilft, deine Muskeln und Knochen zu st\u00e4rken, aber der K\u00f6rper speichert es nicht, daher muss es kontinuierlich bereitgestellt werden. F\u00fcr den Erhalt und Aufbau der Muskulatur ist es unerl\u00e4sslich, da es einer der wichtigsten Bausteine deines K\u00f6rpers ist.<\/p>\n<ul class=\"product-description-text-list__b\">\n<li class=\"product-description-text-list-item__e\">F\u00fcr deine Muskeln<\/li>\n<li class=\"product-description-text-list-item__e\">F\u00fcr deine Knochen<\/li>\n<li class=\"product-description-text-list-item__e\">F\u00fcr deine Gesundheit<\/li>\n<\/ul>\n<p><strong>100% Pure Whey \u2013 der Champion unter den Geschmacksrichtungen<\/strong><\/p>\n<p>Eine Erfolgsgeschichte seit vielen Jahren. Geschmack, Konsistenz und Qualit\u00e4t haben bereits viele \u00fcberzeugt.<\/p>\n<ul class=\"product-description-text-list__b\">\n<li class=\"product-description-text-list-item__e\">Unser cremigstes Protein<\/li>\n<li class=\"product-description-text-list-item__e\">Kalorienarm<\/li>\n<li class=\"product-description-text-list-item__e\">Molkenkomplex (Konzentrat und Isolat)<\/li>\n<li class=\"product-description-text-list-item__e\">Erg\u00e4nzt mit den Aminos\u00e4uren BCAA und Glutamin<\/li>\n<li class=\"product-description-text-list-item__e\">Mit dem eiwei\u00dfspaltenden Enzym Bromelain<\/li>\n<\/ul>\n<p><strong>Wie viel Protein brauche ich pro Tag? <\/strong><\/p>\n<p>F\u00fcr den Erhalt der Muskelmasse ben\u00f6tigst du etwa 0,8 g Protein pro Kilogramm K\u00f6rpergewicht. F\u00fcr den Muskelaufbau kann dieser Wert sogar bis zu 2 Gramm betragen. Mit diesem Produkt kannst du deine proteinreiche Ern\u00e4hrung und deinen aktiven Lebensstil optimal an deine Ziele anpassen.<br \/>\nDer t\u00e4gliche Proteinbedarf gesunder Erwachsener kann individuell nach K\u00f6rpergewicht angepasst werden, aber die genaue Menge h\u00e4ngt vom Aktivit\u00e4tsniveau und den individuellen Zielen ab. Auch das Alter kann einen Einfluss darauf haben \u2013 unter 18 Jahren und \u00fcber 60 Jahren ist der normale Bedarf im Vergleich zur erwachsenen Altersgruppe h\u00f6her. Die Empfehlungen sind wie folgt:<br \/>\n<b>Die Empfehlungen sind wie folgt:<\/b> zur Muskelerhaltung: 0,8-1 g\/kg K\u00f6rpergewicht<br \/>\nzum Muskelaufbau: 1,6-2 g\/kg K\u00f6rpergewicht<\/p>\n<ul class=\"product-description-text-list__b\">\n<li class=\"product-description-text-list-item__e\"><strong>55 kg schwere Frau<\/strong><br \/>\nzur Muskelerhaltung: 44-55 g\/Tag<br \/>\nzum Muskelaufbau: 88-110 g\/Tag<\/li>\n<li class=\"product-description-text-list-item__e\"><strong>85 kg schwerer Mann<\/strong><br \/>\nzur Muskelerhaltung: 68-85 g\/Tag zum Muskelaufbau: 136-170 g\/Tag<\/li>\n<\/ul>\n<p>Wenn dein Ziel feststeht, folgt nur noch die Berechnung! Setze dein Gewicht in die obigen Beispiele ein! Von diesem Bedarf kannst du pro Portion 21 Gramm mit dem Premium-Protein von 100% Pure Whey decken!<\/p>\n<p><strong>Das macht den Molkenkomplex so komplex!<\/strong><\/p>\n<ul class=\"product-description-text-list__b\">\n<li class=\"product-description-text-list-item__e\"><strong>Freilandk\u00fche, hochwertige Milch, Premium-Protein\u00a0<\/strong><br \/>\nDie Milch wird zur K\u00e4seherstellung verwendet, aber die dabei entstehende Molke wird nicht verschwendet. Sie wird gesammelt, um einen s\u00fc\u00dfen, proteinreichen Rohstoff zu gewinnen, der die Grundlage f\u00fcr Qualit\u00e4tsprodukte bildet.<\/li>\n<li class=\"product-description-text-list-item__e\"><strong>Herstellung von Molkenkonzentrat<\/strong><br \/>\nDie Rohmolke wird zun\u00e4chst gereinigt, Fette und Verunreinigungen werden entfernt. Anschlie\u00dfend werden die Proteine und andere wichtige N\u00e4hrstoffe mittels Ultra- oder Mikrofiltration konzentriert, w\u00e4hrend kleinere Molek\u00fcle entfernt werden.<br \/>\nDas so gewonnene Molkenkonzentrat (WPC \u2013 Whey Protein Concentrate) enth\u00e4lt je nach verwendeter Filtrationsmethode 65\u201380 % Protein.<br \/>\nAm Ende des Prozesses wird das Konzentrat getrocknet und als Pulver angeboten. Dieses wird aromatisiert, ges\u00fc\u00dft und mit weiteren Zus\u00e4tzen zum Endprodukt verarbeitet.<\/li>\n<li class=\"product-description-text-list-item__e\"><strong>Mehr Filterung, h\u00f6herer Proteingehalt<\/strong><br \/>\nBei der Herstellung des Rohmaterials verwenden wir <b>CFM-Technologie (Cross-Flow-Mikrofiltration).<\/b> Dieses revolution\u00e4re Verfahren erm\u00f6glicht es, den Laktosegehalt des Rohmaterials ohne enzymatische Behandlung und ohne chemische Zus\u00e4tze zu reduzieren. So enth\u00e4lt das Produkt mindestens 64% weniger Laktose im Vergleich zu \u00e4hnlichen Produkten auf dem Markt.<\/li>\n<\/ul>\n<\/div>\n","protected":false},"excerpt":{"rendered":"<p>Molkenprotein-Komplex mit Bromelain-Enzymen, Aminos\u00e4uren, palm\u00f6lfrei, mit S\u00fc\u00dfungsmittel.<\/p>\n","protected":false},"featured_media":4448,"comment_status":"open","ping_status":"closed","template":"","meta":[],"product_cat":[143],"product_tag":[],"class_list":["post-4411","product","type-product","status-publish","has-post-thumbnail","hentry","product_cat-protein"],"_links":{"self":[{"href":"https:\/\/bodynicesupplement.com\/fa\/wp-json\/wp\/v2\/product\/4411","targetHints":{"allow":["GET"]}}],"collection":[{"href":"https:\/\/bodynicesupplement.com\/fa\/wp-json\/wp\/v2\/product"}],"about":[{"href":"https:\/\/bodynicesupplement.com\/fa\/wp-json\/wp\/v2\/types\/product"}],"replies":[{"embeddable":true,"href":"https:\/\/bodynicesupplement.com\/fa\/wp-json\/wp\/v2\/comments?post=4411"}],"wp:featuredmedia":[{"embeddable":true,"href":"https:\/\/bodynicesupplement.com\/fa\/wp-json\/wp\/v2\/media\/4448"}],"wp:attachment":[{"href":"https:\/\/bodynicesupplement.com\/fa\/wp-json\/wp\/v2\/media?parent=4411"}],"wp:term":[{"taxonomy":"product_cat","embeddable":true,"href":"https:\/\/bodynicesupplement.com\/fa\/wp-json\/wp\/v2\/product_cat?post=4411"},{"taxonomy":"product_tag","embeddable":true,"href":"https:\/\/bodynicesupplement.com\/fa\/wp-json\/wp\/v2\/product_tag?post=4411"}],"curies":[{"name":"wp","href":"https:\/\/api.w.org\/{rel}","templated":true}]}}