{"id":4306,"date":"2025-12-01T12:10:02","date_gmt":"2025-12-01T12:10:02","guid":{"rendered":"https:\/\/bodynicesupplement.com\/?post_type=product&#038;p=4306"},"modified":"2026-02-12T11:03:24","modified_gmt":"2026-02-12T11:03:24","slug":"100-whey-protein-1000g","status":"publish","type":"product","link":"https:\/\/bodynicesupplement.com\/fa\/produkt\/100-whey-protein-1000g\/","title":{"rendered":"100 % Whey Protein 1000g"},"content":{"rendered":"<p>Du m\u00f6chtest dein Muskelwachstum vorantreiben? Ein definierter K\u00f6rper ist schon immer dein Traum? Dieses Eiwei\u00df kitzelt deine Motivation aus dir heraus! Das hochwertige WHEY PROTEIN besteht aus ultrafiltriertem reinem WHEY PROTEIN Konzentrat und Hydrolysat. Der hohe BCAA-Anteil sowie der satte Proteingehalt kurbeln den Muskelaufbau ordentlich an. Die schnelle L\u00f6slichkeit und der cremig leichte Geschmackmachen das 100 % WHEY PROTEIN zum \u201eMust-Have\u201c f\u00fcr deine Mission: Traumk\u00f6rper!<\/p>\n<h2>100 % WHEY PROTEIN \u2013 100 % volle Eiwei\u00df-Power<\/h2>\n<p><strong>Zur Unterst\u00fctzung der folgenden Ziele ist das 100 % WHEY PROTEIN die perfekte Wahl:<\/strong><\/p>\n<ul>\n<li>Muskel-Definition<\/li>\n<li>Muskelaufbau und Muskelerhalt<\/li>\n<li>Deckung eines erh\u00f6hten Proteinbedarfs<\/li>\n<li>Low-Carb und Low-Fat Di\u00e4ten<\/li>\n<\/ul>\n<p>&nbsp;<\/p>\n<p><strong>F\u00fcr wen ist das 100 % WHEY PROTEIN geeignet?<\/strong><\/p>\n<ul>\n<li>Fitness-Sportler<\/li>\n<li>Athleten<\/li>\n<li>Ausdauer- und Spielsportler<\/li>\n<li>Figurbewusste Personen und Di\u00e4twillige<\/li>\n<li>Personen mit Proteindefizit<\/li>\n<\/ul>\n<h2>Warum Whey? \u2013 Hier steckt dein n\u00e4chstes Workout drin<\/h2>\n<p>In deinen Eiwei\u00df Shake geh\u00f6rt nur bestes Proteinpulver: Das WHEY PROTEIN. Aber warum? Es ist eine von zwei Proteinarten Whey und Casein und wird aus Molke gewonnen. Dieses Eiwei\u00df punktet mir seiner besonders hohen biologische Wertigkeit. Hei\u00dft: Es werden mehr Proteine in deinem K\u00f6rper umgewandelt, die dir beim Aufbau deiner Muskulatur helfen. Von allen Eiwei\u00dfen wird Whey vom K\u00f6rper am schnellsten aufgenommen. Und wir setzen sogar noch einen drauf! Neben reinem Whey Konzentrat besticht das 100 % WHEY PROTEIN durch zus\u00e4tzliches Hydrolysat. Einfach gesagt: \u201eaufgespaltenes Protein\u201c. Dein Benefit? Das Eiwei\u00df wird noch schneller verwertet &#8211; also ein echter Volltreffer f\u00fcr dein Ziel Muskelaufbau!<\/p>\n<h2>Zeit f\u00fcrs Muskelwachstum! Die perfekte Einnahme von WHEY PROTEIN<\/h2>\n<p>Das harte Power-Workout ist geschafft? Perfekt! Jetzt sehnt sich deine Muskulatur nach den n\u00f6tigen N\u00e4hrstoffen. Ein fix zubereiteter 100 % WHEY PROTEIN Shake ist genau das Richtige. Sp\u00e4testens eine halbe Stunde nach dem Training sollte der cremige Genuss durch deinen Gaumen flie\u00dfen, damit deine harte Arbeit bestens in Muskelmasse umgesetzt werden kann. Auch vor dem Training hat das WHEY PROTEIN einen Auftrag: Es versorgt dich bereits w\u00e4hrend h\u00f6chster Leistungen mit Eiwei\u00df. Mit dem 100 % WHEY PROTEIN bist du immer auf der richtigen Seite.<\/p>\n<h2>Eiwei\u00df: Dein Muskel- und Organantrieb<\/h2>\n<p>Was ist Eiwei\u00df? Klar ist, ohne Eiwei\u00df geht bei uns gar nichts. Denn Proteine oder auch Eiwei\u00df genannt , sind an der Stabilisierung von Gewebe, Organen und unserem Immunsystem beteiligt. Wie viel Eiwei\u00df darfst du \u00fcber die Nahrung aufnehmen bzw. hilft dir beim Ziel Muskelaufbau? Die \u201eInternational Society of Sports Nutrition\u201c empfiehlt pro Tag 1,6 bis 2 Gramm Protein pro Kilogramm K\u00f6rpergewicht. Bei einem 80 kg schweren Mann w\u00e4re der Eiwei\u00dfbedarf bei 160 g aufs Maximum gedeckt.<\/p>\n<h2>BCAA\u2019S \u2013 Die Muskelmacher<\/h2>\n<p>Sie sollten eigentlich als die drei Musketiere der Muskelerhaltung bekannt sein. Stattdessen sind es Leucin, Isoleucin und Valin. Genau diese BCAA\u2019s branched-chain amino acids oder auch zu deutsch verzweigtkettige Aminos\u00e4uren genannt, erf\u00fcllen zahlreiche lebenswichtige Funktionen im menschlichen Stoffwechsel und sind wichtiger Bestandteil der Muskeln. Essenzielle Aminos\u00e4uren k\u00f6nnen wir lediglich \u00fcber die Nahrung aufnehmen. Besonders Leucin kurbelt den Muskelaufbau an. Deshalb findest du im 100 % WHEY PROTEIN davon einen h\u00f6heren Anteil &#8211; im idealen Mischverh\u00e4ltnis von 2:1:1 Leucin zu Valin zu Isoleucin . Genau diese Ratio ist ideal f\u00fcr die F\u00f6rderung deiner Muskeln.<\/p>\n<h2>K\u00f6lner Liste\u00ae \u2013 Sicher, Sauber, Stark!<\/h2>\n<p>Du willst volle Power, aber auf Nummer sicher? Dann check unsere Produkte auf der K\u00f6lner Liste\u00ae! Die K\u00f6lner Liste ist DIE Plattform f\u00fcr gepr\u00fcfte Sportnahrung, die auf verbotene Substanzen getestet wurden. Keine versteckten Risiken, keine b\u00f6sen \u00dcberraschungen \u2013 nur pure Performance. Egal ob Supplements, Snacks oder Drinks: Was hier gelistet ist, wurde unabh\u00e4ngig gepr\u00fcft und gibt dir das gute Gef\u00fchl, alles richtig zu machen und clean zu trainieren.<\/p>\n<p>Viele unserer Produkte tragen dieses Siegel mit Stolz. Und es kommen immer mehr Neue dazu!<\/p>\n","protected":false},"excerpt":{"rendered":"<ul>\n<li>Wheyproteinhydrolysate und ultra-filtriertes Whey Protein \/\u00a0Markenrohstoff Wheypep<\/li>\n<li>Enth\u00e4lt je nach Geschmack 94.6 % reines Whey Konzentrat*<\/li>\n<\/ul>\n","protected":false},"featured_media":4327,"comment_status":"open","ping_status":"closed","template":"","meta":[],"product_cat":[143],"product_tag":[],"class_list":["post-4306","product","type-product","status-publish","has-post-thumbnail","hentry","product_cat-protein"],"_links":{"self":[{"href":"https:\/\/bodynicesupplement.com\/fa\/wp-json\/wp\/v2\/product\/4306","targetHints":{"allow":["GET"]}}],"collection":[{"href":"https:\/\/bodynicesupplement.com\/fa\/wp-json\/wp\/v2\/product"}],"about":[{"href":"https:\/\/bodynicesupplement.com\/fa\/wp-json\/wp\/v2\/types\/product"}],"replies":[{"embeddable":true,"href":"https:\/\/bodynicesupplement.com\/fa\/wp-json\/wp\/v2\/comments?post=4306"}],"wp:featuredmedia":[{"embeddable":true,"href":"https:\/\/bodynicesupplement.com\/fa\/wp-json\/wp\/v2\/media\/4327"}],"wp:attachment":[{"href":"https:\/\/bodynicesupplement.com\/fa\/wp-json\/wp\/v2\/media?parent=4306"}],"wp:term":[{"taxonomy":"product_cat","embeddable":true,"href":"https:\/\/bodynicesupplement.com\/fa\/wp-json\/wp\/v2\/product_cat?post=4306"},{"taxonomy":"product_tag","embeddable":true,"href":"https:\/\/bodynicesupplement.com\/fa\/wp-json\/wp\/v2\/product_tag?post=4306"}],"curies":[{"name":"wp","href":"https:\/\/api.w.org\/{rel}","templated":true}]}}