{"id":4290,"date":"2025-12-01T11:09:48","date_gmt":"2025-12-01T11:09:48","guid":{"rendered":"https:\/\/bodynicesupplement.com\/?post_type=product&#038;p=4290"},"modified":"2025-12-02T06:09:31","modified_gmt":"2025-12-02T06:09:31","slug":"olimp-gain-bolic-6000","status":"publish","type":"product","link":"https:\/\/bodynicesupplement.com\/fa\/produkt\/olimp-gain-bolic-6000\/","title":{"rendered":"Olimp Gain Bolic 6000\u00ae &#8211; 3500 g"},"content":{"rendered":"<h2><strong>Was ist Olimp Gain Bolic 6000<sup>\u00ae<\/sup>? <\/strong><\/h2>\n<p>Seit vielen Jahren setzt das Pharmaunternehmen <strong>Olimp Laboratories<\/strong> dank hochreiner Rohstoffe und innovativer Produktionstechnologie Trends auf dem Markt der Nahrungserg\u00e4nzungsmittel. Die ausgezeichnete Qualit\u00e4t der angebotenen Produkte, die auf wegweisenden Formeln basieren, ist eine Garantie f\u00fcr ihre tats\u00e4chliche Wirkung und vor allem eine echte Unterst\u00fctzung f\u00fcr jede k\u00f6rperlich aktive Person. Das Nahrungserg\u00e4nzungsmittel <strong>Olimp Gain Bolic 6000<sup>\u00ae<\/sup><\/strong> ist hier keine Ausnahme. Dieses Produkt ist f\u00fcr Erwachsene bestimmt, die intensiv trainieren, bei denen die langwierigen Trainings zur Muskelerm\u00fcdung und Ersch\u00f6pfung der Glykogenspeicher in den Skelettmuskeln f\u00fchren. Da diese Mehrkomponenten-Mischung hochwertige Proteine enth\u00e4lt, tr\u00e4gt sie zur Zunahme an Muskelmasse und ihrer Erhaltung und somit zur Verst\u00e4rkung der Wirkungen von der ausgewogenen Ern\u00e4hrung und systematischen Trainings bei! Vergessen Sie die bisherigen Nahrungserg\u00e4nzungsmittel f\u00fcr Muskelaufbau, w\u00e4hlen Sie <strong>Olimp Gain Bolic 6000<sup>\u00ae<\/sup><\/strong>! Absoluter Verkaufsschl\u00e4ger der Marke <strong>Olimp Sport Nutrition<\/strong>, dem Millionen von Sportler und k\u00f6rperlich aktiven Personen vertrauen!<\/p>\n<h2><strong>Entdecken Sie die Zusammensetzung von Olimp Gain Bolic 6000<sup>\u00ae<\/sup> <\/strong><\/h2>\n<p>Das Nahrungserg\u00e4nzungsmittel <strong>Olimp Gain Bolic 6000<sup>\u00ae<\/sup><\/strong>\u00a0ist vor allem eine entsprechende Menge an Proteinen und Kohlenhydraten, die bekannterma\u00dfen die Ern\u00e4hrungsgrundlage von Personen im Training bilden. Das Protein ist der Hauptinhaltsstoff, der zur Zunahme an Muskelmasse und ihrer Erhaltung beitr\u00e4gt. Der Hersteller hat sich daf\u00fcr entschieden, drei v\u00f6llig unterschiedliche Proteinquellen einzusetzen. Hier haben wir mit einer Kombination aus Molkenkonzentrat, mizellarem Kasein sowie aus ultrafiltriertem Ei-Albumin zu tun, die unterschiedliche Aufnahmegeschwindigkeiten aufweisen.<\/p>\n<p>Andererseits enth\u00e4lt das Nahrungserg\u00e4nzungsmittel der Marke <strong>Olimp Sport Nutrition<\/strong> gro\u00dfe Mengen an Kohlenhydraten. Gemeint sind hier Dextrose und Maltodextrine, die dabei helfen, den K\u00f6rper mit zus\u00e4tzlicher Energie zu versorgen. Durch die wissenschaftlichen Forschungen konnte es nachgewiesen werden, dass die Kohlenhydrate zur Wiederherstellung einer normalen Muskelfunktion (Muskelkrampf) nach einer sehr intensiven oder langwierigen k\u00f6rperlichen Anstrengung beitragen, die zur Muskelerm\u00fcdung und Ersch\u00f6pfung der Glykogenspeicher in den Skelettmuskeln f\u00fchrt<sup>1<\/sup>.<\/p>\n<p>Die bei Profi- und Amateursportlern beliebte Formel von <strong>Olimp Gain Bolic 6000<sup>\u00ae<\/sup><\/strong>\u00a0wurde zus\u00e4tzlich mit Kreatin und Taurin angereicht. Jede Portion erm\u00f6glicht es auch, die entsprechende Menge an wichtigsten Aminos\u00e4uren, einschlie\u00dflich BCAA (L-Leucin, L-Valin, L-Isoleucin), zuzuf\u00fchren.<\/p>\n<p>Wenn Sie <strong>Olimp Gain Bolic 6000<sup>\u00ae<\/sup><\/strong>\u00a0w\u00e4hlen, k\u00f6nnen Sie sich sicher sein, dass Sie mit jeder Portion eine angemessene Menge an N\u00e4hrstoffen, einschlie\u00dflich hochwertiger Proteine und Kohlenhydrate mit variabler Aufnahmekinetik erhalten. Die Rohstoffe, die zur Herstellung eines der Top-Bestseller der Marke <strong>Olimp Sport Nutrition<\/strong> verwendet werden, zeichnen sich durch die hohe Qualit\u00e4t aus und wurden mehrfach auf ihre Reinheit gepr\u00fcft, einschlie\u00dflich der Pr\u00fcfung auf Schwermetalle, was die Sicherheit bei der Anwendung des Nahrungserg\u00e4nzungsmittels garantiert.<\/p>\n<h2><strong>Wie funktioniert Olimp Gain Bolic 6000<sup>\u00ae<\/sup>? <\/strong><\/h2>\n<p>Suchen Sie nach einer Unterst\u00fctzung bei der Arbeit an Ihrer Traumfigur? Geben Sie kein Geld f\u00fcr nicht ausreichende Mittel aus! Setzen Sie auf eine bew\u00e4hrte L\u00f6sung, die tats\u00e4chliche Wirkungen garantiert. W\u00e4hlen Sie <strong>Olimp Gain Bolic 6000<sup>\u00ae<\/sup><\/strong><strong>!<\/strong> Das ist ein Nahrungserg\u00e4nzungsmittel, das vor allem:<\/p>\n<ul>\n<li>auf die Erg\u00e4nzung der t\u00e4glichen Ern\u00e4hrung mit hochwertigen Proteinen und Kohlenhydraten, Aminos\u00e4uren (einschlie\u00dflich BCAA), Kreatin und Taurin ausgerichtet ist<\/li>\n<li>eine einfache und bequeme Methode ist, gesunde und vollwertige Kalorien zuzuf\u00fchren<\/li>\n<li>dabei hilft, gute Bedingungen f\u00fcr den Aufbau der Muskelmasse dank Protein zu schaffen<\/li>\n<li>eine ausgezeichnete Erg\u00e4nzung einer ausgewogenen Ern\u00e4hrung von Profi- und k\u00f6rperlich aktiven Amateursportlern ist<\/li>\n<\/ul>\n<h2><strong>Wie kann man Olimp Gain Bolic 6000<sup>\u00ae<\/sup> anwenden? <\/strong><\/h2>\n<p>Das Protein-Kohlenhydrat-Nahrungserg\u00e4nzungsmittel <strong>Olimp Gain Bolic 6000<sup>\u00ae<\/sup><\/strong>\u00a0wurde f\u00fcr Erwachsene, Profi- und Amateursportler entwickelt. Es empfiehlt sich das Pr\u00e4parat in der Menge von 1 bis zu 3 Portionen t\u00e4glich zwischen den Mahlzeiten und an Trainingstagen ca. 1 Stunde vor und nach der geplanten k\u00f6rperlichen Anstrengung anzuwenden. Jede Portion in 175 ml kaltem Wasser aufl\u00f6sen.<\/p>\n<p>Das Nahrungserg\u00e4nzungsmittel ist in drei sensationellen Geschmacksrichtungen erh\u00e4ltlich (Schokolade, Erdbeere, Vanille) und sein Preis h\u00e4ngt von der Verpackungsgr\u00f6\u00dfe ab:<\/p>\n<ul>\n<li>1000 g (Folie)<\/li>\n<li>3500 g (Beh\u00e4lter)<\/li>\n<li>6800 g (Beutel)<\/li>\n<\/ul>\n","protected":false},"excerpt":{"rendered":"<div>\n<div class=\"hidden xl:block mt-8 leading-[1.125rem] product-description prose text-sm xl:max-w-[438px]\">\n<ul>\n<li>Auf die Erg\u00e4nzung der t\u00e4glichen Ern\u00e4hrung mit hochwertigen Proteinen und Kohlenhydraten, Aminos\u00e4uren (einschlie\u00dflich BCAA), Kreatin und Taurin ausgerichtet ist<\/li>\n<li>Eine einfache und bequeme Methode ist, gesunde und vollwertige Kalorien zuzuf\u00fchren<\/li>\n<li>Dabei hilft, gute Bedingungen f\u00fcr den Aufbau der Muskelmasse dank Protein zu schaffen<\/li>\n<li>Eine ausgezeichnete Erg\u00e4nzung einer ausgewogenen Ern\u00e4hrung von Profi- und k\u00f6rperlich aktiven Amateursportlern ist<\/li>\n<\/ul>\n<\/div>\n<\/div>\n","protected":false},"featured_media":4291,"comment_status":"open","ping_status":"closed","template":"","meta":[],"product_cat":[538],"product_tag":[],"class_list":["post-4290","product","type-product","status-publish","has-post-thumbnail","hentry","product_cat-mass-gainer"],"_links":{"self":[{"href":"https:\/\/bodynicesupplement.com\/fa\/wp-json\/wp\/v2\/product\/4290","targetHints":{"allow":["GET"]}}],"collection":[{"href":"https:\/\/bodynicesupplement.com\/fa\/wp-json\/wp\/v2\/product"}],"about":[{"href":"https:\/\/bodynicesupplement.com\/fa\/wp-json\/wp\/v2\/types\/product"}],"replies":[{"embeddable":true,"href":"https:\/\/bodynicesupplement.com\/fa\/wp-json\/wp\/v2\/comments?post=4290"}],"wp:featuredmedia":[{"embeddable":true,"href":"https:\/\/bodynicesupplement.com\/fa\/wp-json\/wp\/v2\/media\/4291"}],"wp:attachment":[{"href":"https:\/\/bodynicesupplement.com\/fa\/wp-json\/wp\/v2\/media?parent=4290"}],"wp:term":[{"taxonomy":"product_cat","embeddable":true,"href":"https:\/\/bodynicesupplement.com\/fa\/wp-json\/wp\/v2\/product_cat?post=4290"},{"taxonomy":"product_tag","embeddable":true,"href":"https:\/\/bodynicesupplement.com\/fa\/wp-json\/wp\/v2\/product_tag?post=4290"}],"curies":[{"name":"wp","href":"https:\/\/api.w.org\/{rel}","templated":true}]}}