{"id":4245,"date":"2025-11-30T12:37:41","date_gmt":"2025-11-30T12:37:41","guid":{"rendered":"https:\/\/bodynicesupplement.com\/?post_type=product&#038;p=4245"},"modified":"2025-11-30T12:37:41","modified_gmt":"2025-11-30T12:37:41","slug":"premium-amino-800g","status":"publish","type":"product","link":"https:\/\/bodynicesupplement.com\/fa\/produkt\/premium-amino-800g\/","title":{"rendered":"Premium Amino 800g"},"content":{"rendered":"<p><span class=\"metafield-multi_line_text_field\">Unser hochwertiges Premium Amino Intra Workout Pulver wurde speziell f\u00fcr den Verzehr w\u00e4hrend des Sports konzipiert und enth\u00e4lt alles, was man w\u00e4hrend einer intensiven Trainingseinheit ben\u00f6tigt. Neben allen neun essentiellen Aminos\u00e4uren (Essential Amino Acids; EAA), liefert unser Premium Amino au\u00dferdem freies L-Glutamin, komplexe Kohlenhydrate in Form von Maltodextrinen und wichtige Elektrolyte.<\/p>\n<p>\u2022 Vollst\u00e4ndige Intra Workout Formulierung<br \/>\n\u2022 Mit allen 9 essentiellen Aminos\u00e4uren<br \/>\n\u2022 Maltodextrine als Energiequelle f\u00fcr die Trainingseinheit<br \/>\n\u2022 Liefert pro Portion 1,5 g L-Glutamin und wichtige Elektrolyte<\/span><\/p>\n<p>Zutaten: 23% Essentielle Aminos\u00e4urenmischung (7,5% L-Leucin, 3,75% L-Isoleucin, 3,75% L-Valin, L-Lysinhydrochlorid, L-Phenylalanin, L-Threonin, L-Tryptophan, L-Histidin, L-Methionin), 22% Mais-Maltodextrin, 19,6% Kartoffel-Maltodextrin, 19,4% Wachsmais-Maltodextrin, S\u00e4uerungsmittel: Citronens\u00e4ure; 3,75% L-Glutamin, S\u00e4ureregulator: Dikaliumphosphat; Calciumcarbonat, Magnesiumcarbonat, Aroma, Natriumchlorid, Farbstoff: Betenrot; Emulgator: Lecithine; S\u00fc\u00dfungsmittel: Acesulfam-K, Sucralose, Steviolglycoside aus Stevia.<\/p>\n","protected":false},"excerpt":{"rendered":"<p>Intra-Workout Formel mit essentiellen Aminos\u00e4uren, energieliefernden Kohlenhydraten, L-Glutamin und wichtigen Elektrolyten<\/p>\n","protected":false},"featured_media":4249,"comment_status":"open","ping_status":"closed","template":"","meta":[],"product_cat":[144],"product_tag":[],"class_list":["post-4245","product","type-product","status-publish","has-post-thumbnail","hentry","product_cat-amino"],"_links":{"self":[{"href":"https:\/\/bodynicesupplement.com\/fa\/wp-json\/wp\/v2\/product\/4245","targetHints":{"allow":["GET"]}}],"collection":[{"href":"https:\/\/bodynicesupplement.com\/fa\/wp-json\/wp\/v2\/product"}],"about":[{"href":"https:\/\/bodynicesupplement.com\/fa\/wp-json\/wp\/v2\/types\/product"}],"replies":[{"embeddable":true,"href":"https:\/\/bodynicesupplement.com\/fa\/wp-json\/wp\/v2\/comments?post=4245"}],"wp:featuredmedia":[{"embeddable":true,"href":"https:\/\/bodynicesupplement.com\/fa\/wp-json\/wp\/v2\/media\/4249"}],"wp:attachment":[{"href":"https:\/\/bodynicesupplement.com\/fa\/wp-json\/wp\/v2\/media?parent=4245"}],"wp:term":[{"taxonomy":"product_cat","embeddable":true,"href":"https:\/\/bodynicesupplement.com\/fa\/wp-json\/wp\/v2\/product_cat?post=4245"},{"taxonomy":"product_tag","embeddable":true,"href":"https:\/\/bodynicesupplement.com\/fa\/wp-json\/wp\/v2\/product_tag?post=4245"}],"curies":[{"name":"wp","href":"https:\/\/api.w.org\/{rel}","templated":true}]}}