{"id":4224,"date":"2025-11-30T12:09:54","date_gmt":"2025-11-30T12:09:54","guid":{"rendered":"https:\/\/bodynicesupplement.com\/?post_type=product&#038;p=4224"},"modified":"2026-03-30T18:42:44","modified_gmt":"2026-03-30T18:42:44","slug":"micronised-creatine317g","status":"publish","type":"product","link":"https:\/\/bodynicesupplement.com\/fa\/produkt\/micronised-creatine317g\/","title":{"rendered":"Micronised Creatine317g"},"content":{"rendered":"<p>Kreatin ist eine nat\u00fcrlich vorkommende Verbindung, die in den Muskeln gespeichert wird und dabei hilft, Energie f\u00fcr hochintensive sportliche Aktivit\u00e4ten von kurzer Dauer zu regenerieren*. ON Micronized Creatine Powder verwendet mikronisiertes Kreatin, bei dem die Partikelgr\u00f6\u00dfe f\u00fcr eine verbesserte Mischbarkeit reduziert wird, und um sicherzustellen, dass es l\u00e4nger in der Fl\u00fcssigkeit gel\u00f6st bleibt. Das bedeutet ein geschmeidigeres, einfacher zu mischendes Nahrungserg\u00e4nzungsmittel, das gut vermischt bleibt und schnell aufgenommen wird, um die Leistung bei intensiven Trainingseinheiten zu verbessern. Jede Portion mikronisiertes Kreatinpulver enth\u00e4lt 3,4\u00a0Gramm reines Kreatinmonohydrat (eine gut erforschte Form, von der bekannt ist, dass sie die k\u00f6rperliche Leistung w\u00e4hrend aufeinanderfolgender, kurzzeitiger, hochintensiver \u00dcbungen steigert).<\/p>\n<h2>Leistungsvorteile:<\/h2>\n<ul>\n<li>Die regelm\u00e4\u00dfige Einnahme von Kreatinmonohydrat steigert die Muskelkraft bei kurzzeitigen, hochintensiven und wiederholten \u00dcbungen.<\/li>\n<li>Kreatin verbessert nachweislich die Leistung bei hochintensiven Trainingseinheiten, indem es die schnelle Produktion von Energie (ATP) in den Muskelzellen unterst\u00fctzt.<\/li>\n<li>Die mikronisierte Form l\u00e4sst sich leicht vermischen und hinterl\u00e4sst keinen k\u00f6rnigen Geschmack, sodass sie einfach in jede Routine integriert werden kann.<\/li>\n<li>Jetzt in drei leckeren Geschmacksrichtungen erh\u00e4ltlich &#8211; sowie geschmacksneutral f\u00fcr eine vielseitige Verwendung.<\/li>\n<\/ul>\n<h2>Produktanwendung:<\/h2>\n<ul>\n<li>Vor dem Training: Einen geh\u00e4uften Teel\u00f6ffel mit Wasser, Saft oder dem Lieblingsgetr\u00e4nk zur Steigerung der k\u00f6rperlichen Leistungsf\u00e4higkeit bei kurzzeitigen, hochintensiven \u00dcbungen* einnehmen.<\/li>\n<li>Nach dem Training: Die Einnahme von Kreatin nach dem Training kann helfen, die Kreatinspeicher der Muskeln zu erh\u00f6hen.<\/li>\n<li>T\u00e4gliche Nahrungserg\u00e4nzung: F\u00fcr optimale Ergebnisse wird eine t\u00e4gliche Einnahme von 3\u00a0Gramm Kreatin empfohlen, um einen erh\u00f6hten Kreatinspiegel in den Muskeln aufrechtzuerhalten.<\/li>\n<\/ul>\n<h2>Warum dieses Produkt?<\/h2>\n<p>Micronized Creatine Powder von Optimum Nutrition besteht aus Kreatinmonohydrat, einem weit verbreiteten Nahrungserg\u00e4nzungsmittel, das Kraft und Leistung unterst\u00fctzt*.<\/p>\n<p><small>*Kreatin erh\u00f6ht die k\u00f6rperliche Leistung bei Schnellkrafttraining im Rahmen kurzzeitiger intensiver k\u00f6rperlicher Bet\u00e4tigung.<\/small><\/p>\n<h2>Beschreibung<\/h2>\n<p>Nahrungserg\u00e4nzungsmittel-Pulver mit Kreatin-Monohydrat. Nahrungserg\u00e4nzungsmittel sind kein Ersatz f\u00fcr eine abwechslungsreiche Ern\u00e4hrung. Die angegebene empfohlene t\u00e4gliche Verzehrmenge darf nicht \u00fcberschritten werden. Au\u00dferhalb der Reichweite von Kindern aufbewahren.<\/p>\n<p><em>*Euromonitor International Limited; Consumer Health 2020 Edition, Kategorie Sportproteinpulver, % Daten zum Handelswertanteil 2019.<\/em><\/p>\n","protected":false},"excerpt":{"rendered":"<div class=\"product-info__block-item\" data-block-id=\"text_dkD7Tz\" data-block-type=\"text\">\n<div class=\"product-info__text\">\n<div class=\"prose\">\n<ul class=\"metafield-single_line_text_field-array\">\n<li class=\"metafield-single_line_text_field\">Verbessert Leistung und Muskelkraft bei hochintensivem Training<\/li>\n<li class=\"metafield-single_line_text_field\">Hergestellt aus 100 % reinem Kreatinmonohydrat<\/li>\n<li class=\"metafield-single_line_text_field\">3 g reines Kreatinmonohydrat pro Portion<\/li>\n<li class=\"metafield-single_line_text_field\">L\u00e4sst sich einfach vermischen, ohne k\u00f6rnigen Geschmack oder Textur<\/li>\n<li class=\"metafield-single_line_text_field\">Jetzt in drei leckeren Geschmacksrichtungen erh\u00e4ltlich &#8211; sowie geschmacksneutral f\u00fcr eine vielseitige Verwendung<\/li>\n<li class=\"metafield-single_line_text_field\">Einen Messl\u00f6ffel vor oder nach dem Training in das Lieblingsgetr\u00e4nk geben&amp;lt;\/p<\/li>\n<\/ul>\n<\/div>\n<\/div>\n<\/div>\n","protected":false},"featured_media":4229,"comment_status":"open","ping_status":"closed","template":"","meta":[],"product_cat":[145],"product_tag":[],"class_list":["post-4224","product","type-product","status-publish","has-post-thumbnail","hentry","product_cat-kreatin"],"_links":{"self":[{"href":"https:\/\/bodynicesupplement.com\/fa\/wp-json\/wp\/v2\/product\/4224","targetHints":{"allow":["GET"]}}],"collection":[{"href":"https:\/\/bodynicesupplement.com\/fa\/wp-json\/wp\/v2\/product"}],"about":[{"href":"https:\/\/bodynicesupplement.com\/fa\/wp-json\/wp\/v2\/types\/product"}],"replies":[{"embeddable":true,"href":"https:\/\/bodynicesupplement.com\/fa\/wp-json\/wp\/v2\/comments?post=4224"}],"wp:featuredmedia":[{"embeddable":true,"href":"https:\/\/bodynicesupplement.com\/fa\/wp-json\/wp\/v2\/media\/4229"}],"wp:attachment":[{"href":"https:\/\/bodynicesupplement.com\/fa\/wp-json\/wp\/v2\/media?parent=4224"}],"wp:term":[{"taxonomy":"product_cat","embeddable":true,"href":"https:\/\/bodynicesupplement.com\/fa\/wp-json\/wp\/v2\/product_cat?post=4224"},{"taxonomy":"product_tag","embeddable":true,"href":"https:\/\/bodynicesupplement.com\/fa\/wp-json\/wp\/v2\/product_tag?post=4224"}],"curies":[{"name":"wp","href":"https:\/\/api.w.org\/{rel}","templated":true}]}}