{"id":4199,"date":"2025-11-25T19:38:05","date_gmt":"2025-11-25T19:38:05","guid":{"rendered":"https:\/\/bodynicesupplement.com\/?post_type=product&#038;p=4199"},"modified":"2025-11-25T19:38:05","modified_gmt":"2025-11-25T19:38:05","slug":"tribulus-maximus-90-kapseln","status":"publish","type":"product","link":"https:\/\/bodynicesupplement.com\/fa\/produkt\/tribulus-maximus-90-kapseln\/","title":{"rendered":"Tribulus Maximus &#8211; 90 Kapseln"},"content":{"rendered":"<p>Tribulus Maximus sind Tribulus Terrestris-Tabletten, die f\u00fcr m\u00e4nnliche Athleten empfohlen werden, die hart trainieren und zus\u00e4tzliche Unterst\u00fctzung erhalten m\u00f6chten, um ihre sportlichen Ziele zu erreichen. Tribulus Maximus ist steroidfrei. Wie alle Produkte von BioTech USA besteht es aus sicheren und sorgf\u00e4ltig ausgew\u00e4hlten<\/p>\n<table>\n<tbody>\n<tr>\n<td colspan=\"2\" width=\"100%\">Tagedosis: 1 Tablette \/ Portionen pro Verpackung: 120<\/td>\n<\/tr>\n<tr>\n<td width=\"70%\"><strong>Wirkstoffgehalt<\/strong><\/td>\n<td width=\"30%\"><strong>in 1 Tablette<\/strong><\/td>\n<\/tr>\n<tr>\n<td width=\"70%\"><strong>Tribulus terrestris Extrakt<\/strong><\/td>\n<td width=\"30%\">1500 mg<\/td>\n<\/tr>\n<tr>\n<td width=\"70%\">&#8211; davon Saponine<\/td>\n<td width=\"30%\">360 mg<\/p>\n<div class=\"product-description-text__b accordion--closed\">\n<p>Nehmen Sie 1 Tablette t\u00e4glich mit Fl\u00fcssigkeit ein.<\/p>\n<p><strong>HINWEISE:<\/strong> Der Verzehr dieses Produkts ist kein Ersatz f\u00fcr eine abwechslungsreiche und ausgewogene Ern\u00e4hrung und eine gesunde Lebensweise.<\/p>\n<\/div>\n<\/td>\n<\/tr>\n<\/tbody>\n<\/table>\n<p>Inhaltsstoffen.<\/p>\n<p>Tribulus terrestris-Extrakt mit 79% Saponingehalt, Emulgator (Dicalciumphosphat), Antibackmittel (mikrokristalline Cellulose, Magnesiumsalze von Fetts\u00e4uren).<br \/>\nLAGERUNG: An einem k\u00fchlen, trockenen Ort dicht verschlossen lagern. Entfernen Sie nach dem \u00d6ffnen nicht den Silica-Beutel.<\/p>\n","protected":false},"excerpt":{"rendered":"<p>Tribulus terrestris Tabletten mit einem hohen Gehalt an Saponinen.<\/p>\n","protected":false},"featured_media":4200,"comment_status":"open","ping_status":"closed","template":"","meta":[],"product_cat":[539],"product_tag":[],"class_list":["post-4199","product","type-product","status-publish","has-post-thumbnail","hentry","product_cat-booster-2"],"_links":{"self":[{"href":"https:\/\/bodynicesupplement.com\/fa\/wp-json\/wp\/v2\/product\/4199","targetHints":{"allow":["GET"]}}],"collection":[{"href":"https:\/\/bodynicesupplement.com\/fa\/wp-json\/wp\/v2\/product"}],"about":[{"href":"https:\/\/bodynicesupplement.com\/fa\/wp-json\/wp\/v2\/types\/product"}],"replies":[{"embeddable":true,"href":"https:\/\/bodynicesupplement.com\/fa\/wp-json\/wp\/v2\/comments?post=4199"}],"wp:featuredmedia":[{"embeddable":true,"href":"https:\/\/bodynicesupplement.com\/fa\/wp-json\/wp\/v2\/media\/4200"}],"wp:attachment":[{"href":"https:\/\/bodynicesupplement.com\/fa\/wp-json\/wp\/v2\/media?parent=4199"}],"wp:term":[{"taxonomy":"product_cat","embeddable":true,"href":"https:\/\/bodynicesupplement.com\/fa\/wp-json\/wp\/v2\/product_cat?post=4199"},{"taxonomy":"product_tag","embeddable":true,"href":"https:\/\/bodynicesupplement.com\/fa\/wp-json\/wp\/v2\/product_tag?post=4199"}],"curies":[{"name":"wp","href":"https:\/\/api.w.org\/{rel}","templated":true}]}}