{"id":4052,"date":"2025-11-25T18:55:16","date_gmt":"2025-11-25T18:55:16","guid":{"rendered":"https:\/\/bodynicesupplement.com\/?post_type=product&#038;p=4052"},"modified":"2026-02-26T09:47:50","modified_gmt":"2026-02-26T09:47:50","slug":"nutrend-multivitamin-compressed-60-kapseln","status":"publish","type":"product","link":"https:\/\/bodynicesupplement.com\/fa\/produkt\/nutrend-multivitamin-compressed-60-kapseln\/","title":{"rendered":"Nutrend Multivitamin Compressed (60 Kapseln)"},"content":{"rendered":"<p>ULTIVITAMIN COMPRESSED CAPS ist ein extrem gehaltvolles Produkt, das ein breites Spektrum an Vitaminen, Pflanzenextrakten und bioaktivem Kolostrum in einem idealen Verh\u00e4ltnis enth\u00e4lt. Gelatinekapseln sind eine gut l\u00f6sliche und aktive Mischung und k\u00f6nnen aufgrund ihrer Kapselform zu jedem Zeitpunkt des Tages genau dosiert werden. MULTIVITAMIN COMPRESSED CAPS eignet sich als Erg\u00e4nzung zu einer ausgewogenen Ern\u00e4hrung f\u00fcr alle Menschen, auch f\u00fcr Sportler<\/p>\n<ul>\n<li>Vitamine A, B1, B2, B3, B5, B6, B12, C, D, E<\/li>\n<li>Kolostrum<\/li>\n<li>Alpha-Lipons\u00e4ure<\/li>\n<li>Gr\u00fcner Tee-Extrakt<\/li>\n<\/ul>\n<p class=\"desc_direction_title mt-md-5 mt-xl-0 mt-5\"><strong>DOSIERUNG<\/strong> (1 St\u00fcck = 1 Kapsel)<\/p>\n<p class=\"desc_direction\">Schlucken Sie die Kapsel entsprechend der empfohlenen Dosierung und sp\u00fclen Sie sie mit einer ausreichenden Menge Wasser herunter. Milch und alkoholische Getr\u00e4nke sind nicht geeignet. Kauen Sie die Kapseln nicht!<\/p>\n<p class=\"desc_storage_title\"><strong>LAGERUNG<\/strong><\/p>\n<p class=\"desc_storage\">An einem k\u00fchlen, trockenen Ort aufbewahren und f\u00fcr Kinder unzug\u00e4nglich aufbewahr<\/p>\n","protected":false},"excerpt":{"rendered":"<p><b>UNTERST\u00dcTZUNG UND HARMONISIERUNG DES IMMUNSYSTEMS<\/b><br \/>\nMULTIVITAMIN COMPRESSED CAPS ist ein \u00e4u\u00dferst gehaltvolles Produkt, das ein breites Spektrum an Vitaminen enth\u00e4lt.<\/p>\n","protected":false},"featured_media":4053,"comment_status":"open","ping_status":"closed","template":"","meta":[],"product_cat":[147],"product_tag":[],"class_list":["post-4052","product","type-product","status-publish","has-post-thumbnail","hentry","product_cat-vitamin"],"_links":{"self":[{"href":"https:\/\/bodynicesupplement.com\/fa\/wp-json\/wp\/v2\/product\/4052","targetHints":{"allow":["GET"]}}],"collection":[{"href":"https:\/\/bodynicesupplement.com\/fa\/wp-json\/wp\/v2\/product"}],"about":[{"href":"https:\/\/bodynicesupplement.com\/fa\/wp-json\/wp\/v2\/types\/product"}],"replies":[{"embeddable":true,"href":"https:\/\/bodynicesupplement.com\/fa\/wp-json\/wp\/v2\/comments?post=4052"}],"wp:featuredmedia":[{"embeddable":true,"href":"https:\/\/bodynicesupplement.com\/fa\/wp-json\/wp\/v2\/media\/4053"}],"wp:attachment":[{"href":"https:\/\/bodynicesupplement.com\/fa\/wp-json\/wp\/v2\/media?parent=4052"}],"wp:term":[{"taxonomy":"product_cat","embeddable":true,"href":"https:\/\/bodynicesupplement.com\/fa\/wp-json\/wp\/v2\/product_cat?post=4052"},{"taxonomy":"product_tag","embeddable":true,"href":"https:\/\/bodynicesupplement.com\/fa\/wp-json\/wp\/v2\/product_tag?post=4052"}],"curies":[{"name":"wp","href":"https:\/\/api.w.org\/{rel}","templated":true}]}}