{"id":3997,"date":"2025-11-25T18:47:59","date_gmt":"2025-11-25T18:47:59","guid":{"rendered":"https:\/\/bodynicesupplement.com\/?post_type=product&#038;p=3997"},"modified":"2025-11-28T15:18:56","modified_gmt":"2025-11-28T15:18:56","slug":"olimp-l-glutamine-xplode","status":"publish","type":"product","link":"https:\/\/bodynicesupplement.com\/fa\/produkt\/olimp-l-glutamine-xplode\/","title":{"rendered":"Olimp L-Glutamine Xplode"},"content":{"rendered":"<div class=\"flex flex-col\">\n<div class=\"prose mb-3.5 whitespace-normal text-s\">Regeneriert und st\u00e4rkt die Muskeln nach dem Training.<\/div>\n<div class=\"prose mb-3.5 whitespace-normal text-s\"><strong>Nahrungserg\u00e4nzungsmittel sind kein Ersatz f\u00fcr eine ausgewogene und abwechslungsreiche Ern\u00e4hrung und eine gesunde Lebensweise.<\/strong>Weitere Produktinformationen<\/div>\n<\/div>\n<div class=\"accordion-stack\">\n<div class=\"accordion\">\n<div class=\"accordion-summary accordion-summary_expanded\" tabindex=\"0\" role=\"button\" aria-expanded=\"true\">\n<div class=\"accordion-summary__expand-icon-wrapper accordion-summary__expand-icon-wrapper_expanded\"><\/div>\n<\/div>\n<\/div>\n<\/div>\n<div class=\"accordion__transition\">\n<div class=\"accordion-details\">\n<div class=\"relative max-h-[320px] overflow-hidden\">\n<div class=\"prose mb-3.5 whitespace-normal text-s last:mb-0\">\n<p><strong>Olimp L-Glutamine Xplode &#8211; 500g Pulver<\/strong> &#8211; 4&#8230;3&#8230;2&#8230;1&#8230;0 XPLODE!!!<\/p>\n<p>GLUTAMINE Xplode AUSGEZEICHNETE FORMEL, HERVORRAGENDER GESCHMACK!!!<\/p>\n<p>H\u00f6chste Zeit sich von der Wirkungsweise von GLUTAMINE XPLODE mit der innovativen VIT-A-MIN SuperCharge-Formel in 3 Geschmacksrichtungen &#8211; Ananas, Zitrone und Orange &#8211; zu \u00fcberzeugen!<\/p>\n<p>SO WOHLSCHMECKENDES GLUTAMIN HABEN SIE NOCH NIE GETRUNKEN!<\/p>\n<p>Sie bekommen eine hohe Dosis L-Glutamin und L-Leucin.<\/p>\n<p>L-Zystein sowie Selen unter der Teilnahme von Vitamin C vereinen sich ebenfalls in diesem Produkt.<\/p>\n<p>VIT-A-MIN SuperCharge = VIT-Amine + A-MINos\u00e4ure + MINerale<\/p>\n<p>GLUTAMINE XPLODE &#8211; MEHR ALS NUR GLUTAMIN!!<\/p>\n<p><strong>Varianten &#8211; Olimp L-Glutamine Xplode &#8211; 500g Pulver<\/strong><\/p>\n<p>&nbsp;<\/p>\n<ul>\n<li>Ananas<\/li>\n<li>Zitrone<\/li>\n<li>Orange<\/li>\n<\/ul>\n<\/div>\n<h3 class=\"mb-2.5 text-m font-medium\">Anwendung:<\/h3>\n<div class=\"prose mb-3.5 whitespace-normal text-s last:mb-0\">\n<p>Einmal t\u00e4glich 1 Portion (10 g Pulver = Messl\u00f6ffel) in 200 ml Wasser geben \u2013 vor dem Fr\u00fchst\u00fcck oder nach dem Training oder vor dem Schlafengehen.<\/p>\n<p>Direkt nach der Zubereitung verzehren.<\/p>\n<\/div>\n<h3 class=\"mb-2.5 text-m font-medium\">Zutaten:<\/h3>\n<div class=\"prose mb-3.5 whitespace-normal text-s last:mb-0\">55 % L-Glutamin, 15 % L-Leucin, Verdickungsmittel \u2013 Gummi arabicum, Xanthangummi, Natriumcarboxymethylcellulose; S\u00e4ureregulatoren &#8211; Zitronens\u00e4ure, Natriumcitrat; Aromen; 2,5 % Cystin, 0,9 % mikroverkapselte L-Ascorbins\u00e4ure (PureWay-C\u00ae) &#8211; vit. C, S\u00fc\u00dfungsmittel &#8211; Acesulfam K, Sucralose, Cyclamate; 0,2 % Nicotinamid &#8211; Niacin, 0,1 % Natriumselenit, Citrus-Bioflavonoide, 0,03 % Cyanocobalamin &#8211; B12, 0,02 % Pyridoxinhydrochlorid &#8211; Vit. B6, 0,002 % Pteroylmonoglutamins\u00e4ure &#8211; Fols\u00e4ure, Farbstoff: Riboflavin (f\u00fcr Zitronengeschmack), Beta-Carotin, Karmin, Riboflavin (f\u00fcr Orangengeschmack).<\/div>\n<h3 class=\"mb-2.5 text-m font-medium\">N\u00e4hrwertangaben:<\/h3>\n<div class=\"prose mb-3.5 whitespace-normal text-s last:mb-0\">\n<table>\n<tbody>\n<tr>\n<td>N\u00e4hrwert<\/td>\n<td>1 Portion (10g)<\/td>\n<td>2 Portionen (20g)<\/td>\n<td>pro 100gr<\/td>\n<\/tr>\n<tr>\n<td>Energie<\/td>\n<td>38,7 kcal\/ 162,2 kJ<\/td>\n<td>77,5 kcal\/ 324,4 kJ<\/td>\n<td>387,4 kcal\/ 1622 kJ<\/td>\n<\/tr>\n<tr>\n<td>Fett<\/p>\n<p>davon ges\u00e4ttigte Fetts\u00e4uren<\/td>\n<td>&lt; 0,01 g<\/p>\n<p>&lt; 0,01 g<\/td>\n<td>&lt; 0,01 g<\/p>\n<p>&lt; 0,01 g<\/td>\n<td>&lt; 0,01 g<\/p>\n<p>&lt; 0,01 g<\/td>\n<\/tr>\n<tr>\n<td>Kohlenhydrate<\/p>\n<p>davon Zucker<\/td>\n<td>0,5 g<\/p>\n<p>0,5 g<\/td>\n<td>1 g<\/p>\n<p>1 g<\/td>\n<td>5,1g<\/p>\n<p>5,1g<\/td>\n<\/tr>\n<tr>\n<td>Protein<\/td>\n<td>7,9 gr<\/td>\n<td>15,9 gr<\/td>\n<td>79,4 gr<\/td>\n<\/tr>\n<tr>\n<td>Salz<\/td>\n<td>0,28 gr<\/td>\n<td>0,55 gr<\/td>\n<td>2,75 gr<\/td>\n<\/tr>\n<tr>\n<td>Vit.C (PureWay-C\u00ae)<\/td>\n<td>80mg (*100%)<\/td>\n<td>160mg (*200%)<\/td>\n<td>800mg (*1000%)<\/td>\n<\/tr>\n<tr>\n<td>Niacin<\/td>\n<td>16mg (*100%)<\/td>\n<td>32mg (*200%)<\/td>\n<td>160mg (*1000%)<\/td>\n<\/tr>\n<tr>\n<td>Selen<\/td>\n<td>55 \u00b5g (*100%)<\/td>\n<td>110 \u00b5g (*200%)<\/td>\n<td>550 \u00b5g (*1000%)<\/td>\n<\/tr>\n<tr>\n<td>Vit. B6<\/td>\n<td>1,4mg (*100%)<\/td>\n<td>2,8mg (*200%)<\/td>\n<td>14mg (*1000%)<\/td>\n<\/tr>\n<tr>\n<td>Fols\u00e4ure<\/td>\n<td>200 \u00b5g (*100%)<\/td>\n<td>400 \u00b5g (*200%)<\/td>\n<td>2000 \u00b5g (*1000%)<\/td>\n<\/tr>\n<tr>\n<td>Vit. B12<\/td>\n<td>2,5 \u00b5g (*100%)<\/td>\n<td>5 \u00b5g (*200%)<\/td>\n<td>25 \u00b5g (*1000%)<\/td>\n<\/tr>\n<tr>\n<td>L-Glutamin<\/td>\n<td>5,5 gr<\/td>\n<td>11 gr<\/td>\n<td>55 gr<\/td>\n<\/tr>\n<tr>\n<td>L-Leucin<\/td>\n<td>1,5 gr<\/td>\n<td>3 gr<\/td>\n<td>15 gr<\/td>\n<\/tr>\n<tr>\n<td>Cystin<\/td>\n<td>0,25 gr<\/td>\n<td>0,5 gr<\/td>\n<td>2,5 gr<\/td>\n<\/tr>\n<\/tbody>\n<\/table>\n<p>*%RDA &#8211; empfohlene Tagesdosis<\/p>\n<\/div>\n<h3 class=\"mb-2.5 text-m font-medium\">Verzehrempfehlung:<\/h3>\n<div class=\"prose mb-3.5 whitespace-normal text-s last:mb-0\">\n<p>Einmal t\u00e4glich 1 Portion (10 g Pulver = Messl\u00f6ffel) in 200 ml Wasser geben \u2013 vor dem Fr\u00fchst\u00fcck oder nach dem Training oder vor dem Schlafengehen.<\/p>\n<p>Direkt nach der Zubereitung verzehren.<\/p>\n<p><strong>Hinweis zu Nahrungserg\u00e4nzungen<\/strong><\/p>\n<p>Die angegebene empfohlene, t\u00e4gliche Verzehrmenge darf nicht \u00fcberschritten werden. Nahrungserg\u00e4nzungsmittel sind kein Ersatz f\u00fcr eine ausgewogene und abwechslungsreiche Ern\u00e4hrung und eine gesunde Lebensweise. Au\u00dferhalb der Reichweite kleiner Kinder aufbewahren. F\u00fcr Kinder nicht geeignet.<\/p>\n<\/div>\n<h3 class=\"mb-2.5 text-m font-medium\">Aufbewahrungs- &amp; Verwendungshinweis:<\/h3>\n<div class=\"prose mb-3.5 whitespace-normal text-s last:mb-0\">Das Produkt fest verschlossen, k\u00fchl und trocken lagern. Vor direkter Sonneneinstrahlung und Frost sch\u00fctzen.<\/div>\n<h3 class=\"mb-2.5 text-m font-medium\">Nettof\u00fcllmenge:<\/h3>\n<div class=\"prose mb-3.5 whitespace-normal text-s last:mb-0\">0,5kg<\/div>\n<h3 class=\"mb-2.5 text-m font-medium\">Herstellerdaten:<\/h3>\n<div class=\"prose mb-3.5 whitespace-normal text-s last:mb-0\">Olimp Laboratories GmbH, Zweigniederlassung der OLIMP LABORATORIES Sp.z.o.o., G\u00fcterbahnhofstrasse 3-7, 63450 Hanau, Deutschland<\/div>\n<div class=\"absolute bottom-0 w-full\">\n<div class=\"bg-light-primary-low pt-3.5 text-center\"><\/div>\n<\/div>\n<\/div>\n<\/div>\n<\/div>\n<h3 class=\"mt-5 text-s font-medium\">Hersteller<\/h3>\n<div class=\"prose mb-3.5 whitespace-normal text-s not-prose\">Olimp Laboratories GmbH, Zweigniederlassung der OLIMP LABORATORIES Sp.z.o.o., G\u00fcterbahnhofstrasse 3-7, 63450 Hanau, Deutschland<\/div>\n","protected":false},"excerpt":{"rendered":"<p>Regeneriert und st\u00e4rkt die Muskeln nach dem Training. Nahrungserg\u00e4nzungsmittel sind kein Ersatz f\u00fcr eine ausgewogene und abwechslungsreiche Ern\u00e4hrung und eine gesunde Lebensweise.Weitere Produktinformationen Olimp L-Glutamine Xplode &#8211; 500g Pulver &#8211; 4&#8230;3&#8230;2&#8230;1&#8230;0 XPLODE!!! GLUTAMINE Xplode AUSGEZEICHNETE FORMEL, HERVORRAGENDER GESCHMACK!!! H\u00f6chste Zeit sich von der Wirkungsweise von GLUTAMINE XPLODE mit der innovativen VIT-A-MIN SuperCharge-Formel in 3 Geschmacksrichtungen [&#8230;]\n","protected":false},"featured_media":4001,"comment_status":"open","ping_status":"closed","template":"","meta":[],"product_cat":[144],"product_tag":[],"class_list":["post-3997","product","type-product","status-publish","has-post-thumbnail","hentry","product_cat-amino"],"_links":{"self":[{"href":"https:\/\/bodynicesupplement.com\/fa\/wp-json\/wp\/v2\/product\/3997","targetHints":{"allow":["GET"]}}],"collection":[{"href":"https:\/\/bodynicesupplement.com\/fa\/wp-json\/wp\/v2\/product"}],"about":[{"href":"https:\/\/bodynicesupplement.com\/fa\/wp-json\/wp\/v2\/types\/product"}],"replies":[{"embeddable":true,"href":"https:\/\/bodynicesupplement.com\/fa\/wp-json\/wp\/v2\/comments?post=3997"}],"wp:featuredmedia":[{"embeddable":true,"href":"https:\/\/bodynicesupplement.com\/fa\/wp-json\/wp\/v2\/media\/4001"}],"wp:attachment":[{"href":"https:\/\/bodynicesupplement.com\/fa\/wp-json\/wp\/v2\/media?parent=3997"}],"wp:term":[{"taxonomy":"product_cat","embeddable":true,"href":"https:\/\/bodynicesupplement.com\/fa\/wp-json\/wp\/v2\/product_cat?post=3997"},{"taxonomy":"product_tag","embeddable":true,"href":"https:\/\/bodynicesupplement.com\/fa\/wp-json\/wp\/v2\/product_tag?post=3997"}],"curies":[{"name":"wp","href":"https:\/\/api.w.org\/{rel}","templated":true}]}}