{"id":3993,"date":"2025-11-25T18:46:33","date_gmt":"2025-11-25T18:46:33","guid":{"rendered":"https:\/\/bodynicesupplement.com\/?post_type=product&#038;p=3993"},"modified":"2025-11-28T15:19:18","modified_gmt":"2025-11-28T15:19:18","slug":"olimp-sport-nutrition-xplode-powder-nahrungsergaenzungsmittel-eaa-aminosaeuren-520-g-orangengeschmack","status":"publish","type":"product","link":"https:\/\/bodynicesupplement.com\/fa\/produkt\/olimp-sport-nutrition-xplode-powder-nahrungsergaenzungsmittel-eaa-aminosaeuren-520-g-orangengeschmack\/","title":{"rendered":"Olimp Sport Nutrition &#8211; Xplode Powder &#8211; Nahrungserg\u00e4nzungsmittel &#8211; EAA-Aminos\u00e4uren 520 g &#8211; Orangengeschmack"},"content":{"rendered":"<p>EAA-Aminos\u00e4urekomplex mit Orangengeschmack, hergestellt von Olimp Sport Nutrition. Er ist f\u00fcr Erwachsene bestimmt, die k\u00f6rperlich aktiv sind oder Muskelmasse aufbauen. Er l\u00f6st sich gut in Wasser auf und wird schnell vom K\u00f6rper aufgenommen.<\/p>\n<p>Der Hauptvorteil der EAA-Aminos\u00e4uren liegt in ihrer aufbauenden Funktion; sie haben eine besondere Wirkung auf den Anabolismus und die Muskelproteinsynthese. Die Einnahme von EAA zielt auch auf den Schutz der Muskeln ab (antikatabole Wirkung). Die Einnahme von Aminos\u00e4uren wird besonders f\u00fcr Personen empfohlen, die auf n\u00fcchternen Magen Aerobic betreiben.<\/p>\n<p>Empfohlene Tagesdosis: 1 Portion (13 g Pulver &#8211; 30 Einheiten = 1 Messl\u00f6ffel oder 2 flache Essl\u00f6ffel) in 150 ml Wasser aufl\u00f6sen und sofort nach der Zubereitung verzehren. 2 mal t\u00e4glich einnehmen &#8211; vor den Mahlzeiten oder dem Training und nach dem Training. Die empfohlene Tagesdosis darf nicht \u00fcberschritten werden. Das Nahrungserg\u00e4nzungsmittel darf nicht als Ersatz f\u00fcr eine abwechslungsreiche Ern\u00e4hrung verwendet werden. Eine ausgewogene Ern\u00e4hrung und eine gesunde Lebensweise werden empfohlen.<\/p>\n<p>Zusammensetzung: 74,5% Aminos\u00e4uren [L-Leucin, L-Lysinhydrochlorid, L-Valin, L-Isoleucin, L-Glutamin, L-Threonin, L-Phenylalanin, L-Histidinhydrochlorid, L-Tyrosin, L-Methionin, L-Alanin, L-Tryptophan, Cystin (als Quelle von L-Cystein)], Verdickungsmittel &#8211; Gummiarabikum; S\u00e4ureregulatoren &#8211; Zitronens\u00e4ure, Natriumcitrate; Aromen, S\u00e4ureregulator &#8211; Apfels\u00e4ure; S\u00fc\u00dfstoffe &#8211; Acesulfam K, Sucralose; 0,04% Nikotins\u00e4ureamid &#8211; Niacin, 0,005% Pyridoxinhydrochlorid &#8211; Vit. B6, Verdickungsmittel &#8211; Xanthangummi, Natriumcarboxymethylcellulose; Farbstoffe &#8211; Carotine (A), Cochenille (B), Riboflavin (C), E 150c (D), E 150d (E), E 133 (F), Patentblau V (G), Indigocarmin (H), Chlorophylle und Chlorophylline (I), Curcumin (J), Anthocyane (K), Paprikaextrakt (L), Betanin (M), Pflanzenkohle (N). (A)-(Z) &#8211; Je nach Geschmacksrichtung des Produkts wird das Symbol (A-Z) der verwendeten Zutat neben dem Mindesthaltbarkeitsdatum angegeben.<\/p>\n<p>N\u00e4hrwert des Produkts pro 100 g:<\/p>\n<p>&#8211; Energiewert 1656 kJ\/390 kcal,<br \/>\n&#8211; Fett 0,5 g, davon ges\u00e4ttigte Fetts\u00e4uren 0,1 g,<br \/>\n&#8211; Kohlenhydrate 0,5 g, davon Zucker 0,5 g,<br \/>\n&#8211; Eiwei\u00df 60 g,<br \/>\n&#8211; Salz 1,9 g,<br \/>\n&#8211; Niacin 36,9 mg,<br \/>\n&#8211; Vitamin B6 3,8 mg<br \/>\n&#8211; Aminos\u00e4uren insgesamt 72078 mg.<\/p>\n<h2>1 Portion &#8211; 13 g enth\u00e4lt 9370 mg Aminos\u00e4uren.<\/h2>\n<p>Technische Daten<br \/>\nGeschmacksrichtung: Orange<br \/>\nNettogewicht: 520 g<br \/>\nHersteller: Olimp Sport Nutrition, Polen<\/p>\n","protected":false},"excerpt":{"rendered":"<p>EAA-Aminos\u00e4urekomplex mit Orangengeschmack, hergestellt von Olimp Sport Nutrition. Er ist f\u00fcr Erwachsene bestimmt, die k\u00f6rperlich aktiv sind oder Muskelmasse aufbauen. Er l\u00f6st sich gut in Wasser auf und wird schnell vom K\u00f6rper aufgenommen. Der Hauptvorteil der EAA-Aminos\u00e4uren liegt in ihrer aufbauenden Funktion; sie haben eine besondere Wirkung auf den Anabolismus und die Muskelproteinsynthese. Die Einnahme [&#8230;]\n","protected":false},"featured_media":3994,"comment_status":"open","ping_status":"closed","template":"","meta":[],"product_cat":[144],"product_tag":[],"class_list":["post-3993","product","type-product","status-publish","has-post-thumbnail","hentry","product_cat-amino"],"_links":{"self":[{"href":"https:\/\/bodynicesupplement.com\/fa\/wp-json\/wp\/v2\/product\/3993","targetHints":{"allow":["GET"]}}],"collection":[{"href":"https:\/\/bodynicesupplement.com\/fa\/wp-json\/wp\/v2\/product"}],"about":[{"href":"https:\/\/bodynicesupplement.com\/fa\/wp-json\/wp\/v2\/types\/product"}],"replies":[{"embeddable":true,"href":"https:\/\/bodynicesupplement.com\/fa\/wp-json\/wp\/v2\/comments?post=3993"}],"wp:featuredmedia":[{"embeddable":true,"href":"https:\/\/bodynicesupplement.com\/fa\/wp-json\/wp\/v2\/media\/3994"}],"wp:attachment":[{"href":"https:\/\/bodynicesupplement.com\/fa\/wp-json\/wp\/v2\/media?parent=3993"}],"wp:term":[{"taxonomy":"product_cat","embeddable":true,"href":"https:\/\/bodynicesupplement.com\/fa\/wp-json\/wp\/v2\/product_cat?post=3993"},{"taxonomy":"product_tag","embeddable":true,"href":"https:\/\/bodynicesupplement.com\/fa\/wp-json\/wp\/v2\/product_tag?post=3993"}],"curies":[{"name":"wp","href":"https:\/\/api.w.org\/{rel}","templated":true}]}}