{"id":3833,"date":"2025-11-30T10:39:55","date_gmt":"2025-11-30T10:39:55","guid":{"rendered":"https:\/\/bodynicesupplement.com\/?post_type=product&#038;p=3833"},"modified":"2026-03-10T03:25:24","modified_gmt":"2026-03-10T03:25:24","slug":"pure-creatine250g","status":"publish","type":"product","link":"https:\/\/bodynicesupplement.com\/fa\/produkt\/pure-creatine250g\/","title":{"rendered":"Pure Creatine250g"},"content":{"rendered":"<p>Weider Pure Creatine liefert 100\u202f% reines Kreatinmonohydrat in Form des hochwertigen Markenrohstoffs Creapure\u00ae. Das ultrafeine Pulver zeichnet sich durch seine hervorragende L\u00f6slichkeit aus und ist geschmacksneutral, wodurch es sich flexibel in Wasser, Fruchts\u00e4fte oder Proteinshakes einr\u00fchren l\u00e4sst. Hergestellt in Deutschland, eignet sich dieses Produkt besonders f\u00fcr Personen, die w\u00e4hrend intensiver Trainingsphasen ihre Supplement-Routine gezielt erg\u00e4nzen m\u00f6chten. Die praktische 600\u202fg Dose bietet eine langfristige Versorgung und l\u00e4sst sich einfach dosieren.\u200b<\/p>\n<h2><strong>Produkthighlights:<\/strong><\/h2>\n<ul>\n<li>100\u202f% reines Kreatinmonohydrat (Creapure\u00ae)<\/li>\n<li>Ultrafeines Pulver mit hervorragender L\u00f6slichkeit<\/li>\n<li>Geschmacksneutral \u2013 ideal zum Mischen mit Wasser oder Shakes<\/li>\n<li>Hergestellt in Deutschland<\/li>\n<li>Geeignet f\u00fcr intensive Trainingsphasen<\/li>\n<\/ul>\n<h2><strong>Verzehrempfehlung:<\/strong><\/h2>\n<p>Eine Portion (3,4 g) pro Tag zu sich nehmen.<\/p>\n<h2><strong>Hinweise:<\/strong><\/h2>\n<p>Empfohlene Verzehrmenge nicht \u00fcberschreiten! Nahrungserg\u00e4nzungsmittel sollten nicht als Ersatz f\u00fcr eine ausgewogene und abwechslungsreiche Ern\u00e4hrung und einer gesunden Lebensweise dienen. Das Produkt ist au\u00dferhalb der Reichweite von kleinen Kindern zu lagern!<\/p>\n<h2><strong>N\u00e4hrwerttabelle:<\/strong><\/h2>\n<table border=\"0\" width=\"500\" cellspacing=\"1\" cellpadding=\"1\">\n<tbody>\n<tr>\n<td><\/td>\n<td><strong>Pro Portion (3,4 g)<\/strong><\/td>\n<td><strong>Pro 100 g<\/strong><\/td>\n<\/tr>\n<tr>\n<td>Kreatinmonohydrat<\/td>\n<td>3400 mg<\/td>\n<td>100 g<\/td>\n<\/tr>\n<tr>\n<td>&#8211; davon Kreatin<\/td>\n<td>3000 mg<\/td>\n<td>88 g<\/td>\n<\/tr>\n<\/tbody>\n<\/table>\n<h2><strong>Zutaten:<\/strong><\/h2>\n<p>100% Kreatinmonohydrat.<\/p>\n<h2><strong>Allergene:<\/strong><\/h2>\n<p>Keine.<\/p>\n","protected":false},"excerpt":{"rendered":"<p>Weider Pure Creatine liefert 100\u202f% reines Kreatinmonohydrat in Form des hochwertigen Markenrohstoffs Creapure\u00ae. Das ultrafeine Pulver zeichnet sich durch seine hervorragende L\u00f6slichkeit aus und ist geschmacksneutral, wodurch es sich flexibel in Wasser, Fruchts\u00e4fte oder Proteinshakes einr\u00fchren l\u00e4sst. Hergestellt in Deutschland, eignet sich dieses Produkt besonders f\u00fcr Personen, die w\u00e4hrend intensiver Trainingsphasen ihre Supplement-Routine gezielt erg\u00e4nzen [&#8230;]\n","protected":false},"featured_media":3834,"comment_status":"open","ping_status":"closed","template":"","meta":[],"product_cat":[145],"product_tag":[],"class_list":["post-3833","product","type-product","status-publish","has-post-thumbnail","hentry","product_cat-kreatin"],"_links":{"self":[{"href":"https:\/\/bodynicesupplement.com\/fa\/wp-json\/wp\/v2\/product\/3833","targetHints":{"allow":["GET"]}}],"collection":[{"href":"https:\/\/bodynicesupplement.com\/fa\/wp-json\/wp\/v2\/product"}],"about":[{"href":"https:\/\/bodynicesupplement.com\/fa\/wp-json\/wp\/v2\/types\/product"}],"replies":[{"embeddable":true,"href":"https:\/\/bodynicesupplement.com\/fa\/wp-json\/wp\/v2\/comments?post=3833"}],"wp:featuredmedia":[{"embeddable":true,"href":"https:\/\/bodynicesupplement.com\/fa\/wp-json\/wp\/v2\/media\/3834"}],"wp:attachment":[{"href":"https:\/\/bodynicesupplement.com\/fa\/wp-json\/wp\/v2\/media?parent=3833"}],"wp:term":[{"taxonomy":"product_cat","embeddable":true,"href":"https:\/\/bodynicesupplement.com\/fa\/wp-json\/wp\/v2\/product_cat?post=3833"},{"taxonomy":"product_tag","embeddable":true,"href":"https:\/\/bodynicesupplement.com\/fa\/wp-json\/wp\/v2\/product_tag?post=3833"}],"curies":[{"name":"wp","href":"https:\/\/api.w.org\/{rel}","templated":true}]}}