{"id":3766,"date":"2024-10-28T23:19:19","date_gmt":"2024-10-28T23:19:19","guid":{"rendered":"https:\/\/bodynicesupplement.com\/?post_type=product&#038;p=3766"},"modified":"2026-03-20T12:55:21","modified_gmt":"2026-03-20T12:55:21","slug":"amino-5600","status":"publish","type":"product","link":"https:\/\/bodynicesupplement.com\/fa\/produkt\/amino-5600\/","title":{"rendered":"Amino 5600"},"content":{"rendered":"<p>Essentielle, verkettete Aminos\u00e4uren Rezeptur<\/p>\n<p>Amino 5600 ist eine Aminos\u00e4urenrezeptur mit vollem Spektrum \u2013 und gegen\u00fcber anderen \u2013 besitzt sie all die essentiellen und verketteten Aminos\u00e4uren. Essentielle Aminos\u00e4uren sind unverzichtbar weil sie vom K\u00f6rper nicht hergestellt werden k\u00f6nnen und \u00fcber die Nahrung aufgenommen werden m\u00fcssen.<\/p>\n<p>Der verketteten Aminos\u00e4uren (BCAA) sind essentiell und sie haben einen Anteil von 35% der essentiellen Aminos\u00e4uren in Muskelproteinen. Amino 5600 wurde aus qualitativ hochwertigem Molkenprotein hergestellt um optimale Ergebnisse zu sichern.<\/p>\n<p>Verzehrempfehlung<\/p>\n<p>Nehmen Sie t\u00e4glich 1-3 Portionen Amino 5600 vor und nach dem Training und noch eine weitere Portion vor dem Schlafengehen.<\/p>\n<p>Hinweis f\u00fcr Allergiker<\/p>\n<p>Kann Spuren von Milch-Soja- und Eiproteinen, N\u00fcssen, Erdn\u00fcssen sowie Gluten enthalten.<\/p>\n<p>Hinweis<\/p>\n<p>Au\u00dferhalb der Reichweite von kleinen Kindern aufbewahren. Die empfohlene t\u00e4gliche Verzehrmenge darf nicht \u00fcberschritten werden. Nahrungserg\u00e4nzungsmittel sollten nicht als Ersatz f\u00fcr eine ausgewogene und abwechslungsreiche Ern\u00e4hrung dienen. F\u00fcr Kinder, Jugendliche, Schwangere und Stillende nicht geeignet.<\/p>\n","protected":false},"excerpt":{"rendered":"<p>Essentielle, verkettete Aminos\u00e4uren Rezeptur Amino 5600 ist eine Aminos\u00e4urenrezeptur mit vollem Spektrum \u2013 und gegen\u00fcber anderen \u2013 besitzt sie all die essentiellen und verketteten Aminos\u00e4uren. Essentielle Aminos\u00e4uren sind unverzichtbar weil sie vom K\u00f6rper nicht hergestellt werden k\u00f6nnen und \u00fcber die Nahrung aufgenommen werden m\u00fcssen. Der verketteten Aminos\u00e4uren (BCAA) sind essentiell und sie haben einen Anteil [&#8230;]\n","protected":false},"featured_media":3767,"comment_status":"open","ping_status":"closed","template":"","meta":[],"product_cat":[144],"product_tag":[],"class_list":["post-3766","product","type-product","status-publish","has-post-thumbnail","hentry","product_cat-amino"],"_links":{"self":[{"href":"https:\/\/bodynicesupplement.com\/fa\/wp-json\/wp\/v2\/product\/3766","targetHints":{"allow":["GET"]}}],"collection":[{"href":"https:\/\/bodynicesupplement.com\/fa\/wp-json\/wp\/v2\/product"}],"about":[{"href":"https:\/\/bodynicesupplement.com\/fa\/wp-json\/wp\/v2\/types\/product"}],"replies":[{"embeddable":true,"href":"https:\/\/bodynicesupplement.com\/fa\/wp-json\/wp\/v2\/comments?post=3766"}],"wp:featuredmedia":[{"embeddable":true,"href":"https:\/\/bodynicesupplement.com\/fa\/wp-json\/wp\/v2\/media\/3767"}],"wp:attachment":[{"href":"https:\/\/bodynicesupplement.com\/fa\/wp-json\/wp\/v2\/media?parent=3766"}],"wp:term":[{"taxonomy":"product_cat","embeddable":true,"href":"https:\/\/bodynicesupplement.com\/fa\/wp-json\/wp\/v2\/product_cat?post=3766"},{"taxonomy":"product_tag","embeddable":true,"href":"https:\/\/bodynicesupplement.com\/fa\/wp-json\/wp\/v2\/product_tag?post=3766"}],"curies":[{"name":"wp","href":"https:\/\/api.w.org\/{rel}","templated":true}]}}