{"id":3741,"date":"2024-10-28T23:17:09","date_gmt":"2024-10-28T23:17:09","guid":{"rendered":"https:\/\/bodynicesupplement.com\/?post_type=product&#038;p=3741"},"modified":"2025-10-25T00:13:55","modified_gmt":"2025-10-25T00:13:55","slug":"optimum-nutrition-100-whey-gold-standard","status":"publish","type":"product","link":"https:\/\/bodynicesupplement.com\/fa\/produkt\/optimum-nutrition-100-whey-gold-standard\/","title":{"rendered":"Optimum Nutrition 100% Whey Gold Standard"},"content":{"rendered":"<div dir=\"auto\">100% Whey Gold Standard geh\u00f6rt zu den Top-Produkten in seiner Kategorie und ist seit mehreren Jahren eines der weltweit meistverkauften Eiwei\u00dfpr\u00e4parate. Diese einzigartige Proteinmischung aus verschiedenen Molkenproteintypen zeichnet sich durch hervorragende funktionelle Eigenschaften aus. Es tr\u00e4gt dazu bei, die hart erarbeitete Muskelmasse und die Knochengesundheit zu erhalten, was du besonders dann zu sch\u00e4tzen wissen wirst, wenn du abnehmen willst und mit einer verminderten Energiezufuhr zu k\u00e4mpfen hast. F\u00fcr Kraftsportler ist eine gleichm\u00e4\u00dfige Eiwei\u00dfzufuhr wichtig, da sie zum Muskelwachstum beitr\u00e4gt.<\/div>\n<div dir=\"auto\"><\/div>\n<div dir=\"auto\">Molkeisolat bildet den gr\u00f6\u00dften Teil dieses Mehrkomponenten-<wbr \/>Proteinpr\u00e4parats. Molkenisolat wird durch einen zus\u00e4tzlichen Filtrationsschritt aus Molkenkonzentrat gewonnen, wodurch das Isolat einen h\u00f6heren Anteil an Eiwei\u00df aufweist, aber weniger Zucker und Fett enth\u00e4lt. Dar\u00fcber hinaus hat es eine schnelle Absorptionsrate (10 g Protein pro Stunde). Das Produkt enth\u00e4lt zudem Molkenkonzentrat und Molkenhydrolysat. Molkenkonzentrat geh\u00f6rt zu den beliebtesten Formen von Molkenprotein-<wbr \/>Nahrungserg\u00e4nzungsmitteln und weist eine \u00e4hnliche Absorptionsrate wie das Isolat auf. Molkenhydrolysat hingegen wird noch schneller absorbiert. Hydrolysat wird aus Molkenisolat oder -konzentrat durch den Prozess der Hydrolyse gewonnen, der eine besonders leicht verdauliche und f\u00fcr den K\u00f6rper verwertbare Form des Proteins ergibt.<\/div>\n<div dir=\"auto\"><\/div>\n<div dir=\"auto\">Ein gro\u00dfer Vorteil dieser funktionellen Kombination ist, dass sie ein sehr vorteilhaftes Aminos\u00e4urespektrum ergibt. Eine einzige Portion dieses Produkts enth\u00e4lt 5,5 g BCAAs, von denen Leucin am meisten hervorsticht, welches einer der Hauptausl\u00f6ser f\u00fcr anabole Prozesse im Zusammenhang mit der Muskelproteinsynthese (MPS) ist. Die Kombination aus Molkenisolat, -konzentrat und -hydrolysat ergibt ein hochwertiges, schnell absorbierbares Protein-<wbr \/>Nahrungserg\u00e4nzungsmittel mit geringem Zuckergehalt. Trotzdem wird es dich mit seinem perfekt ausgewogenen Geschmack und seiner cremigen Konsistenz begeistern. Es wird gerne von Sportlern als Post-Workout-Getr\u00e4nk getrunken, um die Regeneration des durch das Training gesch\u00e4digten Muskelgewebes zu f\u00f6rdern. Es ist jedoch auch als Zutat in der K\u00fcche n\u00fctzlich &#8211; du kannst es Smoothies, deinen Lieblings-Bowls, Desserts und anderen Gerichten hinzuf\u00fcgen, um den Proteingehalt zu erh\u00f6hen.<\/div>\n<div dir=\"auto\"><\/div>\n<div dir=\"auto\">Ob du nun Muskelmasse aufbauen, dein aktuelles Gewicht halten oder etwas abnehmen willst, dein K\u00f6rper braucht immer eine gute Proteinquelle. Das preisgekr\u00f6nte Gold Standard Whey Protein wird dir genau das bieten. Es ist in einer Vielzahl von k\u00f6stlichen Geschmacksrichtungen erh\u00e4ltlich, die dich trotz ihres geringen Zuckergehalts begeistern werden. Alle sind leicht aufl\u00f6sbar und werden schnell aufgenommen.<\/div>\n","protected":false},"excerpt":{"rendered":"<p>100% Whey Gold Standard geh\u00f6rt zu den Top-Produkten in seiner Kategorie und ist seit mehreren Jahren eines der weltweit meistverkauften Eiwei\u00dfpr\u00e4parate. Diese einzigartige Proteinmischung aus verschiedenen Molkenproteintypen zeichnet sich durch hervorragende funktionelle Eigenschaften aus. Es tr\u00e4gt dazu bei, die hart erarbeitete Muskelmasse und die Knochengesundheit zu erhalten, was du besonders dann zu sch\u00e4tzen wissen wirst, [&#8230;]\n","protected":false},"featured_media":3747,"comment_status":"open","ping_status":"closed","template":"","meta":[],"product_cat":[143],"product_tag":[],"class_list":["post-3741","product","type-product","status-publish","has-post-thumbnail","hentry","product_cat-protein"],"_links":{"self":[{"href":"https:\/\/bodynicesupplement.com\/fa\/wp-json\/wp\/v2\/product\/3741","targetHints":{"allow":["GET"]}}],"collection":[{"href":"https:\/\/bodynicesupplement.com\/fa\/wp-json\/wp\/v2\/product"}],"about":[{"href":"https:\/\/bodynicesupplement.com\/fa\/wp-json\/wp\/v2\/types\/product"}],"replies":[{"embeddable":true,"href":"https:\/\/bodynicesupplement.com\/fa\/wp-json\/wp\/v2\/comments?post=3741"}],"wp:featuredmedia":[{"embeddable":true,"href":"https:\/\/bodynicesupplement.com\/fa\/wp-json\/wp\/v2\/media\/3747"}],"wp:attachment":[{"href":"https:\/\/bodynicesupplement.com\/fa\/wp-json\/wp\/v2\/media?parent=3741"}],"wp:term":[{"taxonomy":"product_cat","embeddable":true,"href":"https:\/\/bodynicesupplement.com\/fa\/wp-json\/wp\/v2\/product_cat?post=3741"},{"taxonomy":"product_tag","embeddable":true,"href":"https:\/\/bodynicesupplement.com\/fa\/wp-json\/wp\/v2\/product_tag?post=3741"}],"curies":[{"name":"wp","href":"https:\/\/api.w.org\/{rel}","templated":true}]}}