{"id":3727,"date":"2024-10-28T23:11:01","date_gmt":"2024-10-28T23:11:01","guid":{"rendered":"https:\/\/bodynicesupplement.com\/?post_type=product&#038;p=3727"},"modified":"2025-11-20T12:09:50","modified_gmt":"2025-11-20T12:09:50","slug":"all-natural-peanut-butter-1000g-2","status":"publish","type":"product","link":"https:\/\/bodynicesupplement.com\/fa\/produkt\/all-natural-peanut-butter-1000g-2\/","title":{"rendered":"All natural Peanut butter 1000g"},"content":{"rendered":"<p>BioTechUSA Peanut Butter ist eine Erdnussbutter, die nur Erdn\u00fcsse und Salz enth\u00e4lt, frei von Palm\u00f6l, Kokos\u00f6l, ohne Zusatz von Konservierungsstoffen und Zucker<\/p>\n","protected":false},"excerpt":{"rendered":"<p>BioTechUSA Peanut Butter ist eine Erdnussbutter, die nur Erdn\u00fcsse und Salz enth\u00e4lt, frei von Palm\u00f6l, Kokos\u00f6l, ohne Zusatz von Konservierungsstoffen und Zucker<\/p>\n","protected":false},"featured_media":3728,"comment_status":"open","ping_status":"closed","template":"","meta":[],"product_cat":[259],"product_tag":[],"class_list":["post-3727","product","type-product","status-publish","has-post-thumbnail","hentry","product_cat-erdnussbutter"],"_links":{"self":[{"href":"https:\/\/bodynicesupplement.com\/fa\/wp-json\/wp\/v2\/product\/3727","targetHints":{"allow":["GET"]}}],"collection":[{"href":"https:\/\/bodynicesupplement.com\/fa\/wp-json\/wp\/v2\/product"}],"about":[{"href":"https:\/\/bodynicesupplement.com\/fa\/wp-json\/wp\/v2\/types\/product"}],"replies":[{"embeddable":true,"href":"https:\/\/bodynicesupplement.com\/fa\/wp-json\/wp\/v2\/comments?post=3727"}],"wp:featuredmedia":[{"embeddable":true,"href":"https:\/\/bodynicesupplement.com\/fa\/wp-json\/wp\/v2\/media\/3728"}],"wp:attachment":[{"href":"https:\/\/bodynicesupplement.com\/fa\/wp-json\/wp\/v2\/media?parent=3727"}],"wp:term":[{"taxonomy":"product_cat","embeddable":true,"href":"https:\/\/bodynicesupplement.com\/fa\/wp-json\/wp\/v2\/product_cat?post=3727"},{"taxonomy":"product_tag","embeddable":true,"href":"https:\/\/bodynicesupplement.com\/fa\/wp-json\/wp\/v2\/product_tag?post=3727"}],"curies":[{"name":"wp","href":"https:\/\/api.w.org\/{rel}","templated":true}]}}