{"id":3713,"date":"2024-10-28T23:03:02","date_gmt":"2024-10-28T23:03:02","guid":{"rendered":"https:\/\/bodynicesupplement.com\/?post_type=product&#038;p=3713"},"modified":"2025-11-28T15:04:10","modified_gmt":"2025-11-28T15:04:10","slug":"all-natural-peanut-butter","status":"publish","type":"product","link":"https:\/\/bodynicesupplement.com\/fa\/produkt\/all-natural-peanut-butter\/","title":{"rendered":"All natural peanut butter"},"content":{"rendered":"<div id=\":mu\" class=\"ii gt\">\n<div id=\":nb\" class=\"a3s aiL \">\n<div dir=\"auto\">\n<p>BioTechUSA Peanut Butter ist eine Erdnussbutter, die nur Erdn\u00fcsse und Salz enth\u00e4lt, frei von Palm\u00f6l, Kokos\u00f6l, ohne Zusatz von Konservierungsstoffen und Zucker<\/p>\n<\/div>\n<div class=\"yj6qo\"><\/div>\n<div class=\"adL\"><\/div>\n<\/div>\n<\/div>\n<div id=\":n6\" class=\"hq gt\">\n<div class=\"hp\"><\/div>\n<\/div>\n","protected":false},"excerpt":{"rendered":"<p>BioTechUSA Peanut Butter ist eine Erdnussbutter, die nur Erdn\u00fcsse und Salz enth\u00e4lt, frei von Palm\u00f6l, Kokos\u00f6l, ohne Zusatz von Konservierungsstoffen und Zucker<\/p>\n","protected":false},"featured_media":3715,"comment_status":"open","ping_status":"closed","template":"","meta":[],"product_cat":[259],"product_tag":[],"class_list":["post-3713","product","type-product","status-publish","has-post-thumbnail","hentry","product_cat-erdnussbutter"],"_links":{"self":[{"href":"https:\/\/bodynicesupplement.com\/fa\/wp-json\/wp\/v2\/product\/3713","targetHints":{"allow":["GET"]}}],"collection":[{"href":"https:\/\/bodynicesupplement.com\/fa\/wp-json\/wp\/v2\/product"}],"about":[{"href":"https:\/\/bodynicesupplement.com\/fa\/wp-json\/wp\/v2\/types\/product"}],"replies":[{"embeddable":true,"href":"https:\/\/bodynicesupplement.com\/fa\/wp-json\/wp\/v2\/comments?post=3713"}],"wp:featuredmedia":[{"embeddable":true,"href":"https:\/\/bodynicesupplement.com\/fa\/wp-json\/wp\/v2\/media\/3715"}],"wp:attachment":[{"href":"https:\/\/bodynicesupplement.com\/fa\/wp-json\/wp\/v2\/media?parent=3713"}],"wp:term":[{"taxonomy":"product_cat","embeddable":true,"href":"https:\/\/bodynicesupplement.com\/fa\/wp-json\/wp\/v2\/product_cat?post=3713"},{"taxonomy":"product_tag","embeddable":true,"href":"https:\/\/bodynicesupplement.com\/fa\/wp-json\/wp\/v2\/product_tag?post=3713"}],"curies":[{"name":"wp","href":"https:\/\/api.w.org\/{rel}","templated":true}]}}