{"id":3667,"date":"2024-10-15T11:37:44","date_gmt":"2024-10-15T11:37:44","guid":{"rendered":"https:\/\/bodynicesupplement.com\/?post_type=product&#038;p=3667"},"modified":"2025-10-22T11:50:24","modified_gmt":"2025-10-22T11:50:24","slug":"100-pure-creatine-monohydrate-powder-300g","status":"publish","type":"product","link":"https:\/\/bodynicesupplement.com\/fa\/produkt\/100-pure-creatine-monohydrate-powder-300g\/","title":{"rendered":"100% Pure creatine monohydrate powder 300g"},"content":{"rendered":"<p>Maximal-Kraft voraus! Ob beim finalen Sprint oder bei der letzten Wiederholung im Workout. Kitzle mit unserem 100 % PURE CREATINE Powder genau die Steigerung heraus, die deine Bestleistung toppen wird. Nicht nur sauber sondern rein! Unser mikrofeines Kreatin Monohydrat h\u00e4lt, was es verspricht. Einhundert Prozent hoher Reinheitsgrad ohne weitere Zus\u00e4tze. Das Pulver l\u00f6st sich sehr gut in Fruchtsaft oder Wasser auf, um dich dir bei deinen Muskelaufbau-Zielen nach vorn zu bringen.<\/p>\n<div dir=\"auto\"><\/div>\n","protected":false},"excerpt":{"rendered":"<p>Maximal-Kraft voraus! Ob beim finalen Sprint oder bei der letzten Wiederholung im Workout. Kitzle mit unserem 100 % PURE CREATINE Powder genau die Steigerung heraus, die deine Bestleistung toppen wird. Nicht nur sauber sondern rein! Unser mikrofeines Kreatin Monohydrat h\u00e4lt, was es verspricht. Einhundert Prozent hoher Reinheitsgrad ohne weitere Zus\u00e4tze. Das Pulver l\u00f6st sich sehr [&#8230;]\n","protected":false},"featured_media":3671,"comment_status":"open","ping_status":"closed","template":"","meta":[],"product_cat":[145],"product_tag":[],"class_list":["post-3667","product","type-product","status-publish","has-post-thumbnail","hentry","product_cat-kreatin"],"_links":{"self":[{"href":"https:\/\/bodynicesupplement.com\/fa\/wp-json\/wp\/v2\/product\/3667","targetHints":{"allow":["GET"]}}],"collection":[{"href":"https:\/\/bodynicesupplement.com\/fa\/wp-json\/wp\/v2\/product"}],"about":[{"href":"https:\/\/bodynicesupplement.com\/fa\/wp-json\/wp\/v2\/types\/product"}],"replies":[{"embeddable":true,"href":"https:\/\/bodynicesupplement.com\/fa\/wp-json\/wp\/v2\/comments?post=3667"}],"wp:featuredmedia":[{"embeddable":true,"href":"https:\/\/bodynicesupplement.com\/fa\/wp-json\/wp\/v2\/media\/3671"}],"wp:attachment":[{"href":"https:\/\/bodynicesupplement.com\/fa\/wp-json\/wp\/v2\/media?parent=3667"}],"wp:term":[{"taxonomy":"product_cat","embeddable":true,"href":"https:\/\/bodynicesupplement.com\/fa\/wp-json\/wp\/v2\/product_cat?post=3667"},{"taxonomy":"product_tag","embeddable":true,"href":"https:\/\/bodynicesupplement.com\/fa\/wp-json\/wp\/v2\/product_tag?post=3667"}],"curies":[{"name":"wp","href":"https:\/\/api.w.org\/{rel}","templated":true}]}}