{"id":3622,"date":"2024-10-15T17:18:18","date_gmt":"2024-10-15T17:18:18","guid":{"rendered":"https:\/\/bodynicesupplement.com\/?post_type=product&#038;p=3622"},"modified":"2025-10-21T13:05:31","modified_gmt":"2025-10-21T13:05:31","slug":"100-whey-protein-with-hydrolysate-whey","status":"publish","type":"product","link":"https:\/\/bodynicesupplement.com\/fa\/produkt\/100-whey-protein-with-hydrolysate-whey\/","title":{"rendered":"100% Whey protein with hydrolysate whey"},"content":{"rendered":"<p>Du m\u00f6chtest dein Muskelwachstum vorantreiben? Ein definierter K\u00f6rper ist schon immer dein Traum? Dieses Eiwei\u00df kitzelt deine Motivation aus dir heraus! Das hochwertige WHEY PROTEIN besteht aus ultrafiltriertem reinem WHEY PROTEIN Konzentrat und Hydrolysat. Der hohe BCAA-Anteil sowie der satte Proteingehalt kurbeln den Muskelaufbau ordentlich an. Die schnelle L\u00f6slichkeit und der cremig leichte Geschmackmachen das 100 % WHEY PROTEIN zum \u201eMust-Have\u201c f\u00fcr deine Mission: Traumk\u00f6rper!<\/p>\n<p>&nbsp;<\/p>\n","protected":false},"excerpt":{"rendered":"<p>Du m\u00f6chtest dein Muskelwachstum vorantreiben? Ein definierter K\u00f6rper ist schon immer dein Traum? Dieses Eiwei\u00df kitzelt deine Motivation aus dir heraus! Das hochwertige WHEY PROTEIN besteht aus ultrafiltriertem reinem WHEY PROTEIN Konzentrat und Hydrolysat. Der hohe BCAA-Anteil sowie der satte Proteingehalt kurbeln den Muskelaufbau ordentlich an. Die schnelle L\u00f6slichkeit und der cremig leichte Geschmackmachen das [&#8230;]\n","protected":false},"featured_media":3629,"comment_status":"open","ping_status":"closed","template":"","meta":[],"product_cat":[143],"product_tag":[],"class_list":["post-3622","product","type-product","status-publish","has-post-thumbnail","hentry","product_cat-protein"],"_links":{"self":[{"href":"https:\/\/bodynicesupplement.com\/fa\/wp-json\/wp\/v2\/product\/3622","targetHints":{"allow":["GET"]}}],"collection":[{"href":"https:\/\/bodynicesupplement.com\/fa\/wp-json\/wp\/v2\/product"}],"about":[{"href":"https:\/\/bodynicesupplement.com\/fa\/wp-json\/wp\/v2\/types\/product"}],"replies":[{"embeddable":true,"href":"https:\/\/bodynicesupplement.com\/fa\/wp-json\/wp\/v2\/comments?post=3622"}],"wp:featuredmedia":[{"embeddable":true,"href":"https:\/\/bodynicesupplement.com\/fa\/wp-json\/wp\/v2\/media\/3629"}],"wp:attachment":[{"href":"https:\/\/bodynicesupplement.com\/fa\/wp-json\/wp\/v2\/media?parent=3622"}],"wp:term":[{"taxonomy":"product_cat","embeddable":true,"href":"https:\/\/bodynicesupplement.com\/fa\/wp-json\/wp\/v2\/product_cat?post=3622"},{"taxonomy":"product_tag","embeddable":true,"href":"https:\/\/bodynicesupplement.com\/fa\/wp-json\/wp\/v2\/product_tag?post=3622"}],"curies":[{"name":"wp","href":"https:\/\/api.w.org\/{rel}","templated":true}]}}