{"id":3547,"date":"2024-05-22T10:26:56","date_gmt":"2024-05-22T10:26:56","guid":{"rendered":"http:\/\/bodynicesupplement.com\/?post_type=product&#038;p=3547"},"modified":"2025-10-15T20:08:36","modified_gmt":"2025-10-15T20:08:36","slug":"body-attack-multivitamin","status":"publish","type":"product","link":"https:\/\/bodynicesupplement.com\/fa\/produkt\/body-attack-multivitamin\/","title":{"rendered":"Body Attack Multivitamin"},"content":{"rendered":"<p>Schlapp, m\u00fcde und ersch\u00f6pft? Dann solltest du deinem K\u00f6rper unbedingt unter die Arme greifen: Vitamine m\u00fcssen her! Aber nicht irgendwelche sondern genau diese hier. Unser Allrounder MULTI VITAMIN enth\u00e4lt sie alle. Von den fettl\u00f6slichen Vitaminen A, D, E und K \u00fcber acht verschiedene B-Vitamine bis hin zum Erk\u00e4ltungskiller Nummer 1, Vitamin C. Der zus\u00e4tzliche Mineralstoff-Komplex aus Magnesium, Kalzium, Eisen und vielem mehr, rundet das Power-Produkt ab. Dein Immunsystem und deine Abwehrkr\u00e4fte werden es dir danken.<\/p>\n","protected":false},"excerpt":{"rendered":"<p>Schlapp, m\u00fcde und ersch\u00f6pft? Dann solltest du deinem K\u00f6rper unbedingt unter die Arme greifen: Vitamine m\u00fcssen her! Aber nicht irgendwelche sondern genau diese hier. Unser Allrounder MULTI VITAMIN enth\u00e4lt sie alle. Von den fettl\u00f6slichen Vitaminen A, D, E und K \u00fcber acht verschiedene B-Vitamine bis hin zum Erk\u00e4ltungskiller Nummer 1, Vitamin C. Der zus\u00e4tzliche Mineralstoff-Komplex [&#8230;]\n","protected":false},"featured_media":3548,"comment_status":"open","ping_status":"closed","template":"","meta":[],"product_cat":[147],"product_tag":[],"class_list":["post-3547","product","type-product","status-publish","has-post-thumbnail","hentry","product_cat-vitamin"],"_links":{"self":[{"href":"https:\/\/bodynicesupplement.com\/fa\/wp-json\/wp\/v2\/product\/3547","targetHints":{"allow":["GET"]}}],"collection":[{"href":"https:\/\/bodynicesupplement.com\/fa\/wp-json\/wp\/v2\/product"}],"about":[{"href":"https:\/\/bodynicesupplement.com\/fa\/wp-json\/wp\/v2\/types\/product"}],"replies":[{"embeddable":true,"href":"https:\/\/bodynicesupplement.com\/fa\/wp-json\/wp\/v2\/comments?post=3547"}],"wp:featuredmedia":[{"embeddable":true,"href":"https:\/\/bodynicesupplement.com\/fa\/wp-json\/wp\/v2\/media\/3548"}],"wp:attachment":[{"href":"https:\/\/bodynicesupplement.com\/fa\/wp-json\/wp\/v2\/media?parent=3547"}],"wp:term":[{"taxonomy":"product_cat","embeddable":true,"href":"https:\/\/bodynicesupplement.com\/fa\/wp-json\/wp\/v2\/product_cat?post=3547"},{"taxonomy":"product_tag","embeddable":true,"href":"https:\/\/bodynicesupplement.com\/fa\/wp-json\/wp\/v2\/product_tag?post=3547"}],"curies":[{"name":"wp","href":"https:\/\/api.w.org\/{rel}","templated":true}]}}