{"id":3539,"date":"2024-05-22T10:21:59","date_gmt":"2024-05-22T10:21:59","guid":{"rendered":"http:\/\/bodynicesupplement.com\/?post_type=product&#038;p=3539"},"modified":"2025-11-20T12:10:30","modified_gmt":"2025-11-20T12:10:30","slug":"animal-cuts","status":"publish","type":"product","link":"https:\/\/bodynicesupplement.com\/fa\/produkt\/animal-cuts\/","title":{"rendered":"ANIMAL CUTS\u00ae"},"content":{"rendered":"<p><strong>ANIMAL CUTS\u00ae<\/strong><\/p>\n<p>Gest\u00e4hlte Muskeln mit geringem K\u00f6rperfettanteil. Darum geht es bei Animal Cuts. Animal Cuts kurbelt den Stoffwechsel an. Dazu ist nur ein einziges P\u00e4ckchen n\u00f6tig. Jede genau formulierte Dosis kann Ihnen helfen, das unerw\u00fcnschte Fett, das sich in der Zunehmphase angesammelt hat, loszuwerden, um den harten, trainierten Muskel darunter freizulegen. Freuen Sie sich darauf, Ihre intensiv trainierten Muskeln zu enth\u00fcllen, an deren Aufbau Sie so hart mit dem umfassenden All-in-One fettverbrennendem Packet gearbeitet haben \u2013 dem Erg\u00e4nzungsmittel, das Ihnen dabei hilft, den K\u00f6rper zu bekommen, der Ihnen vorschwebt.<\/p>\n<h2>EISERNE QUALIT\u00c4T UND GARANTIE<\/h2>\n<p>Das Unternehmen Animal hat sich dem Ziel verschrieben, das Beste in seiner Branche zu sein, daran gibt es keinen Zweifel. Unsere Produkte werden aus erstklassigen Inhaltsstoffen aus aller Welt hergestellt und strengen Tests unterzogen, um die h\u00f6chsten Qualit\u00e4tsstandards zu erf\u00fcllen.<\/p>\n","protected":false},"excerpt":{"rendered":"<p>ANIMAL CUTS\u00ae Gest\u00e4hlte Muskeln mit geringem K\u00f6rperfettanteil. Darum geht es bei Animal Cuts. Animal Cuts kurbelt den Stoffwechsel an. Dazu ist nur ein einziges P\u00e4ckchen n\u00f6tig. Jede genau formulierte Dosis kann Ihnen helfen, das unerw\u00fcnschte Fett, das sich in der Zunehmphase angesammelt hat, loszuwerden, um den harten, trainierten Muskel darunter freizulegen. Freuen Sie sich darauf, [&#8230;]\n","protected":false},"featured_media":3540,"comment_status":"open","ping_status":"closed","template":"","meta":[],"product_cat":[146],"product_tag":[],"class_list":["post-3539","product","type-product","status-publish","has-post-thumbnail","hentry","product_cat-fettverbrenner"],"_links":{"self":[{"href":"https:\/\/bodynicesupplement.com\/fa\/wp-json\/wp\/v2\/product\/3539","targetHints":{"allow":["GET"]}}],"collection":[{"href":"https:\/\/bodynicesupplement.com\/fa\/wp-json\/wp\/v2\/product"}],"about":[{"href":"https:\/\/bodynicesupplement.com\/fa\/wp-json\/wp\/v2\/types\/product"}],"replies":[{"embeddable":true,"href":"https:\/\/bodynicesupplement.com\/fa\/wp-json\/wp\/v2\/comments?post=3539"}],"wp:featuredmedia":[{"embeddable":true,"href":"https:\/\/bodynicesupplement.com\/fa\/wp-json\/wp\/v2\/media\/3540"}],"wp:attachment":[{"href":"https:\/\/bodynicesupplement.com\/fa\/wp-json\/wp\/v2\/media?parent=3539"}],"wp:term":[{"taxonomy":"product_cat","embeddable":true,"href":"https:\/\/bodynicesupplement.com\/fa\/wp-json\/wp\/v2\/product_cat?post=3539"},{"taxonomy":"product_tag","embeddable":true,"href":"https:\/\/bodynicesupplement.com\/fa\/wp-json\/wp\/v2\/product_tag?post=3539"}],"curies":[{"name":"wp","href":"https:\/\/api.w.org\/{rel}","templated":true}]}}