{"id":3497,"date":"2024-05-21T18:03:18","date_gmt":"2024-05-21T18:03:18","guid":{"rendered":"http:\/\/bodynicesupplement.com\/?post_type=product&#038;p=3497"},"modified":"2024-05-21T18:03:55","modified_gmt":"2024-05-21T18:03:55","slug":"vegan-protein","status":"publish","type":"product","link":"https:\/\/bodynicesupplement.com\/fa\/produkt\/vegan-protein\/","title":{"rendered":"Vegan Protein"},"content":{"rendered":"<p>Warum empfehlen wir BioTechUSA Vegan Protein?<\/p>\n<p>Wenn du auf der Suche nach einem veganen Proteinpulver mit aufregenden Geschmacksrichtungen bist, bist du bei BioTechUSA Vegan Protein genau an der richtigen Stelle! Unser veganes Eiwei\u00dfpulver besteht aus einem pflanzlichen Proteinkomplex gepaart mit den besten Inhaltsstoffen aus der Goji- und Acai-Beere.<\/p>\n<p>Durch die Kombination mehrerer Proteinquellen und die Hinzugabe von drei verschiedenen Superfoods gibt dir der Vegan Protein Shake genau das, was du f\u00fcr deinen Muskelaufbau zur Unterst\u00fctzung brauchst. Nat\u00fcrlich achten wir auch bei unserem Eiwei\u00dfpulver auf eine hochwertige Verarbeitung und verzichten auf den Einsatz von Konservierungsmitteln, Farbstoffen und Gentechnik.<\/p>\n<p>Verpackung mit reduziertem Plastikanteil<br \/>\nVeganer Proteinkomplex (Reis und Erbsen) mit zus\u00e4tzlichen funktionellen Aminos\u00e4uren<br \/>\nZucker- und laktosefrei*<br \/>\nGlutenfrei<br \/>\nOhne Konservierungsstoffe<br \/>\nOhne Farbstoffe<br \/>\nGentechnikfrei<br \/>\nAspartamfrei<br \/>\nMit 3 Arten Superfood<br \/>\n88 mg Koffein pro Portion**<br \/>\n*Bezieht sich auf fertig mit Wasser zubereitete Shakes.<br \/>\n**Bezieht sich nur auf das Produkt mit Caff\u00e8-Latte-Geschmack.<\/p>\n","protected":false},"excerpt":{"rendered":"<p>Schokolad zimt<br \/>\nBannane<br \/>\nWaldfr\u00fcchte<br \/>\nHaselnuss<br \/>\nFlavour<\/p>\n","protected":false},"featured_media":3501,"comment_status":"open","ping_status":"closed","template":"","meta":[],"product_cat":[487],"product_tag":[],"class_list":["post-3497","product","type-product","status-publish","has-post-thumbnail","hentry","product_cat-vegan-produkte"],"_links":{"self":[{"href":"https:\/\/bodynicesupplement.com\/fa\/wp-json\/wp\/v2\/product\/3497","targetHints":{"allow":["GET"]}}],"collection":[{"href":"https:\/\/bodynicesupplement.com\/fa\/wp-json\/wp\/v2\/product"}],"about":[{"href":"https:\/\/bodynicesupplement.com\/fa\/wp-json\/wp\/v2\/types\/product"}],"replies":[{"embeddable":true,"href":"https:\/\/bodynicesupplement.com\/fa\/wp-json\/wp\/v2\/comments?post=3497"}],"wp:featuredmedia":[{"embeddable":true,"href":"https:\/\/bodynicesupplement.com\/fa\/wp-json\/wp\/v2\/media\/3501"}],"wp:attachment":[{"href":"https:\/\/bodynicesupplement.com\/fa\/wp-json\/wp\/v2\/media?parent=3497"}],"wp:term":[{"taxonomy":"product_cat","embeddable":true,"href":"https:\/\/bodynicesupplement.com\/fa\/wp-json\/wp\/v2\/product_cat?post=3497"},{"taxonomy":"product_tag","embeddable":true,"href":"https:\/\/bodynicesupplement.com\/fa\/wp-json\/wp\/v2\/product_tag?post=3497"}],"curies":[{"name":"wp","href":"https:\/\/api.w.org\/{rel}","templated":true}]}}