{"id":3429,"date":"2023-12-18T05:42:35","date_gmt":"2023-12-18T05:42:35","guid":{"rendered":"http:\/\/bodynicesupplement.com\/?post_type=product&#038;p=3429"},"modified":"2025-10-21T13:13:29","modified_gmt":"2025-10-21T13:13:29","slug":"eaa-zero","status":"publish","type":"product","link":"https:\/\/bodynicesupplement.com\/fa\/produkt\/eaa-zero\/","title":{"rendered":"EAA ZERO"},"content":{"rendered":"<p>BioTech USA EAA ZERO &#8211; zuckerfreie essenzielle Aminos\u00e4uren, angereichert mit L-Glutamin<\/p>\n<p>BioTech USA EAA ZERO sind essentielle Aminos\u00e4uren in Pulverform, die mit L-Glutamin angereichert sind, um ein erfrischendes Getr\u00e4nk f\u00fcr aktive Menschen vorzubereiten. EAA ZERO enth\u00e4lt keinen Zucker, so dass Sie es ohne Gewissensbisse w\u00e4hrend einer Di\u00e4t trinken k\u00f6nnen. Es enth\u00e4lt alle essentiellen Aminos\u00e4uren in einem optimalen Verh\u00e4ltnis gem\u00e4\u00df der Weltgesundheitsorganisation (WHO). Zus\u00e4tzlich wurde L-Glutamin hinzugef\u00fcgt, was EAA ZERO zu einem komplexen Produkt macht, das hilft, die Erholung nach dem Training zu beschleunigen und gleichzeitig ein Umfeld f\u00fcr Muskelwachstum zu schaffen.<\/p>\n<ol>\n<li>Vorteile<\/li>\n<li>bis zu 10,7 g Aminos\u00e4uren pro Portion<\/li>\n<li>hoher Gehalt an BCAAs<\/li>\n<li>Zugabe von L-Glutamin<\/li>\n<li>ideales Aminos\u00e4urenverh\u00e4ltnis<\/li>\n<li>Glutenfrei<\/li>\n<li>NULL Zucker<\/li>\n<\/ol>\n<p>Essentielle Aminos\u00e4uren sind, wie der Name schon sagt, f\u00fcr den menschlichen K\u00f6rper unverzichtbar, da er sie entweder gar nicht oder nur in unzureichender Menge herstellen kann. Deshalb ist es besonders wichtig, ihre Zufuhr aus externen Quellen sicherzustellen, vorzugsweise in optimalen Mengen und im richtigen Verh\u00e4ltnis.<\/p>\n<p>Wie alle Produkte von BioTechUSA wurde auch EAA Zero entwickelt, um die beste Zusammensetzung zu haben. Daher enth\u00e4lt EAA Zero alle essentiellen Aminos\u00e4uren in einem optimalen Verh\u00e4ltnis, wie es von der Weltgesundheitsorganisation festgelegt wurde.<\/p>\n<p>Bei der Erneuerung von EAA Zero haben wir nicht nur versucht, die richtigen Proportionen zu finden, sondern auch ein komplexes Produkt zu schaffen. Als Ergebnis enth\u00e4lt das Produkt nun alle essentiellen Aminos\u00e4uren und durch die Zugabe von Glutamin haben wir die Menge an Aminos\u00e4uren, die f\u00fcr den Muskelaufbau ben\u00f6tigt werden, weiter erh\u00f6ht.<\/p>\n<p>EAA Zero bietet eine spezielle Aminos\u00e4urekombination, die Sie ohne schlechtes Gewissen trinken k\u00f6nnen, auch wenn Sie eine Di\u00e4t machen, denn das Produkt ist zuckerfrei*. Trinken Sie es in den erfrischenden Geschmacksrichtungen Zitrone und blaue Traube vor oder sogar w\u00e4hrend einer anstrengenden Trainingseinheit.<\/p>\n<p>Eine einzige Portion enth\u00e4lt 50% des essentiellen Aminos\u00e4urenbedarfs eines Erwachsenen (80kg) gem\u00e4\u00df der WHO-Empfehlung. (Protein and Amino Acid Requirements in Human Nutrition &#8211; Report from the Joint FAO\/WHO\/UNU Expert Consultation).<\/p>\n<p>Verzehrempfehlung<br \/>\nMischen Sie 1 Portion des Pulvers (14 g = 2 Messl\u00f6ffel = 1 geh\u00e4ufter Essl\u00f6ffel) mit 400 ml Wasser. Nehmen Sie eine Portion 15 Minuten vor dem Training ein. An Ruhetagen eine Portion zwischen zwei Mahlzeiten einnehmen.<\/p>\n<h2>Flavour<\/h2>\n<ul>\n<li>Peach Ice tea<\/li>\n<li>Watermelon<\/li>\n<li>Limon ice tea<\/li>\n<li>Blue Grape<\/li>\n<\/ul>\n","protected":false},"excerpt":{"rendered":"<p>BioTech USA EAA ZERO &#8211; zuckerfreie essenzielle Aminos\u00e4uren, angereichert mit L-Glutamin BioTech USA EAA ZERO sind essentielle Aminos\u00e4uren in Pulverform, die mit L-Glutamin angereichert sind, um ein erfrischendes Getr\u00e4nk f\u00fcr aktive Menschen vorzubereiten. EAA ZERO enth\u00e4lt keinen Zucker, so dass Sie es ohne Gewissensbisse w\u00e4hrend einer Di\u00e4t trinken k\u00f6nnen. Es enth\u00e4lt alle essentiellen Aminos\u00e4uren in [&#8230;]\n","protected":false},"featured_media":3430,"comment_status":"open","ping_status":"closed","template":"","meta":[],"product_cat":[144],"product_tag":[],"class_list":["post-3429","product","type-product","status-publish","has-post-thumbnail","hentry","product_cat-amino"],"_links":{"self":[{"href":"https:\/\/bodynicesupplement.com\/fa\/wp-json\/wp\/v2\/product\/3429","targetHints":{"allow":["GET"]}}],"collection":[{"href":"https:\/\/bodynicesupplement.com\/fa\/wp-json\/wp\/v2\/product"}],"about":[{"href":"https:\/\/bodynicesupplement.com\/fa\/wp-json\/wp\/v2\/types\/product"}],"replies":[{"embeddable":true,"href":"https:\/\/bodynicesupplement.com\/fa\/wp-json\/wp\/v2\/comments?post=3429"}],"wp:featuredmedia":[{"embeddable":true,"href":"https:\/\/bodynicesupplement.com\/fa\/wp-json\/wp\/v2\/media\/3430"}],"wp:attachment":[{"href":"https:\/\/bodynicesupplement.com\/fa\/wp-json\/wp\/v2\/media?parent=3429"}],"wp:term":[{"taxonomy":"product_cat","embeddable":true,"href":"https:\/\/bodynicesupplement.com\/fa\/wp-json\/wp\/v2\/product_cat?post=3429"},{"taxonomy":"product_tag","embeddable":true,"href":"https:\/\/bodynicesupplement.com\/fa\/wp-json\/wp\/v2\/product_tag?post=3429"}],"curies":[{"name":"wp","href":"https:\/\/api.w.org\/{rel}","templated":true}]}}