{"id":3393,"date":"2023-12-17T12:01:12","date_gmt":"2023-12-17T12:01:12","guid":{"rendered":"http:\/\/bodynicesupplement.com\/?post_type=product&#038;p=3393"},"modified":"2026-03-20T13:07:28","modified_gmt":"2026-03-20T13:07:28","slug":"pure-whey","status":"publish","type":"product","link":"https:\/\/bodynicesupplement.com\/fa\/produkt\/pure-whey\/","title":{"rendered":"100% Pure Whey"},"content":{"rendered":"<ul>\n<li>Straubery<\/li>\n<li>Banne<\/li>\n<li>Chockolate<\/li>\n<li>Salted caramel<\/li>\n<li>Apple pie vanilla<\/li>\n<li>Cookies&amp;cream<\/li>\n<li>Bourbon vanilla<\/li>\n<li>Unflavourd<\/li>\n<\/ul>\n<p>Molkenprotein-Komplex mit Bromelain-Enzymen, Aminos\u00e4uren, palm\u00f6lfrei, mit S\u00fc\u00dfungsmittel.<\/p>\n<p>Warum empfehlen wir das Produkt BioTechUSA 100% Pure Whey?<\/p>\n<ul>\n<li>Mit BCAA, Glutamin und Arginin<\/li>\n<li>Mehr als 4,3 g BCAA pro Portion<\/li>\n<li>Glutenfrei*<\/li>\n<li>Palm\u00f6lfrei<\/li>\n<li>Ohne Konservierungsstoffe<\/li>\n<li>Gro\u00dfe Geschmacksauswahl<\/li>\n<li>Erh\u00e4ltlich in mehreren Geschmacksrichtungen<\/li>\n<li>*Glutenfrei gem\u00e4\u00df der Regelung der Europ\u00e4ischen Union<\/li>\n<\/ul>\n","protected":false},"excerpt":{"rendered":"<p>Straubery Banne Chockolate Salted caramel Apple pie vanilla Cookies&amp;cream Bourbon vanilla Unflavourd Molkenprotein-Komplex mit Bromelain-Enzymen, Aminos\u00e4uren, palm\u00f6lfrei, mit S\u00fc\u00dfungsmittel. Warum empfehlen wir das Produkt BioTechUSA 100% Pure Whey? Mit BCAA, Glutamin und Arginin Mehr als 4,3 g BCAA pro Portion Glutenfrei* Palm\u00f6lfrei Ohne Konservierungsstoffe Gro\u00dfe Geschmacksauswahl Erh\u00e4ltlich in mehreren Geschmacksrichtungen *Glutenfrei gem\u00e4\u00df der Regelung der [&#8230;]\n","protected":false},"featured_media":3394,"comment_status":"open","ping_status":"closed","template":"","meta":[],"product_cat":[143],"product_tag":[],"class_list":["post-3393","product","type-product","status-publish","has-post-thumbnail","hentry","product_cat-protein"],"_links":{"self":[{"href":"https:\/\/bodynicesupplement.com\/fa\/wp-json\/wp\/v2\/product\/3393","targetHints":{"allow":["GET"]}}],"collection":[{"href":"https:\/\/bodynicesupplement.com\/fa\/wp-json\/wp\/v2\/product"}],"about":[{"href":"https:\/\/bodynicesupplement.com\/fa\/wp-json\/wp\/v2\/types\/product"}],"replies":[{"embeddable":true,"href":"https:\/\/bodynicesupplement.com\/fa\/wp-json\/wp\/v2\/comments?post=3393"}],"wp:featuredmedia":[{"embeddable":true,"href":"https:\/\/bodynicesupplement.com\/fa\/wp-json\/wp\/v2\/media\/3394"}],"wp:attachment":[{"href":"https:\/\/bodynicesupplement.com\/fa\/wp-json\/wp\/v2\/media?parent=3393"}],"wp:term":[{"taxonomy":"product_cat","embeddable":true,"href":"https:\/\/bodynicesupplement.com\/fa\/wp-json\/wp\/v2\/product_cat?post=3393"},{"taxonomy":"product_tag","embeddable":true,"href":"https:\/\/bodynicesupplement.com\/fa\/wp-json\/wp\/v2\/product_tag?post=3393"}],"curies":[{"name":"wp","href":"https:\/\/api.w.org\/{rel}","templated":true}]}}