{"id":3362,"date":"2023-12-17T11:31:28","date_gmt":"2023-12-17T11:31:28","guid":{"rendered":"http:\/\/bodynicesupplement.com\/?post_type=product&#038;p=3362"},"modified":"2026-02-26T09:46:45","modified_gmt":"2026-02-26T09:46:45","slug":"iso-whey-protein","status":"publish","type":"product","link":"https:\/\/bodynicesupplement.com\/fa\/produkt\/iso-whey-protein\/","title":{"rendered":"100 % CFM Iso Whey Protein \u2013 perfekt l\u00f6slich"},"content":{"rendered":"<p>Iso Whey Protein aus echter Weidemilch! Mit Milch von K\u00fchen, die Gras fressen und ihr Leben auf der Weide verbringen. Wo man das findet? Bei uns nat\u00fcrlich. Wir wissen, die beste Milch macht die besten Protein-Shakes. Und die beste Milch stammt aus artgerechter Weidehaltung in Irland! Das Ergebnis: das BODY ATTACK EXTREME ISO WHEY. Unser Premium-Eiwei\u00dfpulver hat einen Isolat-Anteil von mehr als 90 Prozent, wird schonend hergestellt, ist laktosearm, aspartamfrei und hervorragend vertr\u00e4glich. Welches Whey Isolat mehr kann? Wahrscheinlich keins. Perfekt f\u00fcr dich und deine Ziele!<\/p>\n<p>Flavour<br \/>\nBanane<br \/>\nVanilla<br \/>\nStraubery<br \/>\nChockolate<br \/>\nCookies cream<\/p>\n","protected":false},"excerpt":{"rendered":"<p>100 % CFM Iso Whey Protein \u2013 perfekt l\u00f6slich<br \/>\nAus bester Milch von irischen Weidek\u00fchen &#8211; Grasf\u00fctterung<br \/>\nLaktosearm &#8211; glutenarm \u2013 aspartamfrei \u2013 wenig Fett<\/p>\n","protected":false},"featured_media":3363,"comment_status":"open","ping_status":"closed","template":"","meta":[],"product_cat":[143],"product_tag":[],"class_list":["post-3362","product","type-product","status-publish","has-post-thumbnail","hentry","product_cat-protein"],"_links":{"self":[{"href":"https:\/\/bodynicesupplement.com\/fa\/wp-json\/wp\/v2\/product\/3362","targetHints":{"allow":["GET"]}}],"collection":[{"href":"https:\/\/bodynicesupplement.com\/fa\/wp-json\/wp\/v2\/product"}],"about":[{"href":"https:\/\/bodynicesupplement.com\/fa\/wp-json\/wp\/v2\/types\/product"}],"replies":[{"embeddable":true,"href":"https:\/\/bodynicesupplement.com\/fa\/wp-json\/wp\/v2\/comments?post=3362"}],"wp:featuredmedia":[{"embeddable":true,"href":"https:\/\/bodynicesupplement.com\/fa\/wp-json\/wp\/v2\/media\/3363"}],"wp:attachment":[{"href":"https:\/\/bodynicesupplement.com\/fa\/wp-json\/wp\/v2\/media?parent=3362"}],"wp:term":[{"taxonomy":"product_cat","embeddable":true,"href":"https:\/\/bodynicesupplement.com\/fa\/wp-json\/wp\/v2\/product_cat?post=3362"},{"taxonomy":"product_tag","embeddable":true,"href":"https:\/\/bodynicesupplement.com\/fa\/wp-json\/wp\/v2\/product_tag?post=3362"}],"curies":[{"name":"wp","href":"https:\/\/api.w.org\/{rel}","templated":true}]}}