{"id":4466,"date":"2025-12-01T15:10:01","date_gmt":"2025-12-01T15:10:01","guid":{"rendered":"https:\/\/bodynicesupplement.com\/?post_type=product&#038;p=4466"},"modified":"2025-12-01T15:10:01","modified_gmt":"2025-12-01T15:10:01","slug":"serious-mass2700","status":"publish","type":"product","link":"https:\/\/bodynicesupplement.com\/en\/produkt\/serious-mass2700\/","title":{"rendered":"Serious Mass 2700"},"content":{"rendered":"<p>Serious Mass ist eine hochkalorische Rezeptur f\u00fcr die Gewichtszunahme und wurde entwickelt, um die t\u00e4gliche Kalorienzufuhr zu erh\u00f6hen und so die Trainings- und Ern\u00e4hrungsziele zu unterst\u00fctzen. Jede Portion enth\u00e4lt 1.250\u00a0Kalorien, 50\u00a0Gramm Protein, \u00fcber 250\u00a0Gramm Kohlenhydrate und 3\u00a0Gramm zugesetztes Kreatin zur Leistungssteigerung.<\/p>\n<h3>Leistungsvorteile:<\/h3>\n<ul>\n<li>Enth\u00e4lt 1.250\u00a0Kalorien pro Portion und hilft dabei, einen Kalorien\u00fcberschuss zu erzielen, der f\u00fcr die Gewichtszunahme und den Muskelaufbau wichtig ist.<\/li>\n<li>Enth\u00e4lt 50\u00a0Gramm Molkenprotein pro Portion zur Unterst\u00fctzung von Muskelwachstum und -erhalt.<\/li>\n<li>Bietet \u00fcber 250\u00a0Gramm Kohlenhydrate pro Portion, um die Muskelerholung zu unterst\u00fctzen und die Glykogenspeicher nach intensiven Trainingseinheiten wieder aufzuf\u00fcllen.<\/li>\n<li>Enth\u00e4lt 3\u00a0Gramm zus\u00e4tzliches Kreatin pro Portion, um die Leistung bei hochintensivem Training zu verbessern.<\/li>\n<\/ul>\n<h3>Produktanwendung:<\/h3>\n<ul>\n<li>Nach dem Training: Innerhalb von 30\u00a0Minuten nach dem Sport einnehmen, um die Erholung der Muskeln zu unterst\u00fctzen und die Energiespeicher wieder aufzuf\u00fcllen.<\/li>\n<li>Zwischen den Mahlzeiten: Als kalorienreicher Snack zur Aufrechterhaltung einer positiven Energiebilanz und zur Unterst\u00fctzung eines kontinuierlichen Muskelaufbaus.<\/li>\n<li>Vor dem Schlafengehen: Vor dem Schlafengehen einnehmen, um eine kontinuierliche N\u00e4hrstoffzufuhr w\u00e4hrend der n\u00e4chtlichen Nahrungspause zu gew\u00e4hrleisten.<\/li>\n<\/ul>\n<h3>Warum dieses Produkt?<\/h3>\n<p>Serious Mass ist ideal f\u00fcr Menschen mit einem hohen Stoffwechsel, einem schw\u00e4cheren Appetit oder f\u00fcr diejenigen, die einen mobilen Lebensstil f\u00fchren und Schwierigkeiten haben, ausreichend Kalorien allein durch Vollwertkost zu sich zu nehmen. Es ist in einer Reihe leckerer Geschmacksrichtungen erh\u00e4ltlich und bietet eine bequeme und effektive L\u00f6sung, um deine Ziele bez\u00fcglich Gewichtszunahme und Muskelaufbau zu unterst\u00fctzen.<\/p>\n<p><small>*Kohlenhydrate tragen zur Wiederherstellung der normalen Muskelfunktion nach sehr intensiver und\/oder lang anhaltender k\u00f6rperlicher Bet\u00e4tigung bei, die zu Muskelerm\u00fcdung und zur Ersch\u00f6pfung der Glykogenspeicher im Skelettmuskel f\u00fchrt. Dieser Vorteil wird bei einer Zufuhr von 4\u00a0g Kohlenhydrate insgesamt pro kg K\u00f6rpergewicht in den ersten 4-6\u00a0Stunden beobachtet.<br \/>\n*Eiwei\u00df tr\u00e4gt bei regelm\u00e4\u00dfigem Krafttraining zum Wachstum und Erhalt der Muskelmasse bei.<\/small><\/p>\n<h2>Beschreibung<\/h2>\n<p>Mischfertiges Pulver mit Proteinen, Kohlenhydraten, Vitaminen, Mineralien und S\u00fc\u00dfstoff Kreatin erh\u00f6ht die k\u00f6rperliche Leistung bei aufeinanderfolgenden, kurzen und hochintensiven Trainingsintervallen. Kohlenhydrate tragen zur Wiederherstellung der normalen Muskelfunktion nach hochintensiver und\/oder lang anhaltender k\u00f6rperlicher Bet\u00e4tigung bei, die zu Muskelerm\u00fcdung und zur Ersch\u00f6pfung der Glykogenspeicher in den Skelettmuskeln f\u00fchrt. Dieser Vorteil wird bei einer Gesamtkohlenhydrataufnahme von 4 g pro kg K\u00f6rpergewicht in mehreren Dosen innerhalb der ersten vier bis sechs Stunden nach dem Training beobachtet.<\/p>\n","protected":false},"excerpt":{"rendered":"<div class=\"product-info__block-item\" data-block-id=\"text_dkD7Tz\" data-block-type=\"text\">\n<div class=\"product-info__text\">\n<div class=\"prose\">\n<ul class=\"metafield-single_line_text_field-array\">\n<li class=\"metafield-single_line_text_field\">Das ultimative Pulver f\u00fcr die Gewichtszunahme, ideal f\u00fcr die Zeit nach dem Training oder zwischen den Mahlzeiten, um den Muskelaufbau und die Gewichtszunahme zu unterst\u00fctzen.<\/li>\n<li class=\"metafield-single_line_text_field\">Enth\u00e4lt mehr als 1.250 kcal pro Portion f\u00fcr ausreichend Energie aller Trainingsziele.<\/li>\n<li class=\"metafield-single_line_text_field\">Enth\u00e4lt pro Portion 50 g hochwertiges Molkenprotein und 251 g Kohlenhydrate &#8211; entwickelt, um deine Ern\u00e4hrungsstrategie f\u00fcr das Training und die gesamte Energiezufuhr zu unterst\u00fctzen.<\/li>\n<li class=\"metafield-single_line_text_field\">Enth\u00e4lt 25 wichtige Vitamine und Mineralstoffe zur Unterst\u00fctzung der allgemeinen Gesundheit und Leistungsf\u00e4higkeit.<\/li>\n<li class=\"metafield-single_line_text_field\">2 Messl\u00f6ffel mit 710 ml Wasser oder Milch mischen, um einen reichhaltigen und wirksamen Shake zur Gewichtszunahme zu erhalten.<\/li>\n<\/ul>\n<\/div>\n<\/div>\n<\/div>\n","protected":false},"featured_media":4474,"comment_status":"open","ping_status":"closed","template":"","meta":[],"product_cat":[538],"product_tag":[],"class_list":["post-4466","product","type-product","status-publish","has-post-thumbnail","hentry","product_cat-mass-gainer"],"_links":{"self":[{"href":"https:\/\/bodynicesupplement.com\/en\/wp-json\/wp\/v2\/product\/4466","targetHints":{"allow":["GET"]}}],"collection":[{"href":"https:\/\/bodynicesupplement.com\/en\/wp-json\/wp\/v2\/product"}],"about":[{"href":"https:\/\/bodynicesupplement.com\/en\/wp-json\/wp\/v2\/types\/product"}],"replies":[{"embeddable":true,"href":"https:\/\/bodynicesupplement.com\/en\/wp-json\/wp\/v2\/comments?post=4466"}],"wp:featuredmedia":[{"embeddable":true,"href":"https:\/\/bodynicesupplement.com\/en\/wp-json\/wp\/v2\/media\/4474"}],"wp:attachment":[{"href":"https:\/\/bodynicesupplement.com\/en\/wp-json\/wp\/v2\/media?parent=4466"}],"wp:term":[{"taxonomy":"product_cat","embeddable":true,"href":"https:\/\/bodynicesupplement.com\/en\/wp-json\/wp\/v2\/product_cat?post=4466"},{"taxonomy":"product_tag","embeddable":true,"href":"https:\/\/bodynicesupplement.com\/en\/wp-json\/wp\/v2\/product_tag?post=4466"}],"curies":[{"name":"wp","href":"https:\/\/api.w.org\/{rel}","templated":true}]}}