{"id":4382,"date":"2025-12-01T12:41:50","date_gmt":"2025-12-01T12:41:50","guid":{"rendered":"https:\/\/bodynicesupplement.com\/?post_type=product&#038;p=4382"},"modified":"2026-03-20T13:09:29","modified_gmt":"2026-03-20T13:09:29","slug":"usn-iso-gro-whey-dutch-chocolate-2-kg","status":"publish","type":"product","link":"https:\/\/bodynicesupplement.com\/en\/produkt\/usn-iso-gro-whey-dutch-chocolate-2-kg\/","title":{"rendered":"USN ISO-GRO Whey, Dutch Chocolate, 2 kg"},"content":{"rendered":"<p>Produktbeschreibung USN &#8211; Iso-Gro Whey Dutch Chocolate, 2000 g Inhalt reichen f\u00fcr 57 Portionen zu je 35 g. Iso-Gro Whey Proteinshake besteht zu 80 % aus Proteine (Molkenprotein-Isolat, Milchprotein-Isolat, hydrolysiertes Rindfleischpeptid) und zu den enthaltenen Aminos\u00e4uren wurden weitere, f\u00fcr den K\u00f6rper wichtige Aminos\u00e4uren hinzugef\u00fcgt. Eine Portion (35 g) hat 2,7 g Kohlenhydrate wovon 1,2 g Zucker, 1,3 g Fett wovon 0,3 g ges\u00e4ttigte Fetts\u00e4uren, 28 g Proteine zum Aufbau und zur Regeneration der Muskelmasse und 3 g Kreatin zur Leistungssteigerung bei intensiven Trainings. Zink wurde zugef\u00fcgt zur Aufrecherhaltung des Testosteronspiegels und der normalen Funktion des Immunsystems, Unterst\u00fctzung der Proteinsynthese, des Kohlenhydratstoffwechsel und des Metabolismus von Fetts\u00e4uren. Calcium wurde hinzugef\u00fcgt zur Unterst\u00fctzung der Muskelfunktion und des Stoffwechsels. Inhaltsstoffe \/ Zutaten MOLKENPROTEINKONZENTRAT, MILCHPROTEIN ISOLAT, Hydroliserte Beefpeptide, Kreatin Monohydrat, Kakaopulver, L-Glutamin, Maltodextrin, Taurin, Aromen, Verdickungsmittel(Guarkernmehl, Xanthan), Natriumchlorid, S\u00fc\u00dfungsmittel(S\u00fc\u00dfungsmittel: Sucralose, S\u00fc\u00dfungsmittel: Acesulfam Kalium), Magnesium Bisglykinat , Zinkglycinat Alle Produktbeschreibungen<\/p>\n<h2>Inhaltsstoffe \/ Zutaten<\/h2>\n<p>MOLKENPROTEINKONZENTRAT, MILCHPROTEIN ISOLAT, Hydroliserte Beefpeptide, Kreatin Monohydrat, Kakaopulver, L-Glutamin, Maltodextrin, Taurin, Aromen, Verdickungsmittel(Guarkernmehl, Xanthan), Natriumchlorid, S\u00fc\u00dfungsmittel(S\u00fc\u00dfungsmittel: Sucralose, S\u00fc\u00dfungsmittel: Acesulfam Kalium), Magnesium Bisglykinat , Zinkglycinat<\/p>\n<h2>Gebrauchsanweisung<\/h2>\n<p>Empfohlene t\u00e4gliche Verzehrmenge: 1 Portion.<\/p>\n<h2>Warnhinweise<\/h2>\n<p>Die empfohlene t\u00e4gliche Verzehrmenge darf nicht \u00fcberschritten werden. Nahrungserg\u00e4nzungsmittel sollten nicht als Ersatz f\u00fcr eine ausgewogene Ern\u00e4hrung konsumiert werden.<\/p>\n<h2>Rechtliche Hinweise<\/h2>\n<p>Nahrungserg\u00e4nzungsmittel sind kein Ersatz f\u00fcr eine ausgewogene und abwechslungsreiche Ern\u00e4hrung<\/p>\n<table id=\"productDetails_techSpec_section_1\" class=\"a-keyvalue prodDetTable\">\n<tbody>\n<tr>\n<th class=\"a-color-secondary a-size-base prodDetSectionEntry\">Produktbezeichnung<\/th>\n<td class=\"a-size-base prodDetAttrValue\">\u200eMehrkomponenten-Proteine<\/td>\n<\/tr>\n<tr>\n<th class=\"a-color-secondary a-size-base prodDetSectionEntry\">Allergie-Informationen<\/th>\n<td class=\"a-size-base prodDetAttrValue\">\u200eEnth\u00e4lt: Milch<\/td>\n<\/tr>\n<tr>\n<th class=\"a-color-secondary a-size-base prodDetSectionEntry\">Netto-Gewicht<\/th>\n<td class=\"a-size-base prodDetAttrValue\">\u200e2000 Gramm<\/td>\n<\/tr>\n<tr>\n<th class=\"a-color-secondary a-size-base prodDetSectionEntry\">St\u00fcckzahl<\/th>\n<td class=\"a-size-base prodDetAttrValue\">\u200e2000.0 gramm<\/td>\n<\/tr>\n<tr>\n<th class=\"a-color-secondary a-size-base prodDetSectionEntry\">Aufbewahrung<\/th>\n<td class=\"a-size-base prodDetAttrValue\">\u200eK\u00fchl und trocken Lagern!<\/td>\n<\/tr>\n<tr>\n<th class=\"a-color-secondary a-size-base prodDetSectionEntry\">Ursprungsland<\/th>\n<td class=\"a-size-base prodDetAttrValue\">\u200eGro\u00dfbritannien<\/td>\n<\/tr>\n<tr>\n<th class=\"a-color-secondary a-size-base prodDetSectionEntry\">Ursprungsland der prim\u00e4ren Zutat(en)<\/th>\n<td class=\"a-size-base prodDetAttrValue\">\u200eGro\u00dfbritannien<\/td>\n<\/tr>\n<tr>\n<th class=\"a-color-secondary a-size-base prodDetSectionEntry\">Herkunftsort der prim\u00e4ren Zutat(en)<\/th>\n<td class=\"a-size-base prodDetAttrValue\">\u200eGro\u00dfbritannien<\/td>\n<\/tr>\n<tr>\n<th class=\"a-color-secondary a-size-base prodDetSectionEntry\">Marke<\/th>\n<td class=\"a-size-base prodDetAttrValue\">\u200eUSN<\/td>\n<\/tr>\n<tr>\n<th class=\"a-color-secondary a-size-base prodDetSectionEntry\">Format<\/th>\n<td class=\"a-size-base prodDetAttrValue\">\u200ePuder, Pulver<\/td>\n<\/tr>\n<tr>\n<th class=\"a-color-secondary a-size-base prodDetSectionEntry\">Altersstufe<\/th>\n<td class=\"a-size-base prodDetAttrValue\">\u200eErwachsener<\/td>\n<\/tr>\n<\/tbody>\n<\/table>\n<h5 class=\"a-spacing-small\">N\u00e4hrwertangaben<\/h5>\n<table id=\"productDetails_techSpec_section_2\" class=\"a-keyvalue prodDetTable\">\n<tbody>\n<tr>\n<th class=\"a-color-secondary a-size-base prodDetSectionEntry\">Portionsgr\u00f6\u00dfe<\/th>\n<td class=\"a-size-base prodDetAttrValue\">\u200e1 Gramm, 100 Gramm<\/td>\n<\/tr>\n<tr>\n<th class=\"a-color-secondary a-size-base prodDetSectionEntry\">Energie (kcal)<\/th>\n<td class=\"a-size-base prodDetAttrValue\">\u200e393.39 kcal<\/td>\n<\/tr>\n<tr>\n<th class=\"a-color-secondary a-size-base prodDetSectionEntry\">Eiwei\u00df<\/th>\n<td class=\"a-size-base prodDetAttrValue\">\u200e80 Gramm<\/td>\n<\/tr>\n<\/tbody>\n<\/table>\n","protected":false},"excerpt":{"rendered":"<table class=\"a-normal a-spacing-micro\" role=\"list\">\n<tbody>\n<tr class=\"a-spacing-small po-brand\" role=\"listitem\">\n<td class=\"a-span3\" role=\"presentation\"><span class=\"a-size-base a-text-bold\">Marke<\/span><\/td>\n<td class=\"a-span9\" role=\"presentation\"><span class=\"a-size-base po-break-word\">USN<\/span><\/td>\n<\/tr>\n<tr class=\"a-spacing-small po-flavor\" role=\"listitem\">\n<td class=\"a-span3\" role=\"presentation\"><span class=\"a-size-base a-text-bold\">Geschmacksrichtung<\/span><\/td>\n<td class=\"a-span9\" role=\"presentation\"><span class=\"a-size-base po-break-word\">Dutch Chocolate<\/span><\/td>\n<\/tr>\n<tr class=\"a-spacing-small po-item_weight\" role=\"listitem\">\n<td class=\"a-span3\" role=\"presentation\"><span class=\"a-size-base a-text-bold\">Artikelgewicht<\/span><\/td>\n<td class=\"a-span9\" role=\"presentation\"><span class=\"a-size-base po-break-word\">2 Kilogramm<\/span><\/td>\n<\/tr>\n<tr class=\"a-spacing-small po-protein_source\" role=\"listitem\">\n<td class=\"a-span3\" role=\"presentation\"><span class=\"a-size-base a-text-bold\">Protein-Quelle<\/span><\/td>\n<td class=\"a-span9\" role=\"presentation\"><span class=\"a-size-base po-break-word\">Mischgewebe<\/span><\/td>\n<\/tr>\n<tr class=\"a-spacing-small po-unit_count\" role=\"listitem\">\n<td class=\"a-span3\" role=\"presentation\"><span class=\"a-size-base a-text-bold\">Anzahl der Einheiten<\/span><\/td>\n<td class=\"a-span9\" role=\"presentation\"><span class=\"a-size-base po-break-word\">2000.0 gramm<\/span><\/td>\n<\/tr>\n<tr class=\"a-spacing-small po-recommended_uses_for_product\" role=\"listitem\">\n<td class=\"a-span3\" role=\"presentation\"><span class=\"a-size-base a-text-bold\">Empfohlene Anwendungen f\u00fcr Produkt<\/span><\/td>\n<td class=\"a-span9\" role=\"presentation\"><span class=\"a-size-base po-break-word\">Post-Workout<\/span><\/td>\n<\/tr>\n<tr class=\"a-spacing-small po-number_of_items\" role=\"listitem\">\n<td class=\"a-span3\" role=\"presentation\"><span class=\"a-size-base a-text-bold\">Anzahl der Artikel<\/span><\/td>\n<td class=\"a-span9\" role=\"presentation\"><span class=\"a-size-base po-break-word\">1<\/span><\/td>\n<\/tr>\n<tr class=\"a-spacing-small po-age_range_description\" role=\"listitem\">\n<td class=\"a-span3\" role=\"presentation\"><span class=\"a-size-base a-text-bold\">Altersspektrum (Beschreibung)<\/span><\/td>\n<td class=\"a-span9\" role=\"presentation\"><span class=\"a-size-base po-break-word\">Erwachsener<\/span><\/td>\n<\/tr>\n<tr class=\"a-spacing-small po-allergen_information\" role=\"listitem\">\n<td class=\"a-span3\" role=\"presentation\"><span class=\"a-size-base a-text-bold\">Allergenhinweis<\/span><\/td>\n<td class=\"a-span9\" role=\"presentation\"><span class=\"a-size-base po-break-word\">Enth\u00e4lt: Milch<\/span><\/td>\n<\/tr>\n<tr class=\"a-spacing-small po-item_dimensions\" role=\"listitem\">\n<td class=\"a-span3\" role=\"presentation\"><span class=\"a-size-base a-text-bold\">Artikelma\u00dfe L x B x H<\/span><\/td>\n<td class=\"a-span9\" role=\"presentation\"><span class=\"a-size-base po-break-word\">19 x 19 x 31,5 cm<\/span><\/td>\n<\/tr>\n<\/tbody>\n<\/table>\n","protected":false},"featured_media":4388,"comment_status":"open","ping_status":"closed","template":"","meta":[],"product_cat":[143],"product_tag":[],"class_list":["post-4382","product","type-product","status-publish","has-post-thumbnail","hentry","product_cat-protein"],"_links":{"self":[{"href":"https:\/\/bodynicesupplement.com\/en\/wp-json\/wp\/v2\/product\/4382","targetHints":{"allow":["GET"]}}],"collection":[{"href":"https:\/\/bodynicesupplement.com\/en\/wp-json\/wp\/v2\/product"}],"about":[{"href":"https:\/\/bodynicesupplement.com\/en\/wp-json\/wp\/v2\/types\/product"}],"replies":[{"embeddable":true,"href":"https:\/\/bodynicesupplement.com\/en\/wp-json\/wp\/v2\/comments?post=4382"}],"wp:featuredmedia":[{"embeddable":true,"href":"https:\/\/bodynicesupplement.com\/en\/wp-json\/wp\/v2\/media\/4388"}],"wp:attachment":[{"href":"https:\/\/bodynicesupplement.com\/en\/wp-json\/wp\/v2\/media?parent=4382"}],"wp:term":[{"taxonomy":"product_cat","embeddable":true,"href":"https:\/\/bodynicesupplement.com\/en\/wp-json\/wp\/v2\/product_cat?post=4382"},{"taxonomy":"product_tag","embeddable":true,"href":"https:\/\/bodynicesupplement.com\/en\/wp-json\/wp\/v2\/product_tag?post=4382"}],"curies":[{"name":"wp","href":"https:\/\/api.w.org\/{rel}","templated":true}]}}