{"id":4359,"date":"2025-12-01T12:30:07","date_gmt":"2025-12-01T12:30:07","guid":{"rendered":"https:\/\/bodynicesupplement.com\/?post_type=product&#038;p=4359"},"modified":"2025-12-02T06:06:51","modified_gmt":"2025-12-02T06:06:51","slug":"citec-nutrition-radical-whey-whey-protein-concentrate-and-isolate-with-creatine-and-bcaas-gluten-free-fat-free-1000-g","status":"publish","type":"product","link":"https:\/\/bodynicesupplement.com\/en\/produkt\/citec-nutrition-radical-whey-whey-protein-concentrate-and-isolate-with-creatine-and-bcaas-gluten-free-fat-free-1000-g\/","title":{"rendered":"Citec Nutrition Radical Whey &#8211; Whey Protein Concentrate and Isolate &#8211; With Creatine and BCAAs &#8211; Gluten Free &#8211; Fat-Free, 1000 g"},"content":{"rendered":"<p>Radical Whey is a real creamy protein blend of whey concentrate and isolate with additional valuable amino acids and creatine. The added amino acids and creatine monohydrate make it an ideal choice for both post-workout protein supplementation and protein intake before bed.<\/p>\n<h2>Ingredients<\/h2>\n<p>Instant whey protein concentrate (milk) {whey protein concentrate (milk), emulsifier [lecithin (soya)], whey protein isolate (milk)}, maltodextrin, creatine monohydrate, skim milk powder, glycine, flavours (contains caffeine), thickener (xanthan gum), fat-reduced cocoa powder, *L-glutamine, L-arginine hydrochloride, table salt, cinnamon powder, L-isoleucine*, L-valine*, sweetener (acesulfame K, sucralose). *BCAA: Branched chain amino acids. Manufactured in a facility where eggs, peanuts, nuts, celery, fish, crustaceans and sulphur dioxide are processed.<\/p>\n<h2>Directions<\/h2>\n<p>For 1 serving, mix 22.5 g (1\/3 scoop) of powder in a shaker with 200 ml of water. Use an accurate scale to weigh the dose. Consume 1 serving daily.<\/p>\n<h2>Safety Warning<\/h2>\n<p>Do not use under 18 years of age or in case of known underlying disease and\/or when taking medication. Do not use during pregnancy and breastfeeding<\/p>\n<h2>Manufacturer Contact Information<\/h2>\n<p>BioTech USA Korl\u00e1tolt Felel?ss\u00e9g? T\u00e1rsas\u00e1g, 1033 Budapest, Huszti \u00fat 60, Hungary<\/p>\n","protected":false},"excerpt":{"rendered":"<ul class=\"a-unordered-list a-vertical a-spacing-mini\">\n<li class=\"a-spacing-mini\"><span class=\"a-list-item\"> High-quality protein source: this product contains an average of 71% protein from instant whey concentrate and isolate, with a creamy texture that provides a pleasant consumption experience. <\/span><\/li>\n<li class=\"a-spacing-mini\"><span class=\"a-list-item\"> SUPPORT AFTER TRAINING RECOVERY &#8211; With 2968 mg of added creatine and BCAAs, it effectively supports muscle recovery and strength, making it an excellent choice for post-workout protein intake. <\/span><\/li>\n<li class=\"a-spacing-mini\"><span class=\"a-list-item\"> Versatile uses: ideal for anyone looking for a versatile protein formula. Thanks to its glycine content, it is also suitable for consumption in the late evening or before bedtime. <\/span><\/li>\n<li class=\"a-spacing-mini\"><span class=\"a-list-item\"> Comprehensive and transparent amino acid profile: enriched with glycine, glutamine, arginine and BCAAs, this protein blend supports muscle building, recovery and overall physical performance <\/span><\/li>\n<li class=\"a-spacing-mini\"><span class=\"a-list-item\"> Clean ingredients for a conscious diet: the product is gluten, fat and palm oil free and is therefore ideal for a health-conscious, clean lifestyle. <\/span><\/li>\n<\/ul>\n","protected":false},"featured_media":4367,"comment_status":"open","ping_status":"closed","template":"","meta":[],"product_cat":[143],"product_tag":[],"class_list":["post-4359","product","type-product","status-publish","has-post-thumbnail","hentry","product_cat-protein"],"_links":{"self":[{"href":"https:\/\/bodynicesupplement.com\/en\/wp-json\/wp\/v2\/product\/4359","targetHints":{"allow":["GET"]}}],"collection":[{"href":"https:\/\/bodynicesupplement.com\/en\/wp-json\/wp\/v2\/product"}],"about":[{"href":"https:\/\/bodynicesupplement.com\/en\/wp-json\/wp\/v2\/types\/product"}],"replies":[{"embeddable":true,"href":"https:\/\/bodynicesupplement.com\/en\/wp-json\/wp\/v2\/comments?post=4359"}],"wp:featuredmedia":[{"embeddable":true,"href":"https:\/\/bodynicesupplement.com\/en\/wp-json\/wp\/v2\/media\/4367"}],"wp:attachment":[{"href":"https:\/\/bodynicesupplement.com\/en\/wp-json\/wp\/v2\/media?parent=4359"}],"wp:term":[{"taxonomy":"product_cat","embeddable":true,"href":"https:\/\/bodynicesupplement.com\/en\/wp-json\/wp\/v2\/product_cat?post=4359"},{"taxonomy":"product_tag","embeddable":true,"href":"https:\/\/bodynicesupplement.com\/en\/wp-json\/wp\/v2\/product_tag?post=4359"}],"curies":[{"name":"wp","href":"https:\/\/api.w.org\/{rel}","templated":true}]}}