{"id":4268,"date":"2025-11-30T12:51:57","date_gmt":"2025-11-30T12:51:57","guid":{"rendered":"https:\/\/bodynicesupplement.com\/?post_type=product&#038;p=4268"},"modified":"2026-02-26T09:46:27","modified_gmt":"2026-02-26T09:46:27","slug":"hit-bcaa-1011","status":"publish","type":"product","link":"https:\/\/bodynicesupplement.com\/en\/produkt\/hit-bcaa-1011\/","title":{"rendered":"HIT BCAA 10:1:1 400g, 20 Servings"},"content":{"rendered":"<p>HIT BCAA 10:1:1 von DY Nutrition ist eine einzigartige Formel, die 12 g verzweigtkettige Aminos\u00e4uren pro Portion enth\u00e4lt, um den Abbau von Gewebe w\u00e4hrend des Trainings zu minimieren und die Erholungszeit zwischen den S\u00e4tzen zu verbessern. Die wirkungsvollen Inhaltsstoffe erm\u00f6glichen es, den Katabolismus w\u00e4hrend des Trainings abzuwehren. Durch die Aufnahme der hohen Dosierung von Citrullin Malat und Beta-Alanin wird die Ausdauer erh\u00f6ht und die Intensit\u00e4t l\u00e4nger aufrechterhaltbar. Die HIT BCAA sorgen f\u00fcr einen erh\u00f6hten Pump-Effekt in der Muskulatur, sowie f\u00fcr explosive Kraftzuw\u00e4chse und eine kraftvolle Muskelkontraktion, bis zur aller letzten Wiederholung.<\/p>\n<p>DORIAN YATES ZITAT<br \/>\n&#8220;My HIT BCAA 10:1:1 formula is unparalleled as an intra-workout amino acid supplement \u2014 there\u2019s no other product out there that delivers a staggering 12 grams of Branched Chain Amino Acids directly to your depleted tissues during training. The result is you\u2019re able to maintain your intensity until the very last rep in the gym. However, I wanted to beef the formula up and tailor it more to performance as well. With the inclusion of Beta-Alanine, Citrulline Malate, and L-Tyrosine, you\u2019re also able to sustain your maximum effort on each set and shatter PB\u2019s \u2014 which is crucial for long-term muscle adaptation to take place.&#8221;<\/p>\n<h2><strong>Produkt-Highlights:<\/strong><\/h2>\n<ul>\n<li>12000 mg BCAA<\/li>\n<li>3000 mg Citrullin Malat f\u00fcr explosiven Muskelpump und verbesserte Leistung<\/li>\n<li>2000 mg Beta-Alanin f\u00fcr verl\u00e4ngerte Muskelausdauer<\/li>\n<li>Koffeinfrei &amp; zuckerfrei<\/li>\n<\/ul>\n<h2><strong>Verzehrempfehlung:<\/strong><\/h2>\n<p>Mischen Sie 2 Messl\u00f6ffel (20 g) mit 500 &#8211; 600 ml kaltem Wasser. Trinken Sie 1 Portion vor dem Training oder w\u00e4hrend dem Training.<\/p>\n<h2><strong>Hinweise:<\/strong><\/h2>\n<p>Au\u00dferhalb der Reichweite von Kindern aufbewahren. K\u00fchl und trocken lagern. Dieses Produkt ist kein Ersatz f\u00fcr eine ausgewogene und abwechslungsreiche Ern\u00e4hrung. Die angegebene t\u00e4gliche Verzehrempfehlung darf nicht \u00fcberschritten werden. Nicht verwenden, wenn Sie allergisch gegen einen der Inhaltsstoffe sind. Nicht verwenden, wenn Sie schwanger sind oder stillen. Beta-Alanin kann bei einigen Personen ein harmloses, vor\u00fcbergehendes Kribbeln auf der Haut verursachen.<\/p>\n<h2><strong>N\u00e4hrwerttabelle:<\/strong><\/h2>\n<table border=\"0\" width=\"500\" cellspacing=\"1\" cellpadding=\"1\">\n<tbody>\n<tr>\n<td><\/td>\n<td><strong>Pro 100 g<\/strong><\/td>\n<td><strong>Pro Portion (20 g)<\/strong><\/td>\n<\/tr>\n<tr>\n<td>Brennwert<\/td>\n<td>1020 kJ \/ 240 kcal<\/td>\n<td>204 kJ \/ 48 kcal<\/td>\n<\/tr>\n<tr>\n<td>Fett<\/td>\n<td>0 g<\/td>\n<td>0 g<\/td>\n<\/tr>\n<tr>\n<td>&#8211; davon ges\u00e4ttigte<br \/>\nFetts\u00e4uren<\/td>\n<td>0 g<\/td>\n<td>0 g<\/td>\n<\/tr>\n<tr>\n<td>Kohlenhydrate<\/td>\n<td>0 g<\/td>\n<td>0 g<\/td>\n<\/tr>\n<tr>\n<td>&#8211; davon Zucker<\/td>\n<td>0 g<\/td>\n<td>0 g<\/td>\n<\/tr>\n<tr>\n<td>Protein<\/td>\n<td>60 g<\/td>\n<td>12 g<\/td>\n<\/tr>\n<tr>\n<td>Salz<\/td>\n<td>0 g<\/td>\n<td>0 g<\/td>\n<\/tr>\n<tr>\n<td>BCAA<\/td>\n<td>60000 mg<\/td>\n<td>12000 mg<\/td>\n<\/tr>\n<tr>\n<td>L-Leucin<\/td>\n<td>50000 mg<\/td>\n<td>10000 mg<\/td>\n<\/tr>\n<tr>\n<td>L-Isoleucin<\/td>\n<td>5000 mg<\/td>\n<td>1000 mg<\/td>\n<\/tr>\n<tr>\n<td>L-Valin<\/td>\n<td>5000 mg<\/td>\n<td>1000 mg<\/td>\n<\/tr>\n<tr>\n<td>L-Citrullin DL-Malat (2:1)<\/td>\n<td>15000 mg<\/td>\n<td>3000 mg<\/td>\n<\/tr>\n<tr>\n<td>Beta-Alanin<\/td>\n<td>10000 mg<\/td>\n<td>2000 mg<\/td>\n<\/tr>\n<tr>\n<td>L-Tyrosin<\/td>\n<td>5000 mg<\/td>\n<td>1000 mg<\/td>\n<\/tr>\n<\/tbody>\n<\/table>\n","protected":false},"excerpt":{"rendered":"<p>HIT BCAA 10:1:1 von DY Nutrition ist eine einzigartige Formel, die 12 g verzweigtkettige Aminos\u00e4uren pro Portion enth\u00e4lt, um den Abbau von Gewebe w\u00e4hrend des Trainings zu minimieren und die Erholungszeit zwischen den S\u00e4tzen zu verbessern. Die wirkungsvollen Inhaltsstoffe erm\u00f6glichen es, den Katabolismus w\u00e4hrend des Trainings abzuwehren. Durch die Aufnahme der hohen Dosierung von Citrullin [&#8230;]\n","protected":false},"featured_media":4269,"comment_status":"open","ping_status":"closed","template":"","meta":[],"product_cat":[144],"product_tag":[],"class_list":["post-4268","product","type-product","status-publish","has-post-thumbnail","hentry","product_cat-amino"],"_links":{"self":[{"href":"https:\/\/bodynicesupplement.com\/en\/wp-json\/wp\/v2\/product\/4268","targetHints":{"allow":["GET"]}}],"collection":[{"href":"https:\/\/bodynicesupplement.com\/en\/wp-json\/wp\/v2\/product"}],"about":[{"href":"https:\/\/bodynicesupplement.com\/en\/wp-json\/wp\/v2\/types\/product"}],"replies":[{"embeddable":true,"href":"https:\/\/bodynicesupplement.com\/en\/wp-json\/wp\/v2\/comments?post=4268"}],"wp:featuredmedia":[{"embeddable":true,"href":"https:\/\/bodynicesupplement.com\/en\/wp-json\/wp\/v2\/media\/4269"}],"wp:attachment":[{"href":"https:\/\/bodynicesupplement.com\/en\/wp-json\/wp\/v2\/media?parent=4268"}],"wp:term":[{"taxonomy":"product_cat","embeddable":true,"href":"https:\/\/bodynicesupplement.com\/en\/wp-json\/wp\/v2\/product_cat?post=4268"},{"taxonomy":"product_tag","embeddable":true,"href":"https:\/\/bodynicesupplement.com\/en\/wp-json\/wp\/v2\/product_tag?post=4268"}],"curies":[{"name":"wp","href":"https:\/\/api.w.org\/{rel}","templated":true}]}}