{"id":4241,"date":"2025-11-30T12:22:19","date_gmt":"2025-11-30T12:22:19","guid":{"rendered":"https:\/\/bodynicesupplement.com\/?post_type=product&#038;p=4241"},"modified":"2025-12-02T06:17:10","modified_gmt":"2025-12-02T06:17:10","slug":"7nutrition-creatine-monohydrat-500g-pulver-micronized-creatin-200-mesh","status":"publish","type":"product","link":"https:\/\/bodynicesupplement.com\/en\/produkt\/7nutrition-creatine-monohydrat-500g-pulver-micronized-creatin-200-mesh\/","title":{"rendered":"7Nutrition Creatine Monohydrat 500g Pulver Micronized Creatin &#8211; 200 MESH"},"content":{"rendered":"<h2>MENGE IN DER PACKUNG: 133 Portionen<\/h2>\n<p>Mikronisiertes Kreatin-Monohydrat.<\/p>\n<p>Eines der effektivsten und anabolsten legalen Nahrungserg\u00e4nzungsmittel.<\/p>\n<p>Kreatinmonohydrat ist am Stoffwechsel k\u00f6rperlicher Bet\u00e4tigung beteiligt, erh\u00f6ht die Produktion von ATP &#8211; Adenosintriphosphat. Es wirkt sich direkt auf alle gew\u00fcnschten Trainingsziele aus.<\/p>\n<p>\u2013 Steigerung der Muskelkraft<br \/>\n\u2013 Zunahme der mageren Muskelmasse<br \/>\n\u2013 Steigerung der Kraftausdauer<br \/>\n\u2013 Erh\u00f6hung der Energieressourcen im K\u00f6rper<\/p>\n<p>Es wird empfohlen, Kreatin mit Inhaltsstoffen zu kombinieren, die den Insulinspiegel erh\u00f6hen, einschlie\u00dflich Taurin. Die Mindestzugabe von 5 Gramm Taurin pro 100 Gramm sorgt f\u00fcr einen noch besseren Transport des Monohydrats direkt zu den Muskelzellen.<br \/>\nDie empfohlene Art des Verzehrs. Mischen Sie 1 Messl\u00f6ffel (5 Gramm) in 250 ml Wasser. Um die Trainingszeiten herum konsumieren. Zyklisch verwenden, dabei min. einmonatige Pausen zwischen aufeinanderfolgenden Packungen von 7Nutrition Creatine Monohydrate.<\/p>\n<p>Wirkstoffe in 1 Portion (3,6g):<br \/>\nKreatin-Monohydrat 3,4 g<br \/>\nTaurin 0,2 g<\/p>\n<p>Zutaten: Kreatinmonohydrat; Taurin.<\/p>\n<p>ZUBEREITUNG:\u00a0 1 Messl\u00f6ffel (3,75 Gramm) in 250 ml Wasser mischen. Verzehren Sie dies rund um die Trainingszeiten. \u00dcberschreiten Sie nicht die empfohlene Dosis.<\/p>\n<p>Um die Trainingszeiten herum konsumieren.<\/p>\n","protected":false},"excerpt":{"rendered":"<p>MENGE IN DER PACKUNG: 133 Portionen Mikronisiertes Kreatin-Monohydrat. Eines der effektivsten und anabolsten legalen Nahrungserg\u00e4nzungsmittel. Kreatinmonohydrat ist am Stoffwechsel k\u00f6rperlicher Bet\u00e4tigung beteiligt, erh\u00f6ht die Produktion von ATP &#8211; Adenosintriphosphat. Es wirkt sich direkt auf alle gew\u00fcnschten Trainingsziele aus. \u2013 Steigerung der Muskelkraft \u2013 Zunahme der mageren Muskelmasse \u2013 Steigerung der Kraftausdauer \u2013 Erh\u00f6hung der Energieressourcen [&#8230;]\n","protected":false},"featured_media":4242,"comment_status":"open","ping_status":"closed","template":"","meta":[],"product_cat":[145],"product_tag":[],"class_list":["post-4241","product","type-product","status-publish","has-post-thumbnail","hentry","product_cat-kreatin"],"_links":{"self":[{"href":"https:\/\/bodynicesupplement.com\/en\/wp-json\/wp\/v2\/product\/4241","targetHints":{"allow":["GET"]}}],"collection":[{"href":"https:\/\/bodynicesupplement.com\/en\/wp-json\/wp\/v2\/product"}],"about":[{"href":"https:\/\/bodynicesupplement.com\/en\/wp-json\/wp\/v2\/types\/product"}],"replies":[{"embeddable":true,"href":"https:\/\/bodynicesupplement.com\/en\/wp-json\/wp\/v2\/comments?post=4241"}],"wp:featuredmedia":[{"embeddable":true,"href":"https:\/\/bodynicesupplement.com\/en\/wp-json\/wp\/v2\/media\/4242"}],"wp:attachment":[{"href":"https:\/\/bodynicesupplement.com\/en\/wp-json\/wp\/v2\/media?parent=4241"}],"wp:term":[{"taxonomy":"product_cat","embeddable":true,"href":"https:\/\/bodynicesupplement.com\/en\/wp-json\/wp\/v2\/product_cat?post=4241"},{"taxonomy":"product_tag","embeddable":true,"href":"https:\/\/bodynicesupplement.com\/en\/wp-json\/wp\/v2\/product_tag?post=4241"}],"curies":[{"name":"wp","href":"https:\/\/api.w.org\/{rel}","templated":true}]}}