{"id":4213,"date":"2025-11-29T10:13:52","date_gmt":"2025-11-29T10:13:52","guid":{"rendered":"https:\/\/bodynicesupplement.com\/?post_type=product&#038;p=4213"},"modified":"2025-12-02T06:14:15","modified_gmt":"2025-12-02T06:14:15","slug":"kevin-levrone-anabolic-mass-gainer-3kg","status":"publish","type":"product","link":"https:\/\/bodynicesupplement.com\/en\/produkt\/kevin-levrone-anabolic-mass-gainer-3kg\/","title":{"rendered":"Kevin Levrone Anabolic Mass Gainer 3kg"},"content":{"rendered":"<div class=\"product__description rte quick-add-hidden\">\n<h2>Kevin Levrone Anabolic Mass Gainer 3kg<\/h2>\n<p>Kevin Levrone Anabolic Mass Gainer 3kg im Supplement Support Online Shop kaufen!<\/p>\n<h4>Produkthighlights<\/h4>\n<ul>\n<li>3000g Dose = 30 Portionen<\/li>\n<li>4 Proteinquellen<\/li>\n<li>optimal f\u00fcr Muskel und Masseaufbau<\/li>\n<li>super Post Workout Shake<\/li>\n<li>392\u00a0kcal pro 100g Portion mit Wasser<\/li>\n<li>10 leckere Geschmacksrichtungen<\/li>\n<li>leicht verdaulich<\/li>\n<li>auch f\u00fcr Ausdauersportler geeignet<\/li>\n<li>kann die Gewichtszunahme f\u00f6rdern<\/li>\n<li>super Mahlzeiten Ersatz in der Aufbauphase.<\/li>\n<li>Noch mehr Mass gainer findest du HIER!!!<\/li>\n<\/ul>\n<p><u><strong>Einnahmeempfehlung<\/strong><\/u><\/p>\n<p>Mixen Sie auf den Tag verteilt \u00a02x 100g vom Gainer in 300-400 ml Wasser oder Milch. Ideal ist der Verzehr zu den Mahlzeiten und nach dem Training.<\/p>\n<p><strong>Hinweis zu diesem Produkt<\/strong><\/p>\n<p><strong><em><b>Durch das neue EU-Recht (Health Claim Verordnung) ist es leider nicht mehr m\u00f6glich Sie genau und ausf\u00fchrlich \u00fcber Produkte und deren Inhaltsstoffen zu informieren. Unser Team steht, soweit rechtlich erlaubt, f\u00fcr Sie per Mail oder telefonisch zur Verf\u00fcgung<\/b><\/em><\/strong><\/p>\n<\/div>\n","protected":false},"excerpt":{"rendered":"<p>Kevin Levrone Anabolic Mass Gainer 3kg Kevin Levrone Anabolic Mass Gainer 3kg im Supplement Support Online Shop kaufen! Produkthighlights 3000g Dose = 30 Portionen 4 Proteinquellen optimal f\u00fcr Muskel und Masseaufbau super Post Workout Shake 392\u00a0kcal pro 100g Portion mit Wasser 10 leckere Geschmacksrichtungen leicht verdaulich auch f\u00fcr Ausdauersportler geeignet kann die Gewichtszunahme f\u00f6rdern super [&#8230;]\n","protected":false},"featured_media":4217,"comment_status":"open","ping_status":"closed","template":"","meta":[],"product_cat":[538],"product_tag":[],"class_list":["post-4213","product","type-product","status-publish","has-post-thumbnail","hentry","product_cat-mass-gainer"],"_links":{"self":[{"href":"https:\/\/bodynicesupplement.com\/en\/wp-json\/wp\/v2\/product\/4213","targetHints":{"allow":["GET"]}}],"collection":[{"href":"https:\/\/bodynicesupplement.com\/en\/wp-json\/wp\/v2\/product"}],"about":[{"href":"https:\/\/bodynicesupplement.com\/en\/wp-json\/wp\/v2\/types\/product"}],"replies":[{"embeddable":true,"href":"https:\/\/bodynicesupplement.com\/en\/wp-json\/wp\/v2\/comments?post=4213"}],"wp:featuredmedia":[{"embeddable":true,"href":"https:\/\/bodynicesupplement.com\/en\/wp-json\/wp\/v2\/media\/4217"}],"wp:attachment":[{"href":"https:\/\/bodynicesupplement.com\/en\/wp-json\/wp\/v2\/media?parent=4213"}],"wp:term":[{"taxonomy":"product_cat","embeddable":true,"href":"https:\/\/bodynicesupplement.com\/en\/wp-json\/wp\/v2\/product_cat?post=4213"},{"taxonomy":"product_tag","embeddable":true,"href":"https:\/\/bodynicesupplement.com\/en\/wp-json\/wp\/v2\/product_tag?post=4213"}],"curies":[{"name":"wp","href":"https:\/\/api.w.org\/{rel}","templated":true}]}}