{"id":4173,"date":"2025-11-25T19:34:28","date_gmt":"2025-11-25T19:34:28","guid":{"rendered":"https:\/\/bodynicesupplement.com\/?post_type=product&#038;p=4173"},"modified":"2025-11-28T15:09:42","modified_gmt":"2025-11-28T15:09:42","slug":"7nutrition-bodybuilder-3kg-massgainer-gainer","status":"publish","type":"product","link":"https:\/\/bodynicesupplement.com\/en\/produkt\/7nutrition-bodybuilder-3kg-massgainer-gainer\/","title":{"rendered":"7NUTRITION Bodybuilder 3kg &#8211; Massgainer &#8211; Gainer"},"content":{"rendered":"<h2>7Nutrition Bodybuilder 3000g<\/h2>\n<h4><u>Produkthighlights<\/u><\/h4>\n<ul>\n<li>3000g = 30 Portionen<\/li>\n<li>6 Geschmacksrichtungen<\/li>\n<li>mit Rice und Mais Kohlenhydratquellen<\/li>\n<li>sehr wenig Einfachzucker<\/li>\n<li>angereichert mit MCT \u00d6l<\/li>\n<\/ul>\n<p>Einnahmeempfehlung<\/p>\n<p>Nehmen Sie 2\u00a0Messl\u00f6ffel circa 1 Stunde vor dem Training mit 500ml Wasser oder Milch zu sich.<br \/>\nNehmen Sie anschlie\u00dfend nach dem Training auch noch mal 2\u00a0Messl\u00f6ffel zu sich.<\/p>\n<p>An trainingsfreien Tagen nehmen Sie die 2&#215;2\u00a0Messl\u00f6ffel zwischen den Mahlzeiten ein<\/p>\n<p><strong>Hinweis zu diesem Produkt<\/strong><\/p>\n<p><em><b>Durch das neue EU-Recht (Health Claim Verordnung) ist es leider nicht mehr m\u00f6glich Sie genau und ausf\u00fchrlich \u00fcber Produkte und deren Inhaltsstoffen zu informieren. Unser Team steht, soweit rechtlich erlaubt, f\u00fcr Sie per Mail oder telefonisch zur Verf\u00fcgung<\/b><\/em><\/p>\n","protected":false},"excerpt":{"rendered":"<p>7Nutrition Bodybuilder 3000g Produkthighlights 3000g = 30 Portionen 6 Geschmacksrichtungen mit Rice und Mais Kohlenhydratquellen sehr wenig Einfachzucker angereichert mit MCT \u00d6l Einnahmeempfehlung Nehmen Sie 2\u00a0Messl\u00f6ffel circa 1 Stunde vor dem Training mit 500ml Wasser oder Milch zu sich. Nehmen Sie anschlie\u00dfend nach dem Training auch noch mal 2\u00a0Messl\u00f6ffel zu sich. An trainingsfreien Tagen nehmen [&#8230;]\n","protected":false},"featured_media":4195,"comment_status":"open","ping_status":"closed","template":"","meta":[],"product_cat":[538],"product_tag":[],"class_list":["post-4173","product","type-product","status-publish","has-post-thumbnail","hentry","product_cat-mass-gainer"],"_links":{"self":[{"href":"https:\/\/bodynicesupplement.com\/en\/wp-json\/wp\/v2\/product\/4173","targetHints":{"allow":["GET"]}}],"collection":[{"href":"https:\/\/bodynicesupplement.com\/en\/wp-json\/wp\/v2\/product"}],"about":[{"href":"https:\/\/bodynicesupplement.com\/en\/wp-json\/wp\/v2\/types\/product"}],"replies":[{"embeddable":true,"href":"https:\/\/bodynicesupplement.com\/en\/wp-json\/wp\/v2\/comments?post=4173"}],"wp:featuredmedia":[{"embeddable":true,"href":"https:\/\/bodynicesupplement.com\/en\/wp-json\/wp\/v2\/media\/4195"}],"wp:attachment":[{"href":"https:\/\/bodynicesupplement.com\/en\/wp-json\/wp\/v2\/media?parent=4173"}],"wp:term":[{"taxonomy":"product_cat","embeddable":true,"href":"https:\/\/bodynicesupplement.com\/en\/wp-json\/wp\/v2\/product_cat?post=4173"},{"taxonomy":"product_tag","embeddable":true,"href":"https:\/\/bodynicesupplement.com\/en\/wp-json\/wp\/v2\/product_tag?post=4173"}],"curies":[{"name":"wp","href":"https:\/\/api.w.org\/{rel}","templated":true}]}}