{"id":4163,"date":"2025-11-25T19:01:14","date_gmt":"2025-11-25T19:01:14","guid":{"rendered":"https:\/\/bodynicesupplement.com\/?post_type=product&#038;p=4163"},"modified":"2025-11-28T15:13:43","modified_gmt":"2025-11-28T15:13:43","slug":"iron-professional","status":"publish","type":"product","link":"https:\/\/bodynicesupplement.com\/en\/produkt\/iron-professional\/","title":{"rendered":"Iron Professional"},"content":{"rendered":"<div class=\"flex cursor-pointer items-center justify-between text-bonoDeepBlue\">\n<div class=\"flex items-center gap-x-2\">\n<h2 class=\"font-serif text-xl md:text-3xl\">Produktbeschreibung<\/h2>\n<\/div>\n<\/div>\n<div class=\"flex flex-col gap-y-4 border-b border-bonoGrey-5 py-4 w-full lg:border-t border-bonoGrey-5\">\n<div class=\"w-full flex flex-col gap-y-4 md:gap-y-8 max-md:hidden\">\n<ul class=\"space-y-3 leading-tight text-bonoGrey-1 md:space-y-4\">\n<li>\u2713 Enth\u00e4lt 20 mg Eisen aus Eisengluconat pro Tablette.<\/li>\n<li>\u2713 Erg\u00e4nzt mit Vitamin C, Fols\u00e4ure und Vitamin B12.<\/li>\n<li>\u2713 Fols\u00e4ure in aktiver Calcium-L-Methylfolat-Form.<\/li>\n<li>\u2713 Veganistische Formel.<\/li>\n<li>\u2713 60 Tabletten pro Verpackung.<\/li>\n<\/ul>\n<div class=\"prose max-w-full overflow-hidden leading-snug max-md:text-sm prose-headings:font-serif prose-headings:font-normal prose-headings:text-lg prose-headings:md:text-2xl prose-headings:mb-4 prose-headings:mt-8 prose-p:mt-0 prose-a:underline hover:prose-a:text-bonoDarkOceanSecondary prose-img:rounded leading-tight text-bonoGrey-1\">\n<p data-start=\"334\" data-end=\"1006\">BioTechUSA Iron Professional (60 Tabletten) kombiniert Eisen aus Eisengluconat mit Vitamin C, Fols\u00e4ure (in der aktiven Calcium-L-Methylfolat-Form) und Vitamin B12. Dadurch ist das Supplement geeignet f\u00fcr alle, die mehr als nur ein einfaches Eisenpr\u00e4parat m\u00f6chten. Dank dieser Zusammensetzung ist dieses Produkt f\u00fcr Erwachsene geeignet, einschlie\u00dflich Vegetarier und Veganer.<\/p>\n<\/div>\n<\/div>\n<\/div>\n<div class=\"flex flex-col gap-y-4 border-b border-bonoGrey-5 py-4 w-full\">\n<div class=\"flex cursor-pointer items-center justify-between text-bonoDeepBlue\">\n<div class=\"flex items-center gap-x-2\">\n<h2 class=\"font-serif text-xl md:text-3xl\">Gesundheitsanspr\u00fcche<\/h2>\n<\/div>\n<\/div>\n<\/div>\n<div class=\"flex flex-col gap-y-4 border-b border-bonoGrey-5 py-4 w-full\">\n<div class=\"w-full flex flex-col max-md:hidden\">\n<ul class=\"ml-4 list-disc space-y-2 leading-tight text-bonoGrey-1\">\n<li class=\"text-pretty\">Eisen tr\u00e4gt zur normalen Bildung von roten Blutk\u00f6rperchen und H\u00e4moglobin bei.<\/li>\n<li class=\"text-pretty\">Eisen tr\u00e4gt zu einem normalen Sauerstofftransport im K\u00f6rper bei.<\/li>\n<li class=\"text-pretty\">Eisen tr\u00e4gt zu einem normalen Energiestoffwechsel bei.<\/li>\n<li class=\"text-pretty\">Vitamin B12 tr\u00e4gt zur normalen Bildung roter Blutk\u00f6rperchen bei.<\/li>\n<li class=\"text-pretty\">Vitamin B12 spielt eine Rolle im Zellteilungsprozess.<\/li>\n<li class=\"text-pretty\">Vitamin C erh\u00f6ht die Eisenaufnahme.<\/li>\n<li class=\"text-pretty\">Vitamin C tr\u00e4gt zum Schutz der Zellen vor oxidativem Stress bei.<\/li>\n<\/ul>\n<\/div>\n<\/div>\n<div class=\"flex flex-col gap-y-4 border-b border-bonoGrey-5 py-4 w-full\">\n<div class=\"flex cursor-pointer items-center justify-between text-bonoDeepBlue\">\n<div class=\"flex items-center gap-x-2\">\n<h2 class=\"font-serif text-xl md:text-3xl\">H\u00e4ufig gestellte Fragen<\/h2>\n<\/div>\n<\/div>\n<\/div>\n<div class=\"contents grow flex-col lg:flex lg:w-1\/2\">\n<div class=\"flex flex-col gap-y-4 border-b border-bonoGrey-5 py-4 w-full\">\n<div class=\"w-full flex flex-col gap-y-4 md:gap-y-8 max-md:hidden\">\n<div class=\"space-y-3 text-pretty leading-tight md:space-y-4\">\n<p><span class=\"text-lg tracking-tight text-bonoDeepBlue\">In welchen Lebensmitteln ist Vitamin B12 enthalten?<\/span><\/p>\n<p class=\"text-bonoGrey-1\">Vitamin B12 kommt nat\u00fcrlicherweise in Lebensmitteln tierischen Ursprungs wie Fleisch, Fisch, Milchprodukten und Eiern vor.<\/p>\n<\/div>\n<div class=\"space-y-3 text-pretty leading-tight md:space-y-4\">\n<p><span class=\"text-lg tracking-tight text-bonoDeepBlue\">Warum ist Eisen f\u00fcr Vegetarier und Veganer besonders wichtig?<\/span><\/p>\n<p class=\"text-bonoGrey-1\">Vegetarier und Veganer nehmen kein H\u00e4meisen aus tierischen Produkten auf. Dieses wird vom K\u00f6rper besser aufgenommen als Nicht-H\u00e4meisen aus pflanzlichen Quellen. Au\u00dferdem enthalten pflanzliche Lebensmittel oft Stoffe wie Phytins\u00e4ure, die die Eisenaufnahme hemmen k\u00f6nnen.<\/p>\n<\/div>\n<div class=\"space-y-3 text-pretty leading-tight md:space-y-4\">\n<p><span class=\"text-lg tracking-tight text-bonoDeepBlue\">Warum wurde diesem Supplement Vitamin C beigef\u00fcgt?<\/span><\/p>\n<p class=\"text-bonoGrey-1\">Vitamin C unterst\u00fctzt die Eisenaufnahme aus der Nahrung.<\/p>\n<\/div>\n<div class=\"space-y-3 text-pretty leading-tight md:space-y-4\">\n<p><span class=\"text-lg tracking-tight text-bonoDeepBlue\">Was ist Calcium-L-Methylfolat und warum wird diese Form von Fols\u00e4ure verwendet?<\/span><\/p>\n<p class=\"text-bonoGrey-1\">Calcium-L-Methylfolat ist eine aktive Form von Fols\u00e4ure, die direkt vom K\u00f6rper verwertet werden kann. Sie gilt als hochwertige Variante in Nahrungserg\u00e4nzungsmitteln.<\/p>\n<\/div>\n<\/div>\n<\/div>\n<\/div>\n<div class=\"contents grow flex-col lg:flex lg:w-1\/2\">\n<div class=\"flex flex-col gap-y-4 border-b border-bonoGrey-5 py-4 w-full order-first border-t border-bonoGrey-5\">\n<div class=\"flex cursor-pointer items-center justify-between text-bonoDeepBlue\">\n<div class=\"flex items-center gap-x-2\">\n<h2 class=\"font-serif text-xl md:text-3xl\">Produktmerkmale<\/h2>\n<\/div>\n<\/div>\n<\/div>\n<\/div>\n<div class=\"flex items-center gap-x-1 rounded-full bg-bonoGrey-6 px-3 py-2\">Vegan<\/div>\n<div class=\"flex items-center gap-x-1 rounded-full bg-bonoGrey-6 px-3 py-2\"><\/div>\n<div class=\"flex items-center gap-x-1 rounded-full bg-bonoGrey-6 px-3 py-2\">Vegetarisch<\/div>\n<div class=\"flex items-center gap-x-1 rounded-full bg-bonoGrey-6 px-3 py-2\"><\/div>\n<div class=\"flex flex-col gap-y-4 border-b border-bonoGrey-5 py-4 w-full order-first border-t border-bonoGrey-5\">\n<div class=\"w-full flex flex-col gap-y-4\">\n<div class=\"flex flex-wrap gap-2 leading-tight text-bonoDeepBlue\">\n<div class=\"flex items-center gap-x-1 rounded-full bg-bonoGrey-6 px-3 py-2\">Zuckerfrei<\/div>\n<\/div>\n<div class=\"space-y-1 leading-tight text-bonoGrey-1\">\n<div class=\"flex gap-x-1\">Mindestens haltbar bis:<span class=\"\">4. September 2028<\/span><\/div>\n<div class=\"flex items-center gap-x-1\">Inhalt: 60 Tabletten (60 Tage Vorrat)<\/div>\n<div class=\"flex gap-x-1\">Marke:<a class=\"hover:text-bonoDarkOceanSecondary hover:underline\" href=\"https:\/\/bono.de\/biotechusa\">BioTechUSA<\/a><\/div>\n<div class=\"flex items-center gap-x-1\">SKU: BTUIRONPR60TAB<\/div>\n<div class=\"flex items-center gap-x-1\">Herkunftsland: Ungarn<\/div>\n<div class=\"flex items-center gap-x-1\">Lieferantencode: 19092010000<\/div>\n<div class=\"flex items-center gap-x-1\">Geschlecht: Unisex<\/div>\n<div class=\"flex items-center gap-x-1\">Altersgruppe: Erwachsene<\/div>\n<div class=\"flex items-center gap-x-1\">Geschmack: Ohne Geschmack<\/div>\n<div class=\"flex items-center gap-x-1\">Produktform: Tablette<\/div>\n<\/div>\n<\/div>\n<\/div>\n<div class=\"flex flex-col gap-y-4 border-b border-bonoGrey-5 py-4 w-full\">\n<div class=\"flex cursor-pointer items-center justify-between text-bonoDeepBlue\">\n<div class=\"flex items-center gap-x-2\">\n<h3 class=\"font-serif text-xl md:text-3xl\">Inhaltsstoffe<\/h3>\n<\/div>\n<\/div>\n<\/div>\n<div class=\"mb-4 flex flex-col space-y-2\">\n<table>\n<tbody>\n<tr class=\"bg-bonoDeepBlue text-white\">\n<th class=\"rounded-tl-md p-2 text-left font-normal leading-tight\">Zusammensetzung pro Dosis (1 Tablette)<\/th>\n<th><\/th>\n<th class=\"rounded-tr-md p-2 font-normal leading-tight\">NRV*<\/th>\n<\/tr>\n<tr class=\"divide-x divide-bonoGrey-5 border-x border-b border-bonoGrey-5 text-bonoDeepBlue\">\n<td class=\"p-2\">Fols\u00e4ure<\/td>\n<td class=\"text-nowrap p-2 text-center\">400 \u00b5g<\/td>\n<td class=\"text-nowrap p-2 text-center\">200%<\/td>\n<\/tr>\n<tr class=\"divide-x divide-bonoGrey-5 border-x border-b border-bonoGrey-5 text-bonoDeepBlue\">\n<td class=\"p-2\">Vitamin B12<\/td>\n<td class=\"text-nowrap p-2 text-center\">5 \u00b5g<\/td>\n<td class=\"text-nowrap p-2 text-center\">200%<\/td>\n<\/tr>\n<tr class=\"divide-x divide-bonoGrey-5 border-x border-b border-bonoGrey-5 text-bonoDeepBlue\">\n<td class=\"p-2\">Vitamin C<\/td>\n<td class=\"text-nowrap p-2 text-center\">80 mg<\/td>\n<td class=\"text-nowrap p-2 text-center\">100%<\/td>\n<\/tr>\n<tr class=\"divide-x divide-bonoGrey-5 border-x border-b border-bonoGrey-5 text-bonoDeepBlue\">\n<td class=\"p-2\">Eisen<\/td>\n<td class=\"text-nowrap p-2 text-center\">20 mg<\/td>\n<td class=\"text-nowrap p-2 text-center\">142.86%<\/td>\n<\/tr>\n<\/tbody>\n<\/table>\n<\/div>\n<p>* N\u00e4hrstoffbezugswert<\/p>\n<p>F\u00fcllstoffe (Cellulosegel, Calciumphosphate), Eisengluconat, L-Ascorbins\u00e4ure, \u00dcberzugsmittel {Stabilisatoren [Poly(vinylalkohol)-Poly(ethylenglycol)-Copolymer, Polyvinylalkohol], Trennmittel (Talkum, Mono- und Diglyceride von Fetts\u00e4uren), Farbstoff (Eisenoxide und Eisenhydroxide)}, Trennmittel (Magnesiumsalze von Fetts\u00e4uren, Siliciumdioxid), Calcium-L-Methylfolat, Cyanocobalamin.<br \/>\nAllergene:<\/p>\n<p>Frei von den 14 wichtigsten Allergenen<br \/>\nKann Spuren enthalten von: Gluten, Sellerie, Schalenfr\u00fcchte, Krebstiere, Soja, Eier, Milch\/Laktose, Erdn\u00fcsse, Sulfit\/Schwefeldioxid, Fisch<\/p>\n","protected":false},"excerpt":{"rendered":"<p>&nbsp;<\/p>\n<ul>\n<li>Enth\u00e4lt 20 mg Eisen aus Eisengluconat pro Tablette.<\/li>\n<li>\u2713 Erg\u00e4nzt mit Vitamin C, Fols\u00e4ure und Vitamin B12.<\/li>\n<li>\u2713 Fols\u00e4ure in aktiver Calcium-L-Methylfolat-Form.<\/li>\n<\/ul>\n","protected":false},"featured_media":4164,"comment_status":"open","ping_status":"closed","template":"","meta":[],"product_cat":[147],"product_tag":[],"class_list":["post-4163","product","type-product","status-publish","has-post-thumbnail","hentry","product_cat-vitamin"],"_links":{"self":[{"href":"https:\/\/bodynicesupplement.com\/en\/wp-json\/wp\/v2\/product\/4163","targetHints":{"allow":["GET"]}}],"collection":[{"href":"https:\/\/bodynicesupplement.com\/en\/wp-json\/wp\/v2\/product"}],"about":[{"href":"https:\/\/bodynicesupplement.com\/en\/wp-json\/wp\/v2\/types\/product"}],"replies":[{"embeddable":true,"href":"https:\/\/bodynicesupplement.com\/en\/wp-json\/wp\/v2\/comments?post=4163"}],"wp:featuredmedia":[{"embeddable":true,"href":"https:\/\/bodynicesupplement.com\/en\/wp-json\/wp\/v2\/media\/4164"}],"wp:attachment":[{"href":"https:\/\/bodynicesupplement.com\/en\/wp-json\/wp\/v2\/media?parent=4163"}],"wp:term":[{"taxonomy":"product_cat","embeddable":true,"href":"https:\/\/bodynicesupplement.com\/en\/wp-json\/wp\/v2\/product_cat?post=4163"},{"taxonomy":"product_tag","embeddable":true,"href":"https:\/\/bodynicesupplement.com\/en\/wp-json\/wp\/v2\/product_tag?post=4163"}],"curies":[{"name":"wp","href":"https:\/\/api.w.org\/{rel}","templated":true}]}}