{"id":4080,"date":"2025-11-25T19:13:09","date_gmt":"2025-11-25T19:13:09","guid":{"rendered":"https:\/\/bodynicesupplement.com\/?post_type=product&#038;p=4080"},"modified":"2025-11-28T15:10:45","modified_gmt":"2025-11-28T15:10:45","slug":"biotech-usa-black-test-90-caps","status":"publish","type":"product","link":"https:\/\/bodynicesupplement.com\/en\/produkt\/biotech-usa-black-test-90-caps\/","title":{"rendered":"BioTech USA Black Test 90 caps"},"content":{"rendered":"<div id=\"description-content\" class=\"tab-pane product-nav-pane d-none d-md-block active\">\n<div class=\"container\">\n<div class=\"editor fr-view mw-860 mx-auto pb-5 lh-lg\">\n<p>BioTech Black Test ist ein Testosteronstimulans, das 9 Wirkstoffe enth\u00e4lt, darunter den beliebten ZMB-Komplex, der aus einem bestimmten Verh\u00e4ltnis von Zink, Magnesium und Vitamin B6 besteht. Einzigartig ist das Produkt auch durch seinen Gehalt an Niacin, L-Arginin und Beta-alanin. Pflanzenextrakte sind in Form von Bockshornklee, Mariendistel und Brokkoli vertreten. Ein optimaler Testosteronspiegel unterst\u00fctzt das Muskelwachstum, f\u00f6rdert die Fettverbrennung, steigert die Kraft, die allgemeine sportliche Leistung und beschleunigt die Regeneration. Es wirkt sich auch positiv auf die Libido aus und verbessert das allgemeine Wohlbefinden und die Vitalit\u00e4t.<\/p>\n<h2><b>Vorteile<\/b><\/h2>\n<ul>\n<li>Erh\u00e4lt den Testosteronspiegel<\/li>\n<li>Reduziert die Auswirkungen von Stress und unterdr\u00fcckt M\u00fcdigkeit<\/li>\n<li>Unterst\u00fctzt die richtige Muskelfunktion<\/li>\n<li>Verbessert den Schlaf und beschleunigt die Erholung<\/li>\n<li>Steigert die Libido und die allgemeine Vitalit\u00e4t<\/li>\n<\/ul>\n<h2>Empfohlene Dosierung<\/h2>\n<ul>\n<li>An Trainingstagen nehmen Sie 3 Kapseln vor dem Training ein.<\/li>\n<li>An trainingsfreien Tagen nehmen Sie morgens 3 Kapseln ein.<\/li>\n<li>Die empfohlene Tagesdosis darf nicht \u00fcberschritten werden.<\/li>\n<li>Es wird nur f\u00fcr M\u00e4nner empfohlen.<\/li>\n<\/ul>\n<h2>N\u00e4hrwertbezogene Informationen<\/h2>\n<table class=\"tbl\">\n<tbody>\n<tr>\n<td><\/td>\n<th>1 Dosis (3 Kapseln)<\/th>\n<\/tr>\n<tr>\n<td>Bockshornkleesamen-Extrakt<\/td>\n<td>975\u00a0mg<\/td>\n<\/tr>\n<tr>\n<td>Mariendistelfrucht-Extrakt<\/td>\n<td>225\u00a0mg<\/td>\n<\/tr>\n<tr>\n<td>&#8211; davon Silymarin<\/td>\n<td>180\u00a0mg<\/td>\n<\/tr>\n<tr>\n<td>Brokkoli-Extrakt<\/td>\n<td>233\u00a0mg<\/td>\n<\/tr>\n<tr>\n<td>Beta-<a href=\"https:\/\/www.sportega.at\/alanin\/walanin\">Al<\/a>a<a href=\"https:\/\/www.sportega.at\/alanin\/walanin\">nin<\/a><\/td>\n<td>900\u00a0mg<\/td>\n<\/tr>\n<tr>\n<td>L-Arginin<\/td>\n<td>682\u00a0mg<\/td>\n<\/tr>\n<tr>\n<td>ZMB-Komplex<\/td>\n<td>132\u00a0mg<\/td>\n<\/tr>\n<tr>\n<td>&#8211; davon Zink<\/td>\n<td>132\u00a0mg<\/td>\n<\/tr>\n<tr>\n<td>&#8211; davon Magnesium<\/td>\n<td>75\u00a0mg<\/td>\n<\/tr>\n<tr>\n<td>&#8211; davon Vitamin B6<\/td>\n<td>1,5\u00a0mg<\/td>\n<\/tr>\n<tr>\n<td>Niacin<\/td>\n<td>7,5\u00a0mg<\/td>\n<\/tr>\n<\/tbody>\n<\/table>\n<h2>Inhaltsstoffe<\/h2>\n<ul>\n<li>Bockshornkleesamen-Extrakt (Trigonella foenum-graecum) 24,3%, Beta-Alanin, L-Argininhydrochlorid, Kapseln [Gelatine, Trinkwasser, Farbstoffe (Titandioxid, Eisenoxide und -hydroxide)], Brokkoli-Extrakt (Brokkoli-Extrakt, Maltodextrin), Mariendistel (Silybum marianum) Fruchtextrakt 5,6%, Trennmittel (Magnesiumsalze von Speisefetts\u00e4uren, Siliciumdioxid), Magnesiumoxid, Nicotins\u00e4ure, Zinkoxid, Pyridoxinhydrochlorid.<\/li>\n<\/ul>\n<h2>Informationen<\/h2>\n<ul>\n<li>Nahrungserg\u00e4nzungsmittel.<\/li>\n<li>Sie ist kein Ersatz f\u00fcr eine abwechslungsreiche Ern\u00e4hrung.<\/li>\n<li>Nicht geeignet f\u00fcr Kinder, schwangere und stillende Frauen.<\/li>\n<li>Au\u00dferhalb der Reichweite von Kindern aufbewahren!<\/li>\n<li>An einem trockenen Ort bei einer Temperatur von bis zu 25 \u00b0C und vor direkter Sonneneinstrahlung gesch\u00fctzt lagern.<\/li>\n<li>Vor Frost sch\u00fctzen.<\/li>\n<li>Der Hersteller haftet nicht f\u00fcr Sch\u00e4den, die durch unsachgem\u00e4\u00dfe Verwendung oder Lagerung entstehen.<\/li>\n<li><b>Hergestellt in einer Anlage, die Milch, Soja, Eier, Schalentiere, N\u00fcsse, Erdn\u00fcsse, Gluten und deren Produkte verarbeitet.<\/b><\/li>\n<\/ul>\n<p id=\"producer\">Hergestellt von Biotech USA, P.O. Box 9000, 33340 Fort Lauderdale, Vereinigte Staaten<\/p>\n<\/div>\n<\/div>\n<\/div>\n<div id=\"parameters-content\" class=\"tab-pane product-nav-pane d-none d-md-block\">\n<div class=\"mw-860 mx-auto py-5 border-bottom mb-0\">\n<h2 id=\"parameters-heading\" class=\"h3 mb-4\">Eigenschaften<\/h2>\n<div class=\"mw-860 mx-auto\">\n<table class=\"table table-striped\">\n<tbody>\n<tr>\n<th class=\"w-50\">Form<\/th>\n<td>Kapseln<\/td>\n<\/tr>\n<tr>\n<th class=\"w-50\">Verpackungsgr\u00f6\u00dfe (Kapseln)<\/th>\n<td>90 Kapseln<\/td>\n<\/tr>\n<tr>\n<th class=\"w-50\">Dosen je Packung<\/th>\n<td>30 Dosen<\/td>\n<\/tr>\n<tr>\n<th class=\"w-50\">Sonderw\u00fcnsche<\/th>\n<td>GVO-frei,ohne Laktose<\/td>\n<\/tr>\n<\/tbody>\n<\/table>\n<\/div>\n<\/div>\n<\/div>\n","protected":false},"excerpt":{"rendered":"<p>BioTech Black Test ist ein Testosteronstimulans, das 9 Wirkstoffe enth\u00e4lt, darunter den beliebten ZMB-Komplex, der aus einem bestimmten Verh\u00e4ltnis von Zink, Magnesium und Vitamin B6 besteht. Einzigartig ist das Produkt auch durch seinen Gehalt an Niacin, L-Arginin und Beta-alanin. Pflanzenextrakte sind in Form von Bockshornklee, Mariendistel und Brokkoli vertreten. Ein optimaler Testosteronspiegel unterst\u00fctzt das Muskelwachstum, [&#8230;]\n","protected":false},"featured_media":4081,"comment_status":"open","ping_status":"closed","template":"","meta":[],"product_cat":[539],"product_tag":[],"class_list":["post-4080","product","type-product","status-publish","has-post-thumbnail","hentry","product_cat-booster-2"],"_links":{"self":[{"href":"https:\/\/bodynicesupplement.com\/en\/wp-json\/wp\/v2\/product\/4080","targetHints":{"allow":["GET"]}}],"collection":[{"href":"https:\/\/bodynicesupplement.com\/en\/wp-json\/wp\/v2\/product"}],"about":[{"href":"https:\/\/bodynicesupplement.com\/en\/wp-json\/wp\/v2\/types\/product"}],"replies":[{"embeddable":true,"href":"https:\/\/bodynicesupplement.com\/en\/wp-json\/wp\/v2\/comments?post=4080"}],"wp:featuredmedia":[{"embeddable":true,"href":"https:\/\/bodynicesupplement.com\/en\/wp-json\/wp\/v2\/media\/4081"}],"wp:attachment":[{"href":"https:\/\/bodynicesupplement.com\/en\/wp-json\/wp\/v2\/media?parent=4080"}],"wp:term":[{"taxonomy":"product_cat","embeddable":true,"href":"https:\/\/bodynicesupplement.com\/en\/wp-json\/wp\/v2\/product_cat?post=4080"},{"taxonomy":"product_tag","embeddable":true,"href":"https:\/\/bodynicesupplement.com\/en\/wp-json\/wp\/v2\/product_tag?post=4080"}],"curies":[{"name":"wp","href":"https:\/\/api.w.org\/{rel}","templated":true}]}}