{"id":4074,"date":"2025-11-25T19:09:11","date_gmt":"2025-11-25T19:09:11","guid":{"rendered":"https:\/\/bodynicesupplement.com\/?post_type=product&#038;p=4074"},"modified":"2025-11-28T15:12:41","modified_gmt":"2025-11-28T15:12:41","slug":"hyper-mass-4000g","status":"publish","type":"product","link":"https:\/\/bodynicesupplement.com\/en\/produkt\/hyper-mass-4000g\/","title":{"rendered":"Hyper Mass (4000g)"},"content":{"rendered":"<h2>Was ist Hyper Mass von BioTechUSA und wie wirkt es?<\/h2>\n<p>Hyper Mass von BioTechUSA kann Dir helfen, auch als sogenannter Hardgainer Muskelmasse aufzubauen. Zudem wurde das Produkt mit Creatin-Monohydrat angereichert. Eine t\u00e4gliche Aufnahme von 3 g Kreatin erh\u00f6ht die k\u00f6rperliche Leistung bei Schnellkrafttraining im Rahmen kurzzeitiger intensiver k\u00f6rperlicher Bet\u00e4tigung.<\/p>\n<h2>F\u00fcr wen ist das Produkt geeignet?<\/h2>\n<p>Hyper Mass von BioTechUSA ist f\u00fcr Kraftsportler, Bodybuilder und Power-Lifter interessant, welchen es schwerf\u00e4llt, mit herk\u00f6mmlicher Ern\u00e4hrung die entsprechende Kalorienzufuhr zu erreichen.<\/p>\n<div class=\"custom-info__details-additional\"><b>Verzehrempfehlung:<\/b> Mische eine Portion (65 g = 4 geh\u00e4ufte Essl\u00f6ffel) des Produkts mit 450 ml Wasser in einem Shaker. An Trainingstagen verzehre 1 Portion am Morgen und 1 Portion direkt nach dem Workout. An trainingsfreien Tagen verzehre 1 Portion morgens und 1 Portion abends.<br \/>\n<b>Aufbewahrung:<\/b> K\u00fchl und trocken aufbewahren.<br \/>\n<b>Bezeichnung:<\/b> Protein und Kohlenhydrat Fusion verbessert mit einer Multiphasen-Kreatin-Matrix Mit S\u00fc\u00dfungsmitteln<br \/>\n<b>Nettof\u00fcllmenge:<\/b> 4kg<br \/>\n<b>Hinweis:<\/b> Die angegebene empfohlene t\u00e4gliche Verzehrsmenge darf nicht \u00fcberschritten werden. Das Nahrungserg\u00e4nzungsmittel nicht als Ersatz f\u00fcr eine ausgewogene und abwechslungsreiche Ern\u00e4hrung verwenden. Au\u00dferhalb der Reichweite von Kindern aufbewahren.<\/div>\n<div class=\"custom-info__details-additional\"><b>Informationen zum Hersteller\/Importeur:<\/b><\/div>\n<div class=\"custom-info__details-additional\">BioTech USA Kft.<br \/>\nHuszti \u00fat 60.<br \/>\n1033 Budapest<br \/>\nUngarn<br \/>\nwww.biotechusa.com<\/div>\n<div class=\"custom-info__details-additional\">\n<p class=\"mt-lg text-sm\">Form und Farbe der Produktverpackung k\u00f6nnen von den Produktbildern abweichen.<\/p>\n<\/div>\n<div class=\"accordion__content\">\n<div>\n<h3 class=\"bold text-sm\">Zutaten:<\/h3>\n<h5 class=\"bold text-sm\">TriCarbo Matrix 63% (Maltodextrin, Inulin, Maisst\u00e4rke), Protein Complex 22 % (<b>Molke<\/b>nproteinkonzentrat, <b>Molke<\/b>nprotein-Isolat, Calcium Caseinat (enth\u00e4lt <b>Milch<\/b>)), fettarmes Kakaopulver, mikronisiertes Creatin Monohydrat, Verdickungsmittel (Cellulosegummi), Aromen, Emulgator: Lecithine (<b>Soja<\/b>), Salz, S\u00fc\u00dfungsmittel (Sucralose).<\/h5>\n<\/div>\n<div>\n<h3 class=\"bold text-sm\">Allergene:<\/h3>\n<p class=\"text-sm\">Enth\u00e4lt Milcherzeugnisse, Soja.<\/p>\n<\/div>\n<div>\n<h3 class=\"bold text-sm\">Besondere Merkmale:<\/h3>\n<p class=\"text-sm\">Mit Verdickungsmittel(n), Aroma(en), Emulgator(en), S\u00fc\u00dfungsmittel(n).<\/p>\n<p class=\"text-sm\">* Referenzmenge f\u00fcr einen durchschnittlichen Erwachsenen (8 400 kJ\/2 000 kcal).)<\/p>\n<\/div>\n<table class=\"nutritional-table\">\n<thead>\n<tr>\n<th>N\u00e4hrwerttabelle<\/th>\n<th>Pro 100G<\/th>\n<th>Pro Portion<\/th>\n<th>% RM* pro Portion<\/th>\n<\/tr>\n<\/thead>\n<tbody>\n<tr>\n<td>Energie<\/td>\n<td>1635.94 kj<br \/>\n391.00 kcal<\/td>\n<td>1063.36 kj<br \/>\n254.15 kcal<\/td>\n<td>12.71 %<\/td>\n<\/tr>\n<tr>\n<td>Fett<\/td>\n<td>2.20 g<\/td>\n<td>1.43 g<\/td>\n<td>2.04 %<\/td>\n<\/tr>\n<tr>\n<td>Ges\u00e4ttigte Fetts\u00e4uren<\/td>\n<td>1.20 g<\/td>\n<td>0.78 g<\/td>\n<td>3.90 %<\/td>\n<\/tr>\n<tr>\n<td>Kohlenhydrate<\/td>\n<td>58.50 g<\/td>\n<td>38.02 g<\/td>\n<td>14.63 %<\/td>\n<\/tr>\n<tr>\n<td>Zucker<\/td>\n<td>7.60 g<\/td>\n<td>4.94 g<\/td>\n<td>5.49 %<\/td>\n<\/tr>\n<tr>\n<td>Ballaststoffe<\/td>\n<td>8.30 g<\/td>\n<td>5.40 g<\/td>\n<td>17.98 %<\/td>\n<\/tr>\n<tr>\n<td>Eiwei\u00df<\/td>\n<td>30.00 g<\/td>\n<td>19.50 g<\/td>\n<td>39.00 %<\/td>\n<\/tr>\n<tr>\n<td>Salz<\/td>\n<td>1.00 g<\/td>\n<td>0.65 g<\/td>\n<td>10.83 %<\/td>\n<\/tr>\n<\/tbody>\n<\/table>\n<p class=\"mt-sm text-sm\">** Prozent N\u00e4hrstoffbezugswerte (NRV) laut Verordnung (EU) Nr. 1169\/2011.<\/p>\n<table class=\"nutritional-table\">\n<thead>\n<tr>\n<th>Weitere Informationen<\/th>\n<th>Pro 100G<\/th>\n<th>Pro Portion<\/th>\n<\/tr>\n<\/thead>\n<tbody>\n<tr>\n<td>Creatine<\/td>\n<td>4.46 g<\/td>\n<td>2.90 g<\/td>\n<\/tr>\n<\/tbody>\n<\/table>\n<p class=\"mt-sm text-sm\">** Prozent N\u00e4hrstoffbezugswerte (NRV) laut Verordnung (EU) Nr. 1169\/2011.<\/p>\n<p class=\"mt-sm text-sm\"><b>N\u00e4hrwerte:<\/b> Angaben beziehen sich auf Chocolate.<\/p>\n<\/div>\n","protected":false},"excerpt":{"rendered":"<div class=\"product-info__block-item\" data-block-id=\"custom_info_HxGCGd\" data-block-type=\"custom-info\">\n<div class=\"custom-info__bullet-points hidden lg:block\">\n<ul>\n<li>Protein und Kohlenhydrat-Fusion<\/li>\n<li>Whey Protein Concentrate, Kreatin<\/li>\n<li>hochkalorisch<\/li>\n<\/ul>\n<\/div>\n<\/div>\n","protected":false},"featured_media":4077,"comment_status":"open","ping_status":"closed","template":"","meta":[],"product_cat":[538],"product_tag":[],"class_list":["post-4074","product","type-product","status-publish","has-post-thumbnail","hentry","product_cat-mass-gainer"],"_links":{"self":[{"href":"https:\/\/bodynicesupplement.com\/en\/wp-json\/wp\/v2\/product\/4074","targetHints":{"allow":["GET"]}}],"collection":[{"href":"https:\/\/bodynicesupplement.com\/en\/wp-json\/wp\/v2\/product"}],"about":[{"href":"https:\/\/bodynicesupplement.com\/en\/wp-json\/wp\/v2\/types\/product"}],"replies":[{"embeddable":true,"href":"https:\/\/bodynicesupplement.com\/en\/wp-json\/wp\/v2\/comments?post=4074"}],"wp:featuredmedia":[{"embeddable":true,"href":"https:\/\/bodynicesupplement.com\/en\/wp-json\/wp\/v2\/media\/4077"}],"wp:attachment":[{"href":"https:\/\/bodynicesupplement.com\/en\/wp-json\/wp\/v2\/media?parent=4074"}],"wp:term":[{"taxonomy":"product_cat","embeddable":true,"href":"https:\/\/bodynicesupplement.com\/en\/wp-json\/wp\/v2\/product_cat?post=4074"},{"taxonomy":"product_tag","embeddable":true,"href":"https:\/\/bodynicesupplement.com\/en\/wp-json\/wp\/v2\/product_tag?post=4074"}],"curies":[{"name":"wp","href":"https:\/\/api.w.org\/{rel}","templated":true}]}}