{"id":4070,"date":"2025-11-25T18:57:05","date_gmt":"2025-11-25T18:57:05","guid":{"rendered":"https:\/\/bodynicesupplement.com\/?post_type=product&#038;p=4070"},"modified":"2026-02-12T11:17:41","modified_gmt":"2026-02-12T11:17:41","slug":"prob-36-capsules","status":"publish","type":"product","link":"https:\/\/bodynicesupplement.com\/en\/produkt\/prob-36-capsules\/","title":{"rendered":"ProB 36 capsules"},"content":{"rendered":"<div class=\"c-product-info__section\">\n<div class=\"c-product-info__text o-article-formatting js-product-description\">\n<p>Scitec Nutrition ProB ist ein Probiotikum, das 4 Bakterienst\u00e4mme enth\u00e4lt und mit Vitamin C angereichert ist. Vielen Menschen ist nicht bewusst, dass neben Vitaminen und Mineralstoffen auch die Darmflora eine wichtige Rolle bei der Erhaltung der Gesundheit spielt. Die Darmflora enth\u00e4lt einen gro\u00dfen Teil der Komponenten, die unser Immunsystem unterst\u00fctzen. ProB ist zus\u00e4tzlich mit Vitamin C angereichert, das zu einer optimalen Funktion des Immunsystems beitr\u00e4gt und die Zellen vor oxidativem Stress sch\u00fctzt.<\/p>\n<h2>Vorteile<\/h2>\n<ul>\n<li>bis zu 10 Milliarden lebende mikrobielle Zellen aus 4 St\u00e4mmen<\/li>\n<li>angereichert mit Vitamin C f\u00fcr eine optimale Funktion des Immunsystems<\/li>\n<\/ul>\n<h2>Verzehrempfehlung<\/h2>\n<p>Nimm t\u00e4glich 1 Kapsel auf leeren Magen und trinke sie mit einem Glas Wasser.<\/p>\n<\/div>\n<\/div>\n<div id=\"productRating\" class=\"c-product-info__section js-product-rating\">\n<div class=\"o-spacer o-spacer--md\">\n<div class=\"c-aside-section\">\n<div class=\"c-aside-section__text\">\n<p>Nimm t\u00e4glich 1 Kapsel auf leeren Magen und trinke sie mit einem Glas Wasser.<\/p>\n<\/div>\n<\/div>\n<div id=\"productLabel\" class=\"c-aside-section\">\n<div class=\"c-product-label\">\n<div class=\"c-product-label__header\">\n<h2 class=\"c-product-label__title\">N\u00e4hrwerte<\/h2>\n<\/div>\n<div class=\"c-product-label__table\">\n<div id=\"label43687\" class=\"o-tab-content__item is-active\">\n<div class=\"c-facts-table\">\n<table class=\"c-facts-table__table c-facts-table__table--toggle js-facts-table\" data-element=\"table\">\n<tbody>\n<tr class=\"c-facts-table__tr--large\">\n<td class=\"c-facts-table__td\" colspan=\"1\">36 capsules<\/td>\n<td class=\"c-facts-table__td u-text-right\" colspan=\"3\">unflavoured<\/td>\n<\/tr>\n<tr class=\"c-facts-table__tr--small\">\n<td class=\"c-facts-table__td\" colspan=\"4\">Gr\u00f6\u00dfe der Einzeldosis: 1 Kapsel<\/td>\n<\/tr>\n<tr class=\"c-facts-table__tr--small\">\n<td class=\"c-facts-table__td\" colspan=\"4\">Anzahl der Dosen pro Packung: 36<\/td>\n<\/tr>\n<tr class=\"c-facts-table__tr--line3 c-facts-table__tr--bold\">\n<td class=\"c-facts-table__td\">N\u00e4hrwertangaben<\/td>\n<td class=\"c-facts-table__td c-facts-table__td--value\"><\/td>\n<\/tr>\n<\/tbody>\n<\/table>\n<\/div>\n<\/div>\n<\/div>\n<\/div>\n<\/div>\n<table class=\"c-facts-table__table c-facts-table__table--toggle js-facts-table\" data-element=\"table\">\n<tbody>\n<tr class=\"c-facts-table__tr--line3 c-facts-table__tr--bold\">\n<td class=\"c-facts-table__td c-facts-table__td--value\">RVH%*<\/td>\n<\/tr>\n<tr class=\"c-facts-table__tr--line2\">\n<td class=\"c-facts-table__td\">Energiewert<\/td>\n<td class=\"c-facts-table__td c-facts-table__td--value\">0 kJ \/ 0 kcal<\/td>\n<td class=\"c-facts-table__td c-facts-table__td--value\">**<\/td>\n<\/tr>\n<tr class=\"c-facts-table__tr--line1\">\n<td class=\"c-facts-table__td\">Fette<\/td>\n<td class=\"c-facts-table__td c-facts-table__td--value\">0 g<\/td>\n<td class=\"c-facts-table__td c-facts-table__td--value\">**<\/td>\n<\/tr>\n<tr class=\"c-facts-table__tr--line1\">\n<td class=\"c-facts-table__td\">Kohlenhydrate<\/td>\n<td class=\"c-facts-table__td c-facts-table__td--value\">0 g<\/td>\n<td class=\"c-facts-table__td c-facts-table__td--value\">**<\/td>\n<\/tr>\n<tr class=\"c-facts-table__tr--line1\">\n<td class=\"c-facts-table__td\">Eiwei\u00df<\/td>\n<td class=\"c-facts-table__td c-facts-table__td--value\">0 g<\/td>\n<td class=\"c-facts-table__td c-facts-table__td--value\">**<\/td>\n<\/tr>\n<tr class=\"c-facts-table__tr--line1\">\n<td class=\"c-facts-table__td\">Salz<\/td>\n<td class=\"c-facts-table__td c-facts-table__td--value\">0 g<\/td>\n<td class=\"c-facts-table__td c-facts-table__td--value\">**<\/td>\n<\/tr>\n<tr class=\"c-facts-table__tr--line2\">\n<td class=\"c-facts-table__td\">Gesamtzahl der Bakterien<\/td>\n<td class=\"c-facts-table__td c-facts-table__td--value\">10&#215;10^\u2079 KBE***<\/td>\n<td class=\"c-facts-table__td c-facts-table__td--value\">**<\/td>\n<\/tr>\n<tr class=\"c-facts-table__tr--line1 c-facts-table__tr--offset1\">\n<td class=\"c-facts-table__td\">davon Lactobacillus helveticus<\/td>\n<td class=\"c-facts-table__td c-facts-table__td--value\">3,5&#215;10^\u2079 KBE***<\/td>\n<td class=\"c-facts-table__td c-facts-table__td--value\">**<\/td>\n<\/tr>\n<tr class=\"c-facts-table__tr--line1 c-facts-table__tr--offset1\">\n<td class=\"c-facts-table__td\">davon Lactobacillus rhamnosus<\/td>\n<td class=\"c-facts-table__td c-facts-table__td--value\">2,5&#215;10^\u2079 KBE***<\/td>\n<td class=\"c-facts-table__td c-facts-table__td--value\">**<\/td>\n<\/tr>\n<tr class=\"c-facts-table__tr--line1 c-facts-table__tr--offset1\">\n<td class=\"c-facts-table__td\">davon Bifidobacterium longum<\/td>\n<td class=\"c-facts-table__td c-facts-table__td--value\">2&#215;10^\u2079 KBE***<\/td>\n<td class=\"c-facts-table__td c-facts-table__td--value\">**<\/td>\n<\/tr>\n<tr class=\"c-facts-table__tr--line1 c-facts-table__tr--offset1\">\n<td class=\"c-facts-table__td\">davon Lactobacillus paracasei<\/td>\n<td class=\"c-facts-table__td c-facts-table__td--value\">2&#215;10^\u2079 KBE***<\/td>\n<td class=\"c-facts-table__td c-facts-table__td--value\">**<\/td>\n<\/tr>\n<tr class=\"c-facts-table__tr--line2\">\n<td class=\"c-facts-table__td\">Vitamin C<\/td>\n<td class=\"c-facts-table__td c-facts-table__td--value\">40 mg<\/td>\n<td class=\"c-facts-table__td c-facts-table__td--value\">50%<\/td>\n<\/tr>\n<tr class=\"c-facts-table__tr--line3 c-facts-table__tr--small\">\n<td class=\"c-facts-table__td\" colspan=\"4\">*RVH &#8211; Referenzwert f\u00fcr die Ern\u00e4hrung. Referenzaufnahme eines durchschnittlichen Erwachsenen (8400 kJ \/ 2000 kcal)<\/td>\n<\/tr>\n<tr class=\"c-facts-table__tr--small\">\n<td class=\"c-facts-table__td\" colspan=\"4\">**RVH nicht bestimmt<\/td>\n<\/tr>\n<tr class=\"c-facts-table__tr--small\">\n<td class=\"c-facts-table__td\" colspan=\"4\">***CFU: Koloniebildende Einheiten<\/td>\n<\/tr>\n<tr class=\"c-facts-table__tr--bold\">\n<td class=\"c-facts-table__td\" colspan=\"4\">Zutaten<\/td>\n<\/tr>\n<tr class=\"c-facts-table__tr--html\">\n<td class=\"c-facts-table__td\" colspan=\"4\">Biotiq Formel 54,7 % [Kartoffelst\u00e4rke, Lactobacillus helveticus Lafti\u00ae L10 ND, Lactobacillus rhamnosus GG AF, Bifidobacterium longum Rosell\u00ae-175 (R0175), Lactobacillus paracasei Lafti\u00ae L26 AF, Antibackmittel (Magnesiumsalze von Speisefetts\u00e4uren), L-Ascorbins\u00e4ure], F\u00fcllstoff (Cellulosegel), Kapselh\u00fclle (Gelatine), Antibackmittel (Magnesiumsalze von Speisefetts\u00e4uren, Siliciumdioxid).<\/td>\n<\/tr>\n<tr class=\"c-facts-table__tr--bold\">\n<td class=\"c-facts-table__td\" colspan=\"4\">Informationen \u00fcber Allergene<\/td>\n<\/tr>\n<tr class=\"\">\n<td class=\"c-facts-table__td\" colspan=\"4\">Enth\u00e4lt keine Allergene.<\/td>\n<\/tr>\n<tr class=\"c-facts-table__tr--bold\">\n<td class=\"c-facts-table__td\" colspan=\"4\">Wichtiger Hinweis<\/td>\n<\/tr>\n<tr>\n<td class=\"c-facts-table__td\" colspan=\"4\">Bewahre es an einem trockenen und dunklen Ort bei einer Temperatur von bis zu 25 \u00b0C auf, au\u00dferhalb der Reichweite von kleinen Kindern. Nicht f\u00fcr Kinder geeignet. Die festgelegte empfohlene Tagesdosis darf nicht \u00fcberschritten werden. Nahrungserg\u00e4nzungsmittel d\u00fcrfen nicht als Ersatz f\u00fcr eine abwechslungsreiche Ern\u00e4hrung verwendet werden.<\/td>\n<\/tr>\n<\/tbody>\n<\/table>\n<\/div>\n<\/div>\n","protected":false},"excerpt":{"rendered":"<div class=\"c-product-detail__subtitle u-text-dark\">Probiotikum mit 4 Bakterienst\u00e4mmen, angereichert mit Vitamin C.<\/div>\n<div class=\"c-product-detail__desc u-mb-3 o-article-formatting\">\n<p>Ein Probiotikum, das 4 Bakterienst\u00e4mme enth\u00e4lt und mit Vitamin C angereichert ist. Vielen Menschen ist nicht bewusst, dass neben Vitaminen und Mineralstoffen auch die Darmflora eine wichtige Rolle bei der Erhaltung der Gesundheit spielt. Die Darmflora enth\u00e4lt einen wesentlichen Teil der Komponenten, die unser Immunsystem unterst\u00fctzen. ProB ist zus\u00e4tzlich mit Vitamin C angereichert, das zu einer optimalen Funktion des Immunsystems beitr\u00e4gt und die Zellen vor oxidativem Stress sch\u00fctzt.<\/p>\n<\/div>\n","protected":false},"featured_media":4071,"comment_status":"open","ping_status":"closed","template":"","meta":[],"product_cat":[147],"product_tag":[],"class_list":["post-4070","product","type-product","status-publish","has-post-thumbnail","hentry","product_cat-vitamin"],"_links":{"self":[{"href":"https:\/\/bodynicesupplement.com\/en\/wp-json\/wp\/v2\/product\/4070","targetHints":{"allow":["GET"]}}],"collection":[{"href":"https:\/\/bodynicesupplement.com\/en\/wp-json\/wp\/v2\/product"}],"about":[{"href":"https:\/\/bodynicesupplement.com\/en\/wp-json\/wp\/v2\/types\/product"}],"replies":[{"embeddable":true,"href":"https:\/\/bodynicesupplement.com\/en\/wp-json\/wp\/v2\/comments?post=4070"}],"wp:featuredmedia":[{"embeddable":true,"href":"https:\/\/bodynicesupplement.com\/en\/wp-json\/wp\/v2\/media\/4071"}],"wp:attachment":[{"href":"https:\/\/bodynicesupplement.com\/en\/wp-json\/wp\/v2\/media?parent=4070"}],"wp:term":[{"taxonomy":"product_cat","embeddable":true,"href":"https:\/\/bodynicesupplement.com\/en\/wp-json\/wp\/v2\/product_cat?post=4070"},{"taxonomy":"product_tag","embeddable":true,"href":"https:\/\/bodynicesupplement.com\/en\/wp-json\/wp\/v2\/product_tag?post=4070"}],"curies":[{"name":"wp","href":"https:\/\/api.w.org\/{rel}","templated":true}]}}