{"id":4066,"date":"2025-11-25T18:56:06","date_gmt":"2025-11-25T18:56:06","guid":{"rendered":"https:\/\/bodynicesupplement.com\/?post_type=product&#038;p=4066"},"modified":"2025-11-28T15:14:01","modified_gmt":"2025-11-28T15:14:01","slug":"nutrend-plus-softgel-caps-120-kapseln-ungeschmaelert","status":"publish","type":"product","link":"https:\/\/bodynicesupplement.com\/en\/produkt\/nutrend-plus-softgel-caps-120-kapseln-ungeschmaelert\/","title":{"rendered":"Nutrend Plus Softgel Caps 120 Kapseln Ungeschm\u00e4lert"},"content":{"rendered":"<p>Das Nahrungserg\u00e4nzungsmittel von Nutrend liefert Omega-3-Fetts\u00e4uren, die f\u00fcr eine gesunde Ern\u00e4hrung unerl\u00e4sslich sind. Die Packung enth\u00e4lt 120 Kapseln und bietet somit eine praktische L\u00f6sung f\u00fcr die t\u00e4gliche Einnahme. Es ist geschmacksneutral und daher ideal f\u00fcr alle, die ein Produkt ohne k\u00fcnstliche Aromen bevorzugen.<\/p>\n<p>Typ: Omega 3<\/p>\n","protected":false},"excerpt":{"rendered":"<p>Das Nahrungserg\u00e4nzungsmittel von Nutrend liefert Omega-3-Fetts\u00e4uren, die f\u00fcr eine gesunde Ern\u00e4hrung unerl\u00e4sslich sind. Die Packung enth\u00e4lt 120 Kapseln und bietet somit eine praktische L\u00f6sung f\u00fcr die t\u00e4gliche Einnahme. Es ist geschmacksneutral und daher ideal f\u00fcr alle, die ein Produkt ohne k\u00fcnstliche Aromen bevorzugen. Typ: Omega 3<\/p>\n","protected":false},"featured_media":4067,"comment_status":"open","ping_status":"closed","template":"","meta":[],"product_cat":[147],"product_tag":[],"class_list":["post-4066","product","type-product","status-publish","has-post-thumbnail","hentry","product_cat-vitamin"],"_links":{"self":[{"href":"https:\/\/bodynicesupplement.com\/en\/wp-json\/wp\/v2\/product\/4066","targetHints":{"allow":["GET"]}}],"collection":[{"href":"https:\/\/bodynicesupplement.com\/en\/wp-json\/wp\/v2\/product"}],"about":[{"href":"https:\/\/bodynicesupplement.com\/en\/wp-json\/wp\/v2\/types\/product"}],"replies":[{"embeddable":true,"href":"https:\/\/bodynicesupplement.com\/en\/wp-json\/wp\/v2\/comments?post=4066"}],"wp:featuredmedia":[{"embeddable":true,"href":"https:\/\/bodynicesupplement.com\/en\/wp-json\/wp\/v2\/media\/4067"}],"wp:attachment":[{"href":"https:\/\/bodynicesupplement.com\/en\/wp-json\/wp\/v2\/media?parent=4066"}],"wp:term":[{"taxonomy":"product_cat","embeddable":true,"href":"https:\/\/bodynicesupplement.com\/en\/wp-json\/wp\/v2\/product_cat?post=4066"},{"taxonomy":"product_tag","embeddable":true,"href":"https:\/\/bodynicesupplement.com\/en\/wp-json\/wp\/v2\/product_tag?post=4066"}],"curies":[{"name":"wp","href":"https:\/\/api.w.org\/{rel}","templated":true}]}}