{"id":4015,"date":"2025-11-25T18:50:55","date_gmt":"2025-11-25T18:50:55","guid":{"rendered":"https:\/\/bodynicesupplement.com\/?post_type=product&#038;p=4015"},"modified":"2026-02-26T09:49:06","modified_gmt":"2026-02-26T09:49:06","slug":"olimp-gold-omega-3-sport-edition-120-caps","status":"publish","type":"product","link":"https:\/\/bodynicesupplement.com\/en\/produkt\/olimp-gold-omega-3-sport-edition-120-caps\/","title":{"rendered":"OLIMP GOLD OMEGA 3 SPORT EDITION, 120 caps"},"content":{"rendered":"<p>Wenn du deine k\u00f6rperliche und mentale Performance optimieren m\u00f6chtest, kann die Gold Omega 3 Sport Edition von Olimp eine wertvolle Unterst\u00fctzung sein. Die Fisch\u00f6l Kapseln enthalten Omega-3-Fetts\u00e4uren, die f\u00fcr deinen K\u00f6rper unentbehrlich sind.<\/p>\n<p>Die Portionsgr\u00f6\u00dfe betr\u00e4gt 1 Kapsel. Nehmen Sie t\u00e4glich 1\u20132 Kapseln ein. WARNUNG: Die angegebene empfohlene Tagesdosis darf nicht \u00fcberschritten werden. Nicht als Ersatz f\u00fcr eine ausgewogene Ern\u00e4hrung verwenden. Au\u00dferhalb der Reichweite von Kindern aufbewahren!<\/p>\n","protected":false},"excerpt":{"rendered":"<p>Wenn du deine k\u00f6rperliche und mentale Performance optimieren m\u00f6chtest, kann die Gold Omega 3 Sport Edition von Olimp eine wertvolle Unterst\u00fctzung sein. Die Fisch\u00f6l Kapseln enthalten Omega-3-Fetts\u00e4uren, die f\u00fcr deinen K\u00f6rper unentbehrlich sind. Die Portionsgr\u00f6\u00dfe betr\u00e4gt 1 Kapsel. Nehmen Sie t\u00e4glich 1\u20132 Kapseln ein. WARNUNG: Die angegebene empfohlene Tagesdosis darf nicht \u00fcberschritten werden. Nicht als [&#8230;]\n","protected":false},"featured_media":4016,"comment_status":"open","ping_status":"closed","template":"","meta":[],"product_cat":[147],"product_tag":[],"class_list":["post-4015","product","type-product","status-publish","has-post-thumbnail","hentry","product_cat-vitamin"],"_links":{"self":[{"href":"https:\/\/bodynicesupplement.com\/en\/wp-json\/wp\/v2\/product\/4015","targetHints":{"allow":["GET"]}}],"collection":[{"href":"https:\/\/bodynicesupplement.com\/en\/wp-json\/wp\/v2\/product"}],"about":[{"href":"https:\/\/bodynicesupplement.com\/en\/wp-json\/wp\/v2\/types\/product"}],"replies":[{"embeddable":true,"href":"https:\/\/bodynicesupplement.com\/en\/wp-json\/wp\/v2\/comments?post=4015"}],"wp:featuredmedia":[{"embeddable":true,"href":"https:\/\/bodynicesupplement.com\/en\/wp-json\/wp\/v2\/media\/4016"}],"wp:attachment":[{"href":"https:\/\/bodynicesupplement.com\/en\/wp-json\/wp\/v2\/media?parent=4015"}],"wp:term":[{"taxonomy":"product_cat","embeddable":true,"href":"https:\/\/bodynicesupplement.com\/en\/wp-json\/wp\/v2\/product_cat?post=4015"},{"taxonomy":"product_tag","embeddable":true,"href":"https:\/\/bodynicesupplement.com\/en\/wp-json\/wp\/v2\/product_tag?post=4015"}],"curies":[{"name":"wp","href":"https:\/\/api.w.org\/{rel}","templated":true}]}}