{"id":3930,"date":"2025-11-29T09:45:53","date_gmt":"2025-11-29T09:45:53","guid":{"rendered":"https:\/\/bodynicesupplement.com\/?post_type=product&#038;p=3930"},"modified":"2025-12-02T06:14:40","modified_gmt":"2025-12-02T06:14:40","slug":"extreme-instant-bcaa","status":"publish","type":"product","link":"https:\/\/bodynicesupplement.com\/en\/produkt\/extreme-instant-bcaa\/","title":{"rendered":"Extreme Instant BCAA"},"content":{"rendered":"<p>K\u00f6rperliche Belastung bis an die Grenzen und intensives Training ist dein Tor zur sportlichen Bestleistung? Wir haben den Schl\u00fcssel, damit deine Muskeln von Workout zu Workout deiner Performance gerecht werden. Muskelerhalt tr\u00e4gt diese vier Buchstaben: BCAA. Das Extreme Instant Pulver versorgt deinen K\u00f6rper mit diesen essentiellen Aminos\u00e4uren. Dank der drei BCAAs Leucin, Isoleucin und Valin ist deine hart erarbeitete Muskulatur regeneriert und bereit, um ins n\u00e4chste Workout zu starten. Das f\u00fcr den Protein- und Energie-Stoffwechsel so wichtige Vitamin B6 rundet die Power-Kombi ab. Fruchtig und erfrischend zugleich! Das ultrafeine Pulver l\u00f6st sich blitzschnell im Wasser auf und ist nat\u00fcrlich vegan.<\/p>\n<h2>Extreme Instant BCAA \u2013 Erreiche deine Ziele<\/h2>\n<p><strong>F\u00fcr die Unterst\u00fctzung folgender Ziele ist das EXTREME INSTANT BCAA die perfekte Wahl:<\/strong><\/p>\n<ul>\n<li>Bessere Protein-Versorgung f\u00fcr den Muskelaufbau<\/li>\n<li>Muskeldefinition<\/li>\n<li>Muskelerhaltung<\/li>\n<li>Intensivere Trainingseinheiten<\/li>\n<\/ul>\n<p><strong>F\u00fcr wen ist das EXTREME INSTANT BCAA geeignet:<\/strong><\/p>\n<ul>\n<li>Fitness-Sportler<\/li>\n<li>Athleten<\/li>\n<li>Kraftsportler<\/li>\n<li>Ausdauer- und Spielsportler<\/li>\n<li>Figurbewusste Personen<\/li>\n<\/ul>\n<p>&nbsp;<\/p>\n<h2>BCAA PULVER MIT RATIO 2:1:1 \u2013 DER VOLLTREFFER F\u00dcR DEINE MUSKELN<\/h2>\n<h3>Was sind BCAA und wof\u00fcr sind sie sinnvoll?<\/h3>\n<p>Sie sollten eigentlich als die drei Musketiere der Muskelerhaltung bekannt sein. Stattdessen sind es die Aminos\u00e4uren Leucin, Isoleucin und Valin. Genau diese <strong>BCAA<\/strong>s branched chain amino acids , oder auch zu deutsch \u201everzweigtkettige Aminos\u00e4uren\u201c genannt, erf\u00fcllen zahlreiche lebenswichtige Funktionen im menschlichen Stoffwechsel und sind wichtiger Bestandteil der Muskeln.<\/p>\n<h3>Was bringen BCAAs, welche Wirkung kann ich erhoffen?<\/h3>\n<p>Da dein K\u00f6rper die Eiwei\u00dfbausteine nicht selbst herstellen kann, m\u00fcssen diese \u00fcber die Nahrung zugef\u00fchrt werden. Sonst machen auch deine <strong>Muskeln<\/strong> irgendwann schlapp. Setze deshalb im Einklang mit ausgewogener Ern\u00e4hrung und dem richtigen Workout auf einen erh\u00f6hten BCAA Anteil, damit deine antrainierte Muskulatur auch da bleibt, wo sie hingeh\u00f6rt. In unseren <strong>BCAA Supplementen<\/strong> findest du das ideale Mischverh\u00e4ltnis von 2:1:1 Leucin zu Valin zu Isoleucin . Denn insbesondere Leucin spielt eine wichtige Rolle f\u00fcr den <strong>Muskelaufbau<\/strong>, da diese Aminos\u00e4ure mit einem Anteil von 50 % deutlich h\u00e4ufiger in deiner Muskulatur vorkommt, als Isoleucin 25 % und Valin 25 % . Genau diese Ration Zusammensetzung ist ideal f\u00fcr die F\u00f6rderung deiner Muskeln.<\/p>\n<h3>Wann sollte ich BCAAs einnehmen?<\/h3>\n<p>Wann die Einnahme von BCAA sinnvoll ist, h\u00e4ngt unter anderem von deinem Trainingsrhythmus ab. An Ruhetagen empfehlen wir dir morgens nach dem Aufstehen eine Portion BCAA zu nehmen. An Trainingstagen entscheidest du allein. Im Drink kommt die <strong>BCAA Wirkung<\/strong> &#8211; vor dem Training eingenommen \u2013 dem Muskelabbau entgegen. Auch w\u00e4hrend deines Workouts dient die positive Wirkung der Proteinbausteine zum Muskelschutz, damit w\u00e4hrend der Belastung keine Eiwei\u00dfreserven angegriffen werden. Du setzt gern neue Trainingsreize? Dann genehmige dir das Instant BCAA direkt nach dem Training, um die <strong>Muskelproteinsynthese anzuregen<\/strong> und deine Regeneration zu beschleunigen. Pimp your Water und verwandele dein Getr\u00e4nk mit dem BCAA Pulver in ein fruchtig-erfrischendes Geschmackserlebnis!<\/p>\n<h2>VITAMIN B \u2013 FITTER EINKLANG MIT DER BCAA WIRKUNG<\/h2>\n<p>Intensive Trainingsphasen bedeuten <strong>hohe Stoffwechselleistungen<\/strong> f\u00fcr den K\u00f6rper. W\u00e4hrend dieser Hochphasen entsteht ein gesteigerter Vitaminbedarf, der dringend gedeckt werden muss. Das im EXTREME INSTANT BCAA enthaltene <strong>Vitamin B6<\/strong> f\u00f6rdert den Energiestoffwechsel und kann so Erm\u00fcdungserscheinungen vorbeugen. Auch die wichtigen Proteinbausteine BCAA sind f\u00fcr den K\u00f6rper bei H\u00f6chstleistungen unentbehrlich, weil er diese Aminos\u00e4uren selbst nicht bilden kann. Nutze deshalb die volle Kraft des BCAA Pulvers, um w\u00e4hrend deiner Workouts weiter Vollgas zu geben.<\/p>\n<h2>WAS IST BESSER \u2013 BCAA ODER EAA?<\/h2>\n<p><strong>Was ist nun besser, BCAA oder EAA?<\/strong> Eine gro\u00dfe Frage, die wir vielmehr mit einem \u201eund&#8221; statt einem \u201eoder&#8221; beantworten. Am Proteinaufbau sind 20 Aminos\u00e4uren beteiligt oder auch als proteinogene Aminos\u00e4uren genannt . Die EAAs essential amino acids beinhalten alle acht essentiellen Aminos\u00e4uren, die \u00fcber die Nahrung zugef\u00fchrt werden m\u00fcssen. Je mehr dieser Proteinbausteine in den Lebensmitteln enthalten ist, desto hochwertiger ist das <strong>Eiwei\u00df<\/strong> f\u00fcr deine Muskulatur. Wenn du die volle Amino-Power deinem K\u00f6rper zur Verf\u00fcgung stellen m\u00f6chtest, liegst du mit den EAAs richtig. Die BCAAs sorgen neben dem Muskelerhalt auch f\u00fcr eine gezielt bessere Trainingsleistung, dank des <strong>fitten Einklangs<\/strong> mit dem Vitamin B. Nutze die Vorteile der Supplemente und mische beide Pulver! Hier geht\u2019s zu den Geschmackssorten unseres Instant EAA.<\/p>\n<h2>K\u00f6lner Liste\u00ae \u2013 Sicher, Sauber, Stark!<\/h2>\n<p>Du willst volle Power, aber auf Nummer sicher? Dann check unsere Produkte auf der K\u00f6lner Liste\u00ae! Die K\u00f6lner Liste ist DIE Plattform f\u00fcr gepr\u00fcfte Sportnahrung, die auf verbotene Substanzen getestet wurden. Keine versteckten Risiken, keine b\u00f6sen \u00dcberraschungen \u2013 nur pure Performance. Egal ob Supplements, Snacks oder Drinks: Was hier gelistet ist, wurde unabh\u00e4ngig gepr\u00fcft und gibt dir das gute Gef\u00fchl, alles richtig zu machen und clean zu trainieren.<\/p>\n<p>Viele unserer Produkte tragen dieses Siegel mit Stolz. Und es kommen immer mehr Neue dazu!<\/p>\n","protected":false},"excerpt":{"rendered":"<div class=\"emz-detail-teaser-text d-none d-md-block\">\n<ul>\n<li>High Dose &#8211; 10 g INSTANT BCAA pro Portion<\/li>\n<li>Veganes BCAA Pulver \u2013 perfekt l\u00f6slich &#8211; glutenfrei &#8211;\u00a0mit Vitamin B6<\/li>\n<li>BCAA Ratio 2:1:1 &#8211; G\u00fctesiegel der K\u00f6lner Liste\u00ae \u2013 Made in Germany<\/li>\n<\/ul>\n<\/div>\n","protected":false},"featured_media":3942,"comment_status":"open","ping_status":"closed","template":"","meta":[],"product_cat":[144],"product_tag":[],"class_list":["post-3930","product","type-product","status-publish","has-post-thumbnail","hentry","product_cat-amino"],"_links":{"self":[{"href":"https:\/\/bodynicesupplement.com\/en\/wp-json\/wp\/v2\/product\/3930","targetHints":{"allow":["GET"]}}],"collection":[{"href":"https:\/\/bodynicesupplement.com\/en\/wp-json\/wp\/v2\/product"}],"about":[{"href":"https:\/\/bodynicesupplement.com\/en\/wp-json\/wp\/v2\/types\/product"}],"replies":[{"embeddable":true,"href":"https:\/\/bodynicesupplement.com\/en\/wp-json\/wp\/v2\/comments?post=3930"}],"wp:featuredmedia":[{"embeddable":true,"href":"https:\/\/bodynicesupplement.com\/en\/wp-json\/wp\/v2\/media\/3942"}],"wp:attachment":[{"href":"https:\/\/bodynicesupplement.com\/en\/wp-json\/wp\/v2\/media?parent=3930"}],"wp:term":[{"taxonomy":"product_cat","embeddable":true,"href":"https:\/\/bodynicesupplement.com\/en\/wp-json\/wp\/v2\/product_cat?post=3930"},{"taxonomy":"product_tag","embeddable":true,"href":"https:\/\/bodynicesupplement.com\/en\/wp-json\/wp\/v2\/product_tag?post=3930"}],"curies":[{"name":"wp","href":"https:\/\/api.w.org\/{rel}","templated":true}]}}