{"id":3877,"date":"2025-11-29T09:45:00","date_gmt":"2025-11-29T09:45:00","guid":{"rendered":"https:\/\/bodynicesupplement.com\/?post_type=product&#038;p=3877"},"modified":"2026-03-20T13:01:24","modified_gmt":"2026-03-20T13:01:24","slug":"extreme-instant-eaa","status":"publish","type":"product","link":"https:\/\/bodynicesupplement.com\/en\/produkt\/extreme-instant-eaa\/","title":{"rendered":"Extreme Instant EAA"},"content":{"rendered":"<div class=\"emz-facts-text\">\n<p>So schnell war Regeneration noch nie! Lege mit Body Attack EXTREME INSTANT EAA den Hebel zum Aufbau und Erhalt von Muskelmasse um. EAAs versorgen dich w\u00e4hrend der Muskelaufbau- und Di\u00e4tphase mit unerl\u00e4sslichen Aufbaun\u00e4hrstoffen. Das ultrafeine Pulver liefert alle acht wichtigen essentiellen Aminos\u00e4uren. Gerade in der Regenerationsphase tragen sie zur Reparatur und Aufbau des Muskelgewebes bei. Die drei BCAA Leucin, Isoleucin und Valin sowie das f\u00fcr den Stoffwechsel wichtige Vitamin B6 runden das EXTREME INSTANT EAA ab. Nat\u00fcrlich vegan, zuckerfrei und beste Qualit\u00e4t Made in Germany. Mach dich f\u00fcr dein n\u00e4chstes Workout schneller wieder fit und st\u00e4hle deine hart erarbeitete Muskulatur!<\/p>\n<h2>Extreme Instant EAA \u2013 So einfach geht Muskelerhaltung!<\/h2>\n<p><strong>F\u00fcr die Unterst\u00fctzung folgender Ziele ist EXTREME INSTANT EAA die perfekte Wahl:<\/strong><\/p>\n<ul>\n<li>Unterst\u00fctzung beim Muskelaufbau<\/li>\n<li>Definition der Muskeln<\/li>\n<li>Muskelerhalt<\/li>\n<li>Intensivere Trainingseinheiten<\/li>\n<\/ul>\n<p><strong>F\u00fcr wen ist EXTREME INSTANT EAA geeignet:<\/strong><\/p>\n<ul>\n<li>Fitness-Sportler<\/li>\n<li>Athleten und Kraftsportler<\/li>\n<li>Ausdauer- und Spielsportler<\/li>\n<li>Figurbewusste Personen<\/li>\n<\/ul>\n<h2>EAAS ODER BCAAS \u2013 WER HAT DIE BESSERE WIRKUNG?<\/h2>\n<p>EAAs Essential Amino Acids oder BCAAs Branched Chain Amino Acids ? Wer macht hier das Rennen <strong>in Sachen Muskelaufbau<\/strong> und -erhalt? Zun\u00e4chst kl\u00e4ren wir die Begriffe an sich \u2013 denn was sind EAAs \u00fcberhaupt? Die EAAs sind eine Kombination der acht <strong>essentiellen Aminos\u00e4uren<\/strong>. Diese k\u00f6nnen vom K\u00f6rper nicht selbst hergestellt werden, sondern m\u00fcssen \u00fcber die Nahrung oder Supplementierung aufgenommen werden. Drei davon werden als <strong>BCAA<\/strong>s oder auch verzweigtkettige Aminos\u00e4uren zusammengefasst. Sie h\u00f6ren auf die Namen <strong>Leucin, Isoleucin und Valin<\/strong>, die zahlreiche lebenswichtige Funktionen im menschlichen Stoffwechsel erf\u00fcllen und ein wichtiger Bestandteil der Muskeln sind.<\/p>\n<h2>NICHT GEGENEINANDER, SONDERN MITEINANDER<\/h2>\n<p>In unseren BCAA Supplementen findest du das optimale <strong>Mischverh\u00e4ltnis von 2:1:1<\/strong> Leucin zu Valin zu Isoleucin , da Leucin den Proteinaufbau besonders ankurbelt. Die Gesamtheit aus allen essentiellen Aminos\u00e4uren unterst\u00fctzt im Einklang mit intensivem Training deinen Muskelaufbau- und Erhalt optimal. Hierf\u00fcr eignen sich unsere BCAA Produkte, wie die <a href=\"https:\/\/www.body-attack.at\/body-attack-instant-bcaa-extreme.html\">EXTREME INSTANT BCAA<\/a> perfekt. Beide konkurrieren also nicht gegeneinander, sondern sind <strong>echte Teamplayer<\/strong>, die du sogar mischen kannst. Probiere es einfach aus!<\/p>\n<h2>DAS SOLLTEST DU BEI DER EINNAHME VON EAA BEACHTEN<\/h2>\n<p>Je fr\u00fcher desto besser! Sobald die EAAs im Protein- und Energiestoffwechsel schnell verf\u00fcgbar sind, kann der Aufbau- und Erholungsprozess der Muskulatur starten. L\u00e4sst du gerne mal ein Fr\u00fchst\u00fcck ausfallen? Dann solltest du am besten gleich nach dem Aufstehen einen Amino-Drink zu dir nehmen, um schnellstm\u00f6glich von der <strong>positiven EAA Wirkung<\/strong> zu profitieren. Beim Training wird der Muskulatur in kurzer Zeit viel Kraft- und Ausdauerleistung abverlangt. Deshalb sind <strong>vor, w\u00e4hrend oder nach dem Training<\/strong> die EAAs sinnvoll. Lass eine der vier fruchtigen Geschmackssorten in deinem Shaker wirbeln.<\/p>\n<h2>EAA &#8211; VEGETARISCH, PRAKTISCH, GUT<\/h2>\n<p>Essentielle Aminos\u00e4uren sind vor allem in tierischen Lebensmitteln wie Fisch, Fleisch oder Eiern enthalten. Aber keine Sorge! Unser EXTREME INSTANT EAA Pulver ist auf Basis rein pflanzlicher Rohstoffe hergestellt und daher f\u00fcr <strong>Vegetarier und Veganer<\/strong> die ideale Unterst\u00fctzung. G\u00f6nne dir <strong>vegane EAA<\/strong>s in Form von leicht zu dosierendem Pulver und entfalte die volle EAA Wirkung!<\/p>\n<h2>K\u00f6lner Liste\u00ae \u2013 Sicher, Sauber, Stark!<\/h2>\n<p>Du willst volle Power, aber auf Nummer sicher? Dann check unsere Produkte auf der K\u00f6lner Liste\u00ae! Die K\u00f6lner Liste ist DIE Plattform f\u00fcr gepr\u00fcfte Sportnahrung, die auf verbotene Substanzen getestet wurden. Keine versteckten Risiken, keine b\u00f6sen \u00dcberraschungen \u2013 nur pure Performance. Egal ob Supplements, Snacks oder Drinks: Was hier gelistet ist, wurde unabh\u00e4ngig gepr\u00fcft und gibt dir das gute Gef\u00fchl, alles richtig zu machen und clean zu trainieren.<\/p>\n<p>Viele unserer Produkte tragen dieses Siegel mit Stolz. Und es kommen immer mehr Neue dazu!<br \/>\n*Werte am Beispiel Ice Tea \/ Alle weiteren Geschmacksrichtungen durchlaufen den gleichen Produktionsprozess und unterscheiden sich lediglich im Geschmacksaroma, sind jedoch nicht auf der K\u00f6lner Liste gelistet.<\/p>\n<\/div>\n","protected":false},"excerpt":{"rendered":"<ul>\n<li>High Dose \u2013 9461 mg instant EAA pro Portion<\/li>\n<li>Veganes EAA Pulver \u2013 perfekt l\u00f6slich &#8211; glutenfrei &#8211;\u00a0mit Vitamin B6<\/li>\n<li>EAA Ratio 2:1:1 &#8211; Made in Germany<\/li>\n<\/ul>\n","protected":false},"featured_media":3906,"comment_status":"open","ping_status":"closed","template":"","meta":[],"product_cat":[144],"product_tag":[],"class_list":["post-3877","product","type-product","status-publish","has-post-thumbnail","hentry","product_cat-amino"],"_links":{"self":[{"href":"https:\/\/bodynicesupplement.com\/en\/wp-json\/wp\/v2\/product\/3877","targetHints":{"allow":["GET"]}}],"collection":[{"href":"https:\/\/bodynicesupplement.com\/en\/wp-json\/wp\/v2\/product"}],"about":[{"href":"https:\/\/bodynicesupplement.com\/en\/wp-json\/wp\/v2\/types\/product"}],"replies":[{"embeddable":true,"href":"https:\/\/bodynicesupplement.com\/en\/wp-json\/wp\/v2\/comments?post=3877"}],"wp:featuredmedia":[{"embeddable":true,"href":"https:\/\/bodynicesupplement.com\/en\/wp-json\/wp\/v2\/media\/3906"}],"wp:attachment":[{"href":"https:\/\/bodynicesupplement.com\/en\/wp-json\/wp\/v2\/media?parent=3877"}],"wp:term":[{"taxonomy":"product_cat","embeddable":true,"href":"https:\/\/bodynicesupplement.com\/en\/wp-json\/wp\/v2\/product_cat?post=3877"},{"taxonomy":"product_tag","embeddable":true,"href":"https:\/\/bodynicesupplement.com\/en\/wp-json\/wp\/v2\/product_tag?post=3877"}],"curies":[{"name":"wp","href":"https:\/\/api.w.org\/{rel}","templated":true}]}}