{"id":3859,"date":"2025-12-02T12:17:41","date_gmt":"2025-12-02T12:17:41","guid":{"rendered":"https:\/\/bodynicesupplement.com\/?post_type=product&#038;p=3859"},"modified":"2026-02-26T09:40:49","modified_gmt":"2026-02-26T09:40:49","slug":"amino-magie-500g","status":"publish","type":"product","link":"https:\/\/bodynicesupplement.com\/en\/produkt\/amino-magie-500g\/","title":{"rendered":"AMINO-MAGIE 500G"},"content":{"rendered":"<p>Scitec Nutrition Amino Magic ist eine anabole ergogene Aminos\u00e4ureformel, die den Muskelaufbau unterst\u00fctzt, den Fettstoffwechsel ankurbelt und die Leistung sowie die Regeneration verbessert.<\/p>\n<p>Die Aminos\u00e4ureformel von Amino Magic wird aus mehreren Proteinquellen gewonnen, um die Vielfalt wichtiger Aminos\u00e4uren sowie eine sofortige und verl\u00e4ngerte Wirkung zu erzielen. Sie enth\u00e4lt auch Absorptionsverst\u00e4rker um die Aufnahme und Nutzung von Aminos\u00e4uren effizienter zu machen und die Wirkung zu optimieren.<\/p>\n<p>Jede Portion Amino Magic enth\u00e4lt alle notwendigen Aminos\u00e4uren in wichtigen Mengen, und nur 12 Kalorien mit null Fett und null Zucker. Scitec&#8217;s Amino Magic Formel enth\u00e4lt:<\/p>\n<ul>\n<li>BCAAs wie z. B. 1.500 mg Leuzin, 750 mg Valin und 750 mg Isoleuzin zum Aufbau von Muskeln und zur Bek\u00e4mpfung von Muskelabbau. Eine h\u00f6here Dosis Leuzin erm\u00f6glicht bessere Effekte beim Aufbau von Muskelmasse<\/li>\n<li>5.000 mg L-Glutamin, erh\u00e4lt Muskelmasse, stellt den Glutaminspiegel im Blutplasma nach dem Training wieder her, so dass sich der K\u00f6rper schneller erholen kann. Ein geringer Glutaminspiegel kann dein Immunsystem ernsthaft sch\u00e4digen und ist daher f\u00fcr eine gute Leistung und Gesundheit absolut unverzichtbar<\/li>\n<li>1.000 mg L-Arginin, eine biologische Vorstufe von Stickoxid welche die Proteinsynthese und das Immunsystem unterst\u00fctzt<\/li>\n<li>1.000 mg L-Carnitin zur effektiveren Verstoffwechslung und Verbrennung von Fetten<\/li>\n<li>2.000 mg Taurin zur Entspannung, helfen bei der Verdauung von Fetten und erh\u00f6ht den Stickoxidspiegel zur Erweiterung der gef\u00e4\u00dfe, f\u00fcr eine verbesserte Durch sowie einen besseren Transport von Sauerstoff zu den Muskeln<\/li>\n<li>500 mg L-Lysin helfen beim Aufbau von Bindegewebe und beim Aufbau von fettarmer Muskelmasse<\/li>\n<li>500 mg L-Ornithin, zur vollst\u00e4ndigen Unterst\u00fctzung des Immunsystems, besonders wichtig f\u00fcr schwer trainierende Bodybuilder und Ausdauersportler<\/li>\n<li>Plus Absorption Booster Komplex, welcher die patentierte Zutaten BioPerine und Naringin enth\u00e4lt, zur Erh\u00f6hung der vom K\u00f6rper aufgenommenen und genutzten Menge an N\u00e4hrstoffen.<\/li>\n<\/ul>\n<p>Amino Magic ist die vollst\u00e4ndigste Mischung an Aminos\u00e4uren und BCAAs und erm\u00f6glicht dir wie kein anderes Produkt Muskelmasse und Kraft aufzubauen, Fett zu verbrennen und deine Leistung zu steigern.<\/p>\n<div class=\"small\"><i>Haftungsausschluss: Dieses Produkt ist nicht f\u00fcr Diagnosen, zum Behandeln, Heilen oder Vermeiden von Krankheiten geeignet. Wirkungen k\u00f6nnen von Person zu Person unterschiedlich sein, abh\u00e4ngig von verschiedenen Faktoren, unter anderem Alter und Geschlecht.<\/i><\/div>\n<div>\n<div class=\"amino-acid nutri\">\n<div class=\"product-flavour content-text amino-acid-box\">\n<div class=\"productGeneralright amino-acid-box-contant\">\n<div>\n<h3 class=\"full_name\">N\u00e4hrwertangaben und Gebrauchsanweisung<\/h3>\n<\/div>\n<table class=\"table\">\n<tbody>\n<tr>\n<td colspan=\"2\"><strong>Mindestens haltbar bis<\/strong><\/td>\n<td><span class=\"expiry-date-span title_ingres s__1673\">09\/2028<\/span><\/td>\n<\/tr>\n<tr>\n<td colspan=\"2\"><strong>Portionsgr\u00f6\u00dfe<\/strong><\/td>\n<td><span class=\"title_ingres s__1673\">1 L\u00f6ffel (20 g)<\/span><\/td>\n<\/tr>\n<tr>\n<td colspan=\"2\"><strong>Anzahl der Portionen<\/strong><\/td>\n<td><span class=\"title_ingres s__1673\">25<\/span><\/td>\n<\/tr>\n<\/tbody>\n<\/table>\n<div id=\"p_1673\" class=\"master ingredients\">\n<table class=\"table\">\n<tbody>\n<tr>\n<td class=\"bg-white\"><\/td>\n<td>Pro Portion<\/td>\n<td>% GDA<\/td>\n<\/tr>\n<tr>\n<td>Kalorien<\/td>\n<td><span class=\"serving\">12<\/span>kcal<\/td>\n<td><span class=\"serving\">1%<\/span><\/td>\n<\/tr>\n<tr>\n<td colspan=\"2\"><span class=\"marL5\">Kalorien aus Fett<\/span><\/td>\n<td>*<\/td>\n<\/tr>\n<tr>\n<td>Gesamtkohlenhydrate<\/td>\n<td><span class=\"serving\">3<\/span>g<\/td>\n<td><span class=\"serving\">1%<\/span><\/td>\n<\/tr>\n<tr>\n<td><span class=\"marL5\">Zucker<\/span><\/td>\n<td><span class=\"serving\">0<\/span>g<\/td>\n<td>*<\/td>\n<\/tr>\n<tr>\n<td><a href=\"https:\/\/www.zumub.com\/DE\/glutamin\">L-Glutamin<\/a><\/td>\n<td><span class=\"serving\">5000<\/span> mg<\/td>\n<td>*<\/td>\n<\/tr>\n<tr>\n<td><a href=\"https:\/\/www.zumub.com\/DE\/taurin\">Taurin<\/a><\/td>\n<td><span class=\"serving\">2000<\/span> mg<\/td>\n<td>*<\/td>\n<\/tr>\n<tr>\n<td><a href=\"https:\/\/www.zumub.com\/DE\/aminosauren\/leucine\">L-Leucin<\/a><\/td>\n<td><span class=\"serving\">1500<\/span> mg<\/td>\n<td>*<\/td>\n<\/tr>\n<tr>\n<td>L-Arginin<\/td>\n<td><span class=\"serving\">1000<\/span> mg<\/td>\n<td>*<\/td>\n<\/tr>\n<tr>\n<td>L-Carnitin<\/td>\n<td><span class=\"serving\">1000<\/span> mg<\/td>\n<td>*<\/td>\n<\/tr>\n<tr>\n<td>L-Isoleucin<\/td>\n<td><span class=\"serving\">750<\/span> mg<\/td>\n<td>*<\/td>\n<\/tr>\n<tr>\n<td>L-Valin<\/td>\n<td><span class=\"serving\">750<\/span> mg<\/td>\n<td>*<\/td>\n<\/tr>\n<tr>\n<td>L-Lysin HCL<\/td>\n<td><span class=\"serving\">500<\/span> mg<\/td>\n<td>*<\/td>\n<\/tr>\n<tr>\n<td>L-Ornithin HCL<\/td>\n<td><span class=\"serving\">500<\/span> mg<\/td>\n<td>*<\/td>\n<\/tr>\n<tr>\n<td>Support-Komplex (Bioperin Piper Nigrum-Extrakt, Naringin)<\/td>\n<td><span class=\"serving\">10<\/span> mg<\/td>\n<td>*<\/td>\n<\/tr>\n<tr>\n<td colspan=\"3\">Andere Zutaten: <a href=\"https:\/\/www.zumub.com\/DE\/glutamin\">L-Glutamin<\/a>, Maltodextrin, Zitronens\u00e4ure, <a href=\"https:\/\/www.zumub.com\/DE\/taurin\">Taurin<\/a>, <a href=\"https:\/\/www.zumub.com\/DE\/aminosauren\/leucine\">L-Leucin<\/a>, L-Arginin-Basis, L-Carnitin L-Tartrat (1:1), L-Isoleucin, L-Valin, L-Lysin-Basis, L-Ornithin, Acesulfam K, Aspartam, Sucralose, BioPerin (Piperin), Naringin, Nat\u00fcrliche &amp; K\u00fcnstliche Aromastoffe, Farbstoffe (Gelb, Braun)<\/td>\n<\/tr>\n<tr>\n<td colspan=\"3\">ALLERGEN-INFORMATION: Hergestellt auf einer Anlage, auf der Milch, Soja, Eier, Gluten und Erdn\u00fcsse verarbeitet werden.,Enth\u00e4lt Phenylalanin.<\/td>\n<\/tr>\n<\/tbody>\n<\/table>\n<\/div>\n<\/div>\n<\/div>\n<\/div>\n<div class=\"infor-more infor-more1\">\n<div class=\"product-flavour content-text infor-more-desktop\">\n<div class=\"clearfix infor-more-contant\">\n<p><strong>Anweisungen<\/strong>1-2 Portionen pro Tag ca. 30 Minuten vor und mit etwas Abstand nach dem Training einnehmen. Mit 500 ml Wasser vermischen und kr\u00e4ftig f\u00fcr 30 Sekunden sch\u00fctteln. Das Aufl\u00f6sen der aktiven Zutaten wird verbessert, wenn das Getr\u00e4nk f\u00fcr eine Weile stehen gelassen wird. F\u00fcr maximale Ergebnisse mit Kohlenhydraten kombinieren.<\/p>\n<p><strong>Warnhinweise : <\/strong>Dieses Produkt enth\u00e4lt Absorptionsmodifikatoren, die eine medikament\u00f6se Behandlung beeinflussen k\u00f6nnen &#8211; vor der Einnahme ist daher ein Arzt zu konsultieren! \u00dcberschreite nicht die empfohlene Tagesdosis. Au\u00dferhalb der Reichweite von Kindern aufbewahren. Dieses Produkt sollte nicht als Ersatz f\u00fcr eine abwechslungsreiche und ausgewogene Ern\u00e4hrung und einen gesunden Lebensstil verwendet werden. Dieses Produkt sollte nicht bei \u00dcberempfindlichkeit oder Allergie gegen einen seiner Bestandteile verwendet werden. An einem k\u00fchlen, trockenen Ort aufbewahren. Bitte wiederverwerten. MINDESTENS HALTBAR BIS: Chargennummer und Verfallsdatum siehe Pr\u00e4gung auf der Packung.<\/p>\n<p>Achtung: Bei Fragen zur Einnahme dieses Produktes wird empfohlen einen Arzt oder Ern\u00e4hrungsberater zu kontaktieren.<\/p>\n<\/div>\n<\/div>\n<\/div>\n<\/div>\n","protected":false},"excerpt":{"rendered":"<p>Spezielle Anabol-Ergogene Aminos\u00e4ure-Matrix<\/p>\n","protected":false},"featured_media":3860,"comment_status":"open","ping_status":"closed","template":"","meta":[],"product_cat":[144],"product_tag":[],"class_list":["post-3859","product","type-product","status-publish","has-post-thumbnail","hentry","product_cat-amino"],"_links":{"self":[{"href":"https:\/\/bodynicesupplement.com\/en\/wp-json\/wp\/v2\/product\/3859","targetHints":{"allow":["GET"]}}],"collection":[{"href":"https:\/\/bodynicesupplement.com\/en\/wp-json\/wp\/v2\/product"}],"about":[{"href":"https:\/\/bodynicesupplement.com\/en\/wp-json\/wp\/v2\/types\/product"}],"replies":[{"embeddable":true,"href":"https:\/\/bodynicesupplement.com\/en\/wp-json\/wp\/v2\/comments?post=3859"}],"wp:featuredmedia":[{"embeddable":true,"href":"https:\/\/bodynicesupplement.com\/en\/wp-json\/wp\/v2\/media\/3860"}],"wp:attachment":[{"href":"https:\/\/bodynicesupplement.com\/en\/wp-json\/wp\/v2\/media?parent=3859"}],"wp:term":[{"taxonomy":"product_cat","embeddable":true,"href":"https:\/\/bodynicesupplement.com\/en\/wp-json\/wp\/v2\/product_cat?post=3859"},{"taxonomy":"product_tag","embeddable":true,"href":"https:\/\/bodynicesupplement.com\/en\/wp-json\/wp\/v2\/product_tag?post=3859"}],"curies":[{"name":"wp","href":"https:\/\/api.w.org\/{rel}","templated":true}]}}