{"id":3855,"date":"2025-11-30T12:24:34","date_gmt":"2025-11-30T12:24:34","guid":{"rendered":"https:\/\/bodynicesupplement.com\/?post_type=product&#038;p=3855"},"modified":"2026-03-30T18:39:35","modified_gmt":"2026-03-30T18:39:35","slug":"creatine-mega-caps-1250","status":"publish","type":"product","link":"https:\/\/bodynicesupplement.com\/en\/produkt\/creatine-mega-caps-1250\/","title":{"rendered":"Creatine Mega Caps 1250 (120 Kapseln)"},"content":{"rendered":"<div class=\"custom-info__details-description\">\n<h2>Olimp &#8211; Creatine Mega Caps 120 Kapseln<\/h2>\n<p><b>Creatine Mega Caps<\/b> von Olimp beinhalten eine hochdosierte Dosis Kreatin. Pro Kapsel Creatine Mega Caps sind satte 1250 mg Kreatin Monohydrat enthalten. Kreatin Monohydrat ist die bekannteste und wertvollste Form von Kreatin. Die Einnahme und Dosierung ist problemlos und durch die Blisterverpackung ist der Transport der Creatine Mega Caps denkbar einfach.<\/p>\n<h3><b>Olimp Creatin Mega Caps<\/b> &#8211; Vorteile<\/h3>\n<ul>\n<li>99% mikronisiertes Kreatin Monohydrat enthalten<\/li>\n<li>1250mg je Kapsel<\/li>\n<li>die Tagesh\u00f6chstdosis (4 Kapseln) enthalten 5000mg Kreatin<\/li>\n<li>Blistervepackung macht den Transport problemlos m\u00f6glich.<\/li>\n<li>100% Pure Pharma Grade<\/li>\n<li>3-fach Labor im getestet<\/li>\n<li>einfache Einnahme und Dosierung<\/li>\n<\/ul>\n<h3>F\u00fcr wen ist Olimp Creatine Mega Caps 1250 geeignet?<\/h3>\n<p>Die Antwort ist einfach: Alle Sportler, die an Muskelaufbau und Kraftsteigerung interessiert sind, k\u00f6nnen Olimp Creatin Mega Caps erfolgreich nutzen. Die sehr einfache Einnahme, Dosierung und Handhabung sind praktisch. Die hohe Reinheit, der feine Mahlgrat und Qualit\u00e4tsgarantie sind \u00fcberzeugend.<\/p>\n<p>Die Creatin Kapseln von Olimp wurden vor allem f\u00fcr Athleten mit kurzzeitigen intensiven Belastungen entwickelt, z.B. im Sprintbereich oder beim Krafttraining. Mit der Einnahme der H\u00f6chstdosis von 4 Kapseln Creatine Mega Caps werden ca. 5g Kreatin aufgenommen, dies f\u00fchrt nachweislich zu einer Steigerung der Leistungsf\u00e4higkeit bei kurzzeitigen, intensiven Belatsungen.<\/p>\n<\/div>\n<div class=\"custom-info__details-additional\"><b>Verzehrempfehlung:<\/b> 3 Kapseln pro Tag mit ausreichend Fl\u00fcssigkeit An Trainingstagen nehmen 3 Kapseln nach dem Training An trainingsfreien Tagen 3 Kapseln morgens vor dem Fr\u00fchst\u00fcck.<br \/>\n<b>Aufbewahrung:<\/b> Vor W\u00e4rme gesch\u00fctzt und trocken lagern.<br \/>\n<b>Bezeichnung:<\/b> Nahrungserg\u00e4nzungsmittel<br \/>\n<b>Nettof\u00fcllmenge:<\/b> 168g (120 Kapseln)<br \/>\n<b>Hinweis:<\/b> Nur trainings- oder wettkampfbedingt verwenden. Es kann eine Gewichtszunahme erfolgen. F\u00fcr Kinder und Jugendliche nicht geeignet. Es wird empfohlen, das Produkt 2-3 Monate lang zu verzehren, dann eine Pause f\u00fcr 1-2 Monate zu machen und wenn n\u00f6tig nach der Pause zu wiederholen.<br \/>\n<b>Informationen zum Hersteller\/Importeur:<\/b><br \/>\nOLIMP Laboratories<br \/>\nZweigniederlassung der OLIMP LABORATORIES Sp.z.o.o. (GmbH polnischen Rechts)<br \/>\nG\u00fcterbahnhofstrasse 3-7<br \/>\n63450 Hanau<br \/>\nDeutschland<\/p>\n<p class=\"mt-lg text-sm\">Form und Farbe der Produktv<\/p>\n<\/div>\n<details class=\"custom-info__details accordion--pdp accordion group \" open=\"open\" aria-expanded=\"true\">\n<div class=\"accordion__content\">\n<div class=\"custom-info__details-description\">\n<h2>Olimp &#8211; Creatine Mega Caps 120 Kapseln<\/h2>\n<p><b>Creatine Mega Caps<\/b> von Olimp beinhalten eine hochdosierte Dosis Kreatin. Pro Kapsel Creatine Mega Caps sind satte 1250 mg Kreatin Monohydrat enthalten. Kreatin Monohydrat ist die bekannteste und wertvollste Form von Kreatin. Die Einnahme und Dosierung ist problemlos und durch die Blisterverpackung ist der Transport der Creatine Mega Caps denkbar einfach.<\/p>\n<h3><b>Olimp Creatin Mega Caps<\/b> &#8211; Vorteile<\/h3>\n<ul>\n<li>99% mikronisiertes Kreatin Monohydrat enthalten<\/li>\n<li>1250mg je Kapsel<\/li>\n<li>die Tagesh\u00f6chstdosis (4 Kapseln) enthalten 5000mg Kreatin<\/li>\n<li>Blistervepackung macht den Transport problemlos m\u00f6glich.<\/li>\n<li>100% Pure Pharma Grade<\/li>\n<li>3-fach Labor im getestet<\/li>\n<li>einfache Einnahme und Dosierung<\/li>\n<\/ul>\n<h3>F\u00fcr wen ist Olimp Creatine Mega Caps 1250 geeignet?<\/h3>\n<p>Die Antwort ist einfach: Alle Sportler, die an Muskelaufbau und Kraftsteigerung interessiert sind, k\u00f6nnen Olimp Creatin Mega Caps erfolgreich nutzen. Die sehr einfache Einnahme, Dosierung und Handhabung sind praktisch. Die hohe Reinheit, der feine Mahlgrat und Qualit\u00e4tsgarantie sind \u00fcberzeugend.<\/p>\n<p>Die Creatin Kapseln von Olimp wurden vor allem f\u00fcr Athleten mit kurzzeitigen intensiven Belastungen entwickelt, z.B. im Sprintbereich oder beim Krafttraining. Mit der Einnahme der H\u00f6chstdosis von 4 Kapseln Creatine Mega Caps werden ca. 5g Kreatin aufgenommen, dies f\u00fchrt nachweislich zu einer Steigerung der Leistungsf\u00e4higkeit bei kurzzeitigen, intensiven Belatsungen.<\/p>\n<\/div>\n<div class=\"custom-info__details-additional\"><b>Verzehrempfehlung:<\/b> 3 Kapseln pro Tag mit ausreichend Fl\u00fcssigkeit An Trainingstagen nehmen 3 Kapseln nach dem Training An trainingsfreien Tagen 3 Kapseln morgens vor dem Fr\u00fchst\u00fcck.<br \/>\n<b>Aufbewahrung:<\/b> Vor W\u00e4rme gesch\u00fctzt und trocken lagern.<br \/>\n<b>Bezeichnung:<\/b> Nahrungserg\u00e4nzungsmittel<br \/>\n<b>Nettof\u00fcllmenge:<\/b> 168g (120 Kapseln)<br \/>\n<b>Hinweis:<\/b> Nur trainings- oder wettkampfbedingt verwenden. Es kann eine Gewichtszunahme erfolgen. F\u00fcr Kinder und Jugendliche nicht geeignet. Es wird empfohlen, das Produkt 2-3 Monate lang zu verzehren, dann eine Pause f\u00fcr 1-2 Monate zu machen und wenn n\u00f6tig nach der Pause zu wiederholen.<br \/>\n<b>Informationen zum Hersteller\/Importeur:<\/b><br \/>\nOLIMP Laboratories<br \/>\nZweigniederlassung der OLIMP LABORATORIES Sp.z.o.o. (GmbH polnischen Rechts)<br \/>\nG\u00fcterbahnhofstrasse 3-7<br \/>\n63450 Hanau<br \/>\nDeutschland<\/p>\n<p class=\"mt-lg text-sm\">Form und Farbe der Produktverpackung k\u00f6nnen von den Produktbildern abweichen.<\/p>\n<\/div>\n<div>\n<h5 class=\"bold text-sm\">Zutaten:<\/h5>\n<p class=\"text-sm\">89,3% mikronisiertes Creatinmonohydrat, F\u00fcllstoff \u2013 mikrokristalline Cellulose, Trennmittel \u2013Magnesiumstearat, Kapsel (Gelatine, Farbstoff: E 171).<\/p>\n<\/div>\n<div>\n<h5 class=\"bold text-sm\">Besondere Merkmale:<\/h5>\n<p class=\"text-sm\">Mit Trennmittel(n), Farbstoff(en), F\u00fcllstoff(en).<\/p>\n<p class=\"text-sm\">* Referenzmenge f\u00fcr einen durchschnittlichen Erwachsenen (8 400 kJ\/2 000 kcal).)<\/p>\n<\/div>\n<table class=\"nutritional-table\">\n<thead>\n<tr>\n<th>N\u00e4hrwerttabelle<\/th>\n<th>Pro 100G<\/th>\n<th>Pro Portion<\/th>\n<th>% RM* pro Portion<\/th>\n<\/tr>\n<\/thead>\n<tbody>\n<tr>\n<td>Energie<\/td>\n<td>2627.55 kj<br \/>\n628.00 kcal<\/td>\n<td>147.15 kj<br \/>\n35.17 kcal<\/td>\n<td>1.76 %<\/td>\n<\/tr>\n<tr>\n<td>Kohlenhydrate<\/td>\n<td>1.40 g<\/td>\n<td>0.08 g<\/td>\n<td>0.03 %<\/td>\n<\/tr>\n<tr>\n<td>Eiwei\u00df<\/td>\n<td>14.30 g<\/td>\n<td>0.80 g<\/td>\n<td>1.60 %<\/td>\n<\/tr>\n<\/tbody>\n<\/table>\n<p class=\"mt-sm text-sm\">** Prozent N\u00e4hrstoffbezugswerte (NRV) laut Verordnung (EU) Nr. 1169\/2011.<\/p>\n<table class=\"nutritional-table\">\n<thead>\n<tr>\n<th>Weitere Informationen<\/th>\n<th>Pro 100G<\/th>\n<th>Pro Portion<\/th>\n<\/tr>\n<\/thead>\n<tbody>\n<tr>\n<td>Kreatinmonohydrat<\/td>\n<td>89.3g<\/td>\n<td>5g<\/td>\n<\/tr>\n<\/tbody>\n<\/table>\n<p class=\"mt-sm text-sm\">** Prozent N\u00e4hrstoffbezugswerte (NRV) laut Verordnung (EU) Nr. 1169\/2011.<\/p>\n<p class=\"mt-sm text-sm\"><b>N\u00e4hrwerte:<\/b> Angaben beziehen sich auf Creatine Mega Caps 1250 (120 Kapseln)<\/p>\n<\/div>\n<\/details>\n","protected":false},"excerpt":{"rendered":"<div class=\"product-info__block-item\" data-block-id=\"custom_info_HxGCGd\" data-block-type=\"custom-info\">\n<div class=\"custom-info__bullet-points hidden lg:block\">\n<ul>\n<li>Hochkonzentrierte und extrem reine Kreatin-Kapseln<\/li>\n<li>Kreatin erh\u00f6ht die k\u00f6rperliche Leistung bei Schnellkrafttraining im Rahmen kurzzeitiger intensiver k\u00f6rperlicher Bet\u00e4tigung<\/li>\n<li>Mit 1250mg Kreatin-Monohydrat pro Kapsel<\/li>\n<\/ul>\n<\/div>\n<\/div>\n","protected":false},"featured_media":3856,"comment_status":"open","ping_status":"closed","template":"","meta":[],"product_cat":[145],"product_tag":[],"class_list":["post-3855","product","type-product","status-publish","has-post-thumbnail","hentry","product_cat-kreatin"],"_links":{"self":[{"href":"https:\/\/bodynicesupplement.com\/en\/wp-json\/wp\/v2\/product\/3855","targetHints":{"allow":["GET"]}}],"collection":[{"href":"https:\/\/bodynicesupplement.com\/en\/wp-json\/wp\/v2\/product"}],"about":[{"href":"https:\/\/bodynicesupplement.com\/en\/wp-json\/wp\/v2\/types\/product"}],"replies":[{"embeddable":true,"href":"https:\/\/bodynicesupplement.com\/en\/wp-json\/wp\/v2\/comments?post=3855"}],"wp:featuredmedia":[{"embeddable":true,"href":"https:\/\/bodynicesupplement.com\/en\/wp-json\/wp\/v2\/media\/3856"}],"wp:attachment":[{"href":"https:\/\/bodynicesupplement.com\/en\/wp-json\/wp\/v2\/media?parent=3855"}],"wp:term":[{"taxonomy":"product_cat","embeddable":true,"href":"https:\/\/bodynicesupplement.com\/en\/wp-json\/wp\/v2\/product_cat?post=3855"},{"taxonomy":"product_tag","embeddable":true,"href":"https:\/\/bodynicesupplement.com\/en\/wp-json\/wp\/v2\/product_tag?post=3855"}],"curies":[{"name":"wp","href":"https:\/\/api.w.org\/{rel}","templated":true}]}}