{"id":3851,"date":"2025-11-25T18:30:35","date_gmt":"2025-11-25T18:30:35","guid":{"rendered":"https:\/\/bodynicesupplement.com\/?post_type=product&#038;p=3851"},"modified":"2026-03-20T13:00:02","modified_gmt":"2026-03-20T13:00:02","slug":"creaz-caps","status":"publish","type":"product","link":"https:\/\/bodynicesupplement.com\/en\/produkt\/creaz-caps\/","title":{"rendered":"Creaz Caps"},"content":{"rendered":"<div class=\"emz-facts-text\">\n<p>Bock auf Muskelenergie, die dich vom Sparmodus in den \u201eBeast\u201c-Level schaltet? Dann mach dich bereit f\u00fcr den exklusiven Leistungsgiganten! Von uns bereitgestellt &#8211; in praktischer Kapsel- Form. Wir pr\u00e4sentieren dir CREAZ, das zu 100 % reinste Kreatin unter den Wirkstoff-Lieferanten. Mit der neuen und ungebundenen Kreatin-Form von Body Attack steht dir das beste Kreatin f\u00fcr dein Hardcore Muskeltraining zur Verf\u00fcgung. Draufpacken statt Schlappmachen \u2013 mit CREAZ, deinem zuverl\u00e4ssigen Pump-Partner!<\/p>\n<h2>CREAZ \u2013 Erreiche deine Ziele<\/h2>\n<p><strong>F\u00fcr die Unterst\u00fctzung folgender Ziele ist das CREAZ die richtige Wahl:<\/strong><\/p>\n<ul>\n<li>Muskelmasse aufbauen<\/li>\n<li>Intensivere Trainingseinheiten<\/li>\n<li>Verringerung der M\u00fcdigkeit<\/li>\n<\/ul>\n<p><strong>F\u00fcr wen ist das CREAZ geeignet:<\/strong><\/p>\n<ul>\n<li>Fitness-Begeisterte, die nach mehr Kraftzuwachs streben<\/li>\n<li>Athleten und Wettkampfsportler<\/li>\n<li>Kraftausdauersportler<\/li>\n<\/ul>\n<h2>CREAZ \u2013 das erste Kreatin, das zu 100 % ankommt!<\/h2>\n<p>Trainingstasche gepackt? Die richtige Mucke auf den Ohren? Was noch vor dem Hardcore-Training fehlt? Richtig! Der perfekte Begleiter, der dich mit starkem Wirkstoff durch die eisernen Gewichte begleitet. Genau daf\u00fcr haben wir von Body Attack CREAZ entwickelt, eine Kreatin-Form, die du und deine Muskeln vorher noch nie gesp\u00fcrt haben.<\/p>\n<p><strong>Was ist CREAZ?<\/strong>\u00a0CREAZ steht f\u00fcr 100 % kristallklares wasserfreies Kreatin. Es ist die beste und st\u00e4rkste verf\u00fcgbare Form auf dem Markt. Das \u201eZ\u201c steht f\u00fcr die \u201eZero-Monohdyrat\u201c-Formel, weil beim CREAZ bis zu 30 % mehr reines Kreatin in deinen Muskelzellen ankommt.<\/p>\n<p><strong>Was ist Kreatin?<\/strong> Kreatin ist eine v\u00f6llig nat\u00fcrliche Substanz, die in deinem K\u00f6rper gebildet wird. Sie ist zudem in einigen tierischen Lebensmitteln enthalten. Veganer und Vegetarier kommen aber dennoch auf ihre Kosten und profitieren dank unserer veganen Kapseln von der Kreatin Wirkung. Hol dir dank CREAZ mehr Power beim Sport! Und pack auf deine letzte Wiederholung noch eine drauf!<br \/>\n<a href=\"https:\/\/www.body-attack.at\/blog\/creaz-das-beste-kreatin-auf-dem-markt\">CREAZ Studien auf einen Blick.<\/a><\/p>\n<p>&nbsp;<\/p>\n<h2>H\u00e4rter, besser, krasser \u2013 CREAZ!<\/h2>\n<p>Wie wirkt CREAZ? Trainiere noch effektiver bei der Steigerung der Schnellkraftleistung. Mit CREAZ haben wir ein neues und st\u00e4rkeres Kreatin-Produkt geschaffen, welches nach wissenschaftlichen Studien die Leistung bei kurzen und intensiven Kraftbelastungen steigert. Das bedeutet, man kann bei einer t\u00e4glichen Einnahme von 3 g Kreatin* \u00fcber mehrere Wochen mehr Wiederholungen und Trainingsgewichte stemmen. Na dann, volle Kraft voraus!<\/p>\n<h2>Wachse endlich \u00fcber dich hinaus!<\/h2>\n<p>Wann sollte ich Kreatin einnehmen? Timing ist bei der Supplementierung von Kreatin-Produkten wie unserem CREAZ alles. An Trainingstagen nimmst du drei Kapseln zirka eine halbe Stunde vor Workout-Start. Denn deine Muskeln brauchen den Z\u00fcndstoff bevor es ans harte Eisen geht. An Tagen ohne Training nimmst du drei Kapseln entweder morgens nach dem Aufstehen oder abends vor dem zu Bett gehen mit reichlich Fl\u00fcssigkeit zu dir.<\/p>\n<p>*Kreatin erh\u00f6ht die k\u00f6rperliche Leistung bei Schnellkrafttraining im Rahmen kurzzeitiger intensiver k\u00f6rperlicher Belastung. F\u00fcr den positiven Effekt m\u00fcssen t\u00e4glich 3 g Kreatin verzehrt werden.<\/p>\n<\/div>\n","protected":false},"excerpt":{"rendered":"<div class=\"emz-detail-teaser-text d-none d-md-block\">\n<ul>\n<li>100 % reinste patentierte Kreatin-Form auf dem Markt<\/li>\n<li>Mehr Kraftzuwachs beim Workout &#8211; f\u00fcr vier Wochen<\/li>\n<li>Vegan &amp; liefert bis zu 30% mehr reines Kreatin<\/li>\n<\/ul>\n<\/div>\n","protected":false},"featured_media":3852,"comment_status":"open","ping_status":"closed","template":"","meta":[],"product_cat":[145],"product_tag":[],"class_list":["post-3851","product","type-product","status-publish","has-post-thumbnail","hentry","product_cat-kreatin"],"_links":{"self":[{"href":"https:\/\/bodynicesupplement.com\/en\/wp-json\/wp\/v2\/product\/3851","targetHints":{"allow":["GET"]}}],"collection":[{"href":"https:\/\/bodynicesupplement.com\/en\/wp-json\/wp\/v2\/product"}],"about":[{"href":"https:\/\/bodynicesupplement.com\/en\/wp-json\/wp\/v2\/types\/product"}],"replies":[{"embeddable":true,"href":"https:\/\/bodynicesupplement.com\/en\/wp-json\/wp\/v2\/comments?post=3851"}],"wp:featuredmedia":[{"embeddable":true,"href":"https:\/\/bodynicesupplement.com\/en\/wp-json\/wp\/v2\/media\/3852"}],"wp:attachment":[{"href":"https:\/\/bodynicesupplement.com\/en\/wp-json\/wp\/v2\/media?parent=3851"}],"wp:term":[{"taxonomy":"product_cat","embeddable":true,"href":"https:\/\/bodynicesupplement.com\/en\/wp-json\/wp\/v2\/product_cat?post=3851"},{"taxonomy":"product_tag","embeddable":true,"href":"https:\/\/bodynicesupplement.com\/en\/wp-json\/wp\/v2\/product_tag?post=3851"}],"curies":[{"name":"wp","href":"https:\/\/api.w.org\/{rel}","templated":true}]}}