{"id":3847,"date":"2025-11-25T18:29:25","date_gmt":"2025-11-25T18:29:25","guid":{"rendered":"https:\/\/bodynicesupplement.com\/?post_type=product&#038;p=3847"},"modified":"2025-11-25T18:29:25","modified_gmt":"2025-11-25T18:29:25","slug":"olimp-creatine-monohydrat-powder-550-g-dose","status":"publish","type":"product","link":"https:\/\/bodynicesupplement.com\/en\/produkt\/olimp-creatine-monohydrat-powder-550-g-dose\/","title":{"rendered":"Olimp Creatine Monohydrat Powder, 550 g Dose"},"content":{"rendered":"<p><strong>OLIMP CREATINE POWDER (CREATINE MONOHYDRATE) ist ein Di\u00e4tetisches Lebensmittl f\u00fcr Sportler, das Kreatin in Pulverform enth\u00e4lt.<\/strong><\/p>\n<p>Das Produkt liefert Creatinmonohydrat, wie es auch im K\u00f6rper vorkommt. Die Einnahme von Creatin steigert die k\u00f6rperliche Leistungsf\u00e4higkeit bei kurzfristigen, sich h\u00e4ufig wiederholenden, intensiven sportlichen Belastungen (der optimale Effekt wird erreicht bei 3 g Creatin pro Tag).<\/p>\n<p>OLIMP CREATINE POWDER ist f\u00fcr Leistungssportler der Kraftsportarten (Gewichtheben, Sprint, Springen, Werfen u. \u00e4.), Ausdauersport-Kraftsportarten (Bodybuilding, verl\u00e4ngerte Sprints, Mittelstreckenlauf, Kampfsportarten u. \u00e4.), Leistungssportarten (Langstreckenlauf, Marathon, Mannschaftsspiele, Etappenlauf u. \u00e4.) bestimmt.<\/p>\n<p><strong>Einnahmeempfehlung:<\/strong><\/p>\n<p>Bis zu 3 g Pulver pro Tag einnehmen. Nur trainings- oder wettkampfbedingt verwenden. Es kann eine Gewichtszunahme erfolgen.<\/p>\n<p>F\u00fcr Kinder und Jugendliche nicht geeignet.<\/p>\n<p>Die Zufuhr des kreatinhaltigen Erzeugnisses sollte nicht dauerhaft, sondern zeitlich begrenzt erfolgen. Es wird empfohlen, das Produkt 2-3 Monate lang zu verzehren, dann eine Pause f\u00fcr 1-2 Monate zu machen und wenn n\u00f6tig nach der Pause zu wiederholen.<\/p>\n<p>Au\u00dferhalb der Reichweite von Kindern aufbewahren. Eine ausgewogene und abwechslungsreiche Ern\u00e4hrung und eine gesunde Lebensweise werden empfohlen.<\/p>\n<p>Das Pr\u00e4parat ist f\u00fcr erwachsene, k\u00f6rperlich aktive Personen und Leistungssportler bestimmt.<\/p>\n<p><strong>N\u00e4hrwerttabelle:<\/strong><\/p>\n<table border=\"0\" width=\"540\" cellspacing=\"1\" cellpadding=\"1\">\n<tbody>\n<tr>\n<td><\/td>\n<td>Pro 1 Portion (3 g)<\/td>\n<td>Pro 100 g<\/td>\n<\/tr>\n<tr>\n<td>Energie<\/td>\n<td>0 kJ (0 kcal)<\/td>\n<td>0 kJ (0 kcal)<\/td>\n<\/tr>\n<tr>\n<td>Fett<\/td>\n<td>0 g<\/td>\n<td>0 g<\/td>\n<\/tr>\n<tr>\n<td>&#8211; davon ges\u00e4ttigte Fetts\u00e4uren<\/td>\n<td>0 g<\/td>\n<td>0 g<\/td>\n<\/tr>\n<tr>\n<td>Kohlenhydrate<\/td>\n<td>0 g<\/td>\n<td>0 g<\/td>\n<\/tr>\n<tr>\n<td>&#8211; davon Zucker<\/td>\n<td>0 g<\/td>\n<td>0 g<\/td>\n<\/tr>\n<tr>\n<td>Eiwei\u00df<\/td>\n<td>0 g<\/td>\n<td>0 g<\/td>\n<\/tr>\n<tr>\n<td>Salz<\/td>\n<td>0 g<\/td>\n<td>0 g<\/td>\n<\/tr>\n<tr>\n<td>Creatinmonohydrat<\/td>\n<td>3 g<\/td>\n<td>100 g<\/td>\n<\/tr>\n<\/tbody>\n<\/table>\n<p><strong>Zutaten:<\/strong><\/p>\n<p>100% mikronisiertes Creatinmonohydratpulver.<\/p>\n","protected":false},"excerpt":{"rendered":"<p>OLIMP CREATINE POWDER (CREATINE MONOHYDRATE) ist ein Di\u00e4tetisches Lebensmittl f\u00fcr Sportler, das Kreatin in Pulverform enth\u00e4lt. Das Produkt liefert Creatinmonohydrat, wie es auch im K\u00f6rper vorkommt. Die Einnahme von Creatin steigert die k\u00f6rperliche Leistungsf\u00e4higkeit bei kurzfristigen, sich h\u00e4ufig wiederholenden, intensiven sportlichen Belastungen (der optimale Effekt wird erreicht bei 3 g Creatin pro Tag). OLIMP CREATINE [&#8230;]\n","protected":false},"featured_media":3848,"comment_status":"open","ping_status":"closed","template":"","meta":[],"product_cat":[145],"product_tag":[],"class_list":["post-3847","product","type-product","status-publish","has-post-thumbnail","hentry","product_cat-kreatin"],"_links":{"self":[{"href":"https:\/\/bodynicesupplement.com\/en\/wp-json\/wp\/v2\/product\/3847","targetHints":{"allow":["GET"]}}],"collection":[{"href":"https:\/\/bodynicesupplement.com\/en\/wp-json\/wp\/v2\/product"}],"about":[{"href":"https:\/\/bodynicesupplement.com\/en\/wp-json\/wp\/v2\/types\/product"}],"replies":[{"embeddable":true,"href":"https:\/\/bodynicesupplement.com\/en\/wp-json\/wp\/v2\/comments?post=3847"}],"wp:featuredmedia":[{"embeddable":true,"href":"https:\/\/bodynicesupplement.com\/en\/wp-json\/wp\/v2\/media\/3848"}],"wp:attachment":[{"href":"https:\/\/bodynicesupplement.com\/en\/wp-json\/wp\/v2\/media?parent=3847"}],"wp:term":[{"taxonomy":"product_cat","embeddable":true,"href":"https:\/\/bodynicesupplement.com\/en\/wp-json\/wp\/v2\/product_cat?post=3847"},{"taxonomy":"product_tag","embeddable":true,"href":"https:\/\/bodynicesupplement.com\/en\/wp-json\/wp\/v2\/product_tag?post=3847"}],"curies":[{"name":"wp","href":"https:\/\/api.w.org\/{rel}","templated":true}]}}