{"id":3837,"date":"2025-11-25T18:26:56","date_gmt":"2025-11-25T18:26:56","guid":{"rendered":"https:\/\/bodynicesupplement.com\/?post_type=product&#038;p=3837"},"modified":"2026-02-12T11:18:53","modified_gmt":"2026-02-12T11:18:53","slug":"universal-nutrition-animal-100-pure-creatine-monohydrat-500g","status":"publish","type":"product","link":"https:\/\/bodynicesupplement.com\/en\/produkt\/universal-nutrition-animal-100-pure-creatine-monohydrat-500g\/","title":{"rendered":"Universal Nutrition Animal 100% Pure Creatine Monohydrat 500g"},"content":{"rendered":"<p>Animal 100% Pure Creatine Monohydrat von Universal Nutrition ist ein Produkt in mikronisierter Pulverform, welches ausschlie\u00dflich Kreatin (als Monohydrat) enth\u00e4lt. Ohne unn\u00f6tige Zus\u00e4tze kann das Kreatin vor dem Training durch Einr\u00fchren in ein beliebiges Getr\u00e4nk konsumiert werden. An trainingsfreien Tagen empfiehlt es sich Kreatin morgens einzunehmen.<br \/>\nSomit kann das Kreatin von Universal Nutrition optimal in die Sportnahrung integriert werden \u2013 ob Zuhause oder unterwegs.<\/p>\n<p><strong>Verzehrempfehlung:<\/strong><br \/>\n5g (entsprechend ein Messl\u00f6ffel) Kreatin werden in ein beliebiges Getr\u00e4nk einger\u00fchrt. Die Mischung wird anschlie\u00dfend getrunken.<\/p>\n<p><strong>Hinweise:<\/strong><br \/>\nNur f\u00fcr Erwachsene, das Produkt darf von unter 18 j\u00e4hrigen Personen nicht konsumiert werden. Bei gesundheitlichen Problemen oder Einnahme von Medikamenten (ebenfalls freiverk\u00e4ufliche Medikamente) sollte das Produkt nicht angewendet werden oder nur nach \u00e4rztlicher R\u00fccksprache. Nicht geeignet f\u00fcr schwangere oder stillende Frauen. Nahrungserg\u00e4nzungsmittel sollen nicht als Ersatz f\u00fcr eine ausgewogene und abwechslungsreiche Ern\u00e4hrung dienen! Das Produkt ist au\u00dferhalb der Reichweite von Kindern zu lagern. Die empfohlene Verzehrmenge darf nicht \u00fcberschritten werden. K\u00fchl und trocken lagern.<\/p>\n<p><strong>Zutaten:<\/strong><br \/>\nCreatin Monohydrat (100%)<\/p>\n<p><strong>Allergene:<\/strong><br \/>\nKann Spuren von Milch, Gluten, Soja und Ei enthalten<\/p>\n<p><strong>N\u00e4hrwertinformation:<\/strong><br \/>\nTagesportion:\u00a0 5g<br \/>\nPortionen pro Dose: 100<\/p>\n<p><strong>N\u00e4hrstoffanalyse siehe Foto<\/strong><\/p>\n<p>&nbsp;<\/p>\n","protected":false},"excerpt":{"rendered":"<p>Animal 100% Pure Creatine Monohydrat von Universal Nutrition ist ein Produkt in mikronisierter Pulverform, welches ausschlie\u00dflich Kreatin (als Monohydrat) enth\u00e4lt. Ohne unn\u00f6tige Zus\u00e4tze kann das Kreatin vor dem Training durch Einr\u00fchren in ein beliebiges Getr\u00e4nk konsumiert werden. An trainingsfreien Tagen empfiehlt es sich Kreatin morgens einzunehmen. Somit kann das Kreatin von Universal Nutrition optimal in [&#8230;]\n","protected":false},"featured_media":3838,"comment_status":"open","ping_status":"closed","template":"","meta":[],"product_cat":[145],"product_tag":[],"class_list":["post-3837","product","type-product","status-publish","has-post-thumbnail","hentry","product_cat-kreatin"],"_links":{"self":[{"href":"https:\/\/bodynicesupplement.com\/en\/wp-json\/wp\/v2\/product\/3837","targetHints":{"allow":["GET"]}}],"collection":[{"href":"https:\/\/bodynicesupplement.com\/en\/wp-json\/wp\/v2\/product"}],"about":[{"href":"https:\/\/bodynicesupplement.com\/en\/wp-json\/wp\/v2\/types\/product"}],"replies":[{"embeddable":true,"href":"https:\/\/bodynicesupplement.com\/en\/wp-json\/wp\/v2\/comments?post=3837"}],"wp:featuredmedia":[{"embeddable":true,"href":"https:\/\/bodynicesupplement.com\/en\/wp-json\/wp\/v2\/media\/3838"}],"wp:attachment":[{"href":"https:\/\/bodynicesupplement.com\/en\/wp-json\/wp\/v2\/media?parent=3837"}],"wp:term":[{"taxonomy":"product_cat","embeddable":true,"href":"https:\/\/bodynicesupplement.com\/en\/wp-json\/wp\/v2\/product_cat?post=3837"},{"taxonomy":"product_tag","embeddable":true,"href":"https:\/\/bodynicesupplement.com\/en\/wp-json\/wp\/v2\/product_tag?post=3837"}],"curies":[{"name":"wp","href":"https:\/\/api.w.org\/{rel}","templated":true}]}}