{"id":3731,"date":"2024-10-27T22:36:36","date_gmt":"2024-10-27T22:36:36","guid":{"rendered":"https:\/\/bodynicesupplement.com\/?post_type=product&#038;p=3731"},"modified":"2025-12-02T16:12:23","modified_gmt":"2025-12-02T16:12:23","slug":"optimum-nutrition-serious-mass","status":"publish","type":"product","link":"https:\/\/bodynicesupplement.com\/en\/produkt\/optimum-nutrition-serious-mass\/","title":{"rendered":"Optimum Nutrition Serious Mass (5.45 kg, Schokolade)"},"content":{"rendered":"<h2>Beschreibung<\/h2>\n<p>F\u00fcr Muskelaufbau und Gewichtszunahme<br \/>\nSERIOUS MASS ist die ultimative Formel f\u00fcr Muskelaufbau und Gewichtszunahme. Mit 1.250 Kalorien pro Portion (2 Messl\u00f6ffel) und 50 Gramm Protein zur Unterst\u00fctzung der Muskelregeneration ist dieses Pulver der ideale Shake nach dem Training oder zwischen den Mahlzeiten, um Ihre Ziele zu erreichen. SERIOUS MASS gibt Ihnen die Werkzeuge an die Hand, die Sie ben\u00f6tigen, um Ihre Gewichtszunahme optimal zu unterst\u00fctzen.<\/p>\n<h2>Vorteile:<\/h2>\n<p>Kalorienreiche Formel zur Unterst\u00fctzung des Muskelaufbaus und der angestrebten Gewichtszunahme<br \/>\n1.250 Kalorien pro Portion zur Erh\u00f6hung der Kalorienzufuhr<br \/>\n50 Gramm Protein pro Portion zum Aufbau und Erhalt von Muskeln<br \/>\n252-254 Gramm Kohlenhydrate pro Portion zur Unterst\u00fctzung des Trainings<br \/>\n3 Gramm Kreatin-Monohydrat pro Portion<br \/>\n25 Vitamine und essentielle Mineralien<br \/>\nDOSIERUNG (1 St\u00fcck = 2 Messl\u00f6ffel (334 g))<\/p>\n<p>Mischen Sie 2 Messl\u00f6ffel des Pulvers in 24 Fl\u00fcssigunzen kaltem Wasser oder Milch mit einem elektrischen Mixer. So k\u00f6nnen Sie auch Obst, Erdnussbutter oder andere kalorienhaltige Lebensmittel hinzuf\u00fcgen.<br \/>\nTIPP: Neue Anwender sollten mit einer halben Portion (1 Messl\u00f6ffel) beginnen. Verwenden Sie das Produkt nach dem Training und\/oder zwischen den Mahlzeiten, um Ihrer gesunden, ausgewogenen Ern\u00e4hrung zus\u00e4tzliche Kalorien, Kohlenhydrate und Proteine hinzuzuf\u00fcgen.<\/p>\n<h2>LAGERUNG<\/h2>\n<p>An einem k\u00fchlen, trockenen Ort aufbewahren und f\u00fcr Kinder unzug\u00e4nglich aufbewahren.<\/p>\n<h2>WARNUNGEN<\/h2>\n<p>Nur f\u00fcr Erwachsene. Konsultieren Sie Ihren Arzt, wenn Sie schwanger sind, stillen, Medikamente einnehmen oder an einer Krankheit leiden. Au\u00dferhalb der Reichweite von Kindern aufbewahren.<\/p>\n","protected":false},"excerpt":{"rendered":"<p>Beschreibung F\u00fcr Muskelaufbau und Gewichtszunahme SERIOUS MASS ist die ultimative Formel f\u00fcr Muskelaufbau und Gewichtszunahme. Mit 1.250 Kalorien pro Portion (2 Messl\u00f6ffel) und 50 Gramm Protein zur Unterst\u00fctzung der Muskelregeneration ist dieses Pulver der ideale Shake nach dem Training oder zwischen den Mahlzeiten, um Ihre Ziele zu erreichen. SERIOUS MASS gibt Ihnen die Werkzeuge an [&#8230;]\n","protected":false},"featured_media":3736,"comment_status":"open","ping_status":"closed","template":"","meta":[],"product_cat":[538],"product_tag":[],"class_list":["post-3731","product","type-product","status-publish","has-post-thumbnail","hentry","product_cat-mass-gainer"],"_links":{"self":[{"href":"https:\/\/bodynicesupplement.com\/en\/wp-json\/wp\/v2\/product\/3731","targetHints":{"allow":["GET"]}}],"collection":[{"href":"https:\/\/bodynicesupplement.com\/en\/wp-json\/wp\/v2\/product"}],"about":[{"href":"https:\/\/bodynicesupplement.com\/en\/wp-json\/wp\/v2\/types\/product"}],"replies":[{"embeddable":true,"href":"https:\/\/bodynicesupplement.com\/en\/wp-json\/wp\/v2\/comments?post=3731"}],"wp:featuredmedia":[{"embeddable":true,"href":"https:\/\/bodynicesupplement.com\/en\/wp-json\/wp\/v2\/media\/3736"}],"wp:attachment":[{"href":"https:\/\/bodynicesupplement.com\/en\/wp-json\/wp\/v2\/media?parent=3731"}],"wp:term":[{"taxonomy":"product_cat","embeddable":true,"href":"https:\/\/bodynicesupplement.com\/en\/wp-json\/wp\/v2\/product_cat?post=3731"},{"taxonomy":"product_tag","embeddable":true,"href":"https:\/\/bodynicesupplement.com\/en\/wp-json\/wp\/v2\/product_tag?post=3731"}],"curies":[{"name":"wp","href":"https:\/\/api.w.org\/{rel}","templated":true}]}}