{"id":3662,"date":"2024-10-16T20:11:48","date_gmt":"2024-10-16T20:11:48","guid":{"rendered":"https:\/\/bodynicesupplement.com\/?post_type=product&#038;p=3662"},"modified":"2025-10-19T05:47:17","modified_gmt":"2025-10-19T05:47:17","slug":"pre-workout-bomb-240g-pre-workout","status":"publish","type":"product","link":"https:\/\/bodynicesupplement.com\/en\/produkt\/pre-workout-bomb-240g-pre-workout\/","title":{"rendered":"Pre workout BOMB 240g PRE-WORKOUT"},"content":{"rendered":"<p>Nahrungserg\u00e4nzungsmittel. Enth\u00e4lt einen S\u00fc\u00dfstoff. Eine Kombination der wichtigsten und wirksamsten Inhaltsstoffe wie AAKG, Beta-Alanin, Citrullinmalat, Betainhydrochlorid, Acetyl-L-Carnitin, wasserfreies Koffein und andere in einer umfassenden Formel mit ausgezeichnetem Geschmack. Produkt f\u00fcr Menschen mit erh\u00f6hter k\u00f6rperlicher Aktivit\u00e4t.<\/p>\n<div dir=\"auto\">EMPFOHLENE ANWENDUNG: 1\/2 Messl\u00f6ffel (2,5 Gramm) in 150 ml Wasser 15 Minuten vor dem Training mischen.<\/div>\n<div dir=\"auto\"><\/div>\n<div dir=\"auto\">\u00dcberschreiten Sie nicht die empfohlene Tagesdosis.<\/div>\n<div dir=\"auto\"><\/div>\n<div dir=\"auto\">Nicht verwenden, wenn Sie gegen einen der Inhaltsstoffe allergisch sind.<\/div>\n<div dir=\"auto\"><\/div>\n<div dir=\"auto\">Das Produkt darf nicht von Kindern, schwangeren oder stillenden Frauen verwendet werden.<\/div>\n<div dir=\"auto\"><\/div>\n<div dir=\"auto\">ZUTATEN: AAKG, Beta-Alanin, Citrullinmalat, Betainhydrochlorid, Acetyl-L-Carnitin-HCL, Glycerolmonostearat, L-Tyrosin, GABA (Gamma-Aminobutters\u00e4ure), wasserfreies Koffein, Glucoronolacton, Rhodiola rosea-Extrakt (Rhodiola rosea L.), L-Norvalin, Schisandra-Extrakt, Astragalus-Extrakt (Astragalus L.), Ashwagandha-Wurzelextrakt, Magnesiumcitrat, schwarzer Pfefferextrakt, Vitamin B3 (Nikotinamid), Vitamin B6 (Pyrodixinhydrochlorid), Vitamin B12 (Cyanocobalamin), Farbstoff: Beta-Carotin , S\u00fc\u00dfungsmittel: Sucralose, Rote-Bete-Wurzelextrakt, Trennmittel: Siliciumdioxid.<\/div>\n<div dir=\"auto\"><\/div>\n<div dir=\"auto\">Flaver:Orange<\/div>\n<div dir=\"auto\"><\/div>\n","protected":false},"excerpt":{"rendered":"<p>Nahrungserg\u00e4nzungsmittel. Enth\u00e4lt einen S\u00fc\u00dfstoff. Eine Kombination der wichtigsten und wirksamsten Inhaltsstoffe wie AAKG, Beta-Alanin, Citrullinmalat, Betainhydrochlorid, Acetyl-L-Carnitin, wasserfreies Koffein und andere in einer umfassenden Formel mit ausgezeichnetem Geschmack. Produkt f\u00fcr Menschen mit erh\u00f6hter k\u00f6rperlicher Aktivit\u00e4t. EMPFOHLENE ANWENDUNG: 1\/2 Messl\u00f6ffel (2,5 Gramm) in 150 ml Wasser 15 Minuten vor dem Training mischen. \u00dcberschreiten Sie nicht die [&#8230;]\n","protected":false},"featured_media":3663,"comment_status":"open","ping_status":"closed","template":"","meta":[],"product_cat":[258],"product_tag":[],"class_list":["post-3662","product","type-product","status-publish","has-post-thumbnail","hentry","product_cat-pre-workout"],"_links":{"self":[{"href":"https:\/\/bodynicesupplement.com\/en\/wp-json\/wp\/v2\/product\/3662","targetHints":{"allow":["GET"]}}],"collection":[{"href":"https:\/\/bodynicesupplement.com\/en\/wp-json\/wp\/v2\/product"}],"about":[{"href":"https:\/\/bodynicesupplement.com\/en\/wp-json\/wp\/v2\/types\/product"}],"replies":[{"embeddable":true,"href":"https:\/\/bodynicesupplement.com\/en\/wp-json\/wp\/v2\/comments?post=3662"}],"wp:featuredmedia":[{"embeddable":true,"href":"https:\/\/bodynicesupplement.com\/en\/wp-json\/wp\/v2\/media\/3663"}],"wp:attachment":[{"href":"https:\/\/bodynicesupplement.com\/en\/wp-json\/wp\/v2\/media?parent=3662"}],"wp:term":[{"taxonomy":"product_cat","embeddable":true,"href":"https:\/\/bodynicesupplement.com\/en\/wp-json\/wp\/v2\/product_cat?post=3662"},{"taxonomy":"product_tag","embeddable":true,"href":"https:\/\/bodynicesupplement.com\/en\/wp-json\/wp\/v2\/product_tag?post=3662"}],"curies":[{"name":"wp","href":"https:\/\/api.w.org\/{rel}","templated":true}]}}