{"id":3658,"date":"2024-10-15T11:40:11","date_gmt":"2024-10-15T11:40:11","guid":{"rendered":"https:\/\/bodynicesupplement.com\/?post_type=product&#038;p=3658"},"modified":"2026-03-20T12:54:27","modified_gmt":"2026-03-20T12:54:27","slug":"7nutrition-bcaa-master","status":"publish","type":"product","link":"https:\/\/bodynicesupplement.com\/en\/produkt\/7nutrition-bcaa-master\/","title":{"rendered":"7Nutrition BCAA MASTER"},"content":{"rendered":"<p>Eine Kombination der wichtigsten verzweigten exogenen Aminos\u00e4uren.<\/p>\n<p>Inhaltsstoffe (nat\u00fcrlich): BCAA Instant 2:1:1, L-Glutamin, Citrullin Malat<\/p>\n<p>Verzehrempfehlung: 2 Messl\u00f6ffel (10 Gramm) in 200 ml Wasser vermischen. Verbrauchen Sie es etwa zu den Trainingszeiten. Nicht verwenden, wenn Sie gegen einen der Inhaltsstoffe allergisch sind. \u00dcberschreiten Sie nicht die empfohlene Tagesdosis.<\/p>\n<p>Hinweise: Das Nahrungserg\u00e4nzungsmittel kann nicht als Ersatz f\u00fcr eine abwechslungsreiche Ern\u00e4hrung verwendet werden. Das Produkt darf nicht von Kindern, schwangeren oder stillenden Frauen verwendet werden.<\/p>\n<p>&nbsp;<\/p>\n","protected":false},"excerpt":{"rendered":"<p><strong>, raspbery, n<\/strong><\/p>\n","protected":false},"featured_media":3659,"comment_status":"open","ping_status":"closed","template":"","meta":[],"product_cat":[144],"product_tag":[],"class_list":["post-3658","product","type-product","status-publish","has-post-thumbnail","hentry","product_cat-amino"],"_links":{"self":[{"href":"https:\/\/bodynicesupplement.com\/en\/wp-json\/wp\/v2\/product\/3658","targetHints":{"allow":["GET"]}}],"collection":[{"href":"https:\/\/bodynicesupplement.com\/en\/wp-json\/wp\/v2\/product"}],"about":[{"href":"https:\/\/bodynicesupplement.com\/en\/wp-json\/wp\/v2\/types\/product"}],"replies":[{"embeddable":true,"href":"https:\/\/bodynicesupplement.com\/en\/wp-json\/wp\/v2\/comments?post=3658"}],"wp:featuredmedia":[{"embeddable":true,"href":"https:\/\/bodynicesupplement.com\/en\/wp-json\/wp\/v2\/media\/3659"}],"wp:attachment":[{"href":"https:\/\/bodynicesupplement.com\/en\/wp-json\/wp\/v2\/media?parent=3658"}],"wp:term":[{"taxonomy":"product_cat","embeddable":true,"href":"https:\/\/bodynicesupplement.com\/en\/wp-json\/wp\/v2\/product_cat?post=3658"},{"taxonomy":"product_tag","embeddable":true,"href":"https:\/\/bodynicesupplement.com\/en\/wp-json\/wp\/v2\/product_tag?post=3658"}],"curies":[{"name":"wp","href":"https:\/\/api.w.org\/{rel}","templated":true}]}}