{"id":3635,"date":"2024-10-15T17:21:24","date_gmt":"2024-10-15T17:21:24","guid":{"rendered":"https:\/\/bodynicesupplement.com\/?post_type=product&#038;p=3635"},"modified":"2026-02-26T09:41:04","modified_gmt":"2026-02-26T09:41:04","slug":"anabolic-isohydro","status":"publish","type":"product","link":"https:\/\/bodynicesupplement.com\/en\/produkt\/anabolic-isohydro\/","title":{"rendered":"Anabolic Iso+Hydro"},"content":{"rendered":"<p>Whey Protein mit Kreatin, HMB, Maca und Aminos\u00e4uren!<\/p>\n<ul>\n<li>GLUTENFREI*<\/li>\n<li>ZUCKERFREI**<\/li>\n<li>FREI VON PALM\u00d6L<\/li>\n<li>ZMB6-KOMPLEX (1)<\/li>\n<li>UNTERST\u00dcTZT DIE AUFRECHTERHALTUNG DES TESTOSTERONSPIEGELS (2)<\/li>\n<li>HILFT BEI DER REGULIERUNG DER HORMONELLEN AKTIVIT\u00c4T (3)<\/li>\n<\/ul>\n<h2>Mehr als nur ein Protein!<\/h2>\n<p>Proteine sind die Bausteine der Muskeln und tragen zum Aufbau und Erhalt der Muskelmasse bei***. Doch Anabolic Iso+Hydro ist mehr als nur Protein. Es enth\u00e4lt Extras wie HMB, Maca-Extrakt sowie ZMB6-Extrakt bestehend aus Zink, Magnesium und Vitamin B6. Zink tr\u00e4gt zur Aufrechterhaltung eines normalen Testosteronspiegels im Blut bei***. Magnesium spielt eine wichtige Rolle bei der normalen Proteinsynthese*** und Vitamin B6 tr\u00e4gt zur Regulierung der hormonellen Aktivit\u00e4t bei***. Zus\u00e4tzlich enth\u00e4lt Anabolic Iso+Hydro 3,4 g Kreatinmonohydrat pro Portion, welches in dieser Menge die k\u00f6rperliche Leistungsf\u00e4higkeit bei kurzen, hochintensiven Trainingseinheiten steigert***.<\/p>\n<p>Der Anabolic Iso+Hydro Instant Whey Komplex ist ebenfalls erw\u00e4hnenswert: Dieser besteht aus Molkenproteinisolat und hydrolysiertem Molkenisolat, was gemeinsam mit den o.g. Inhaltsstoffen das Anabolic Iso+Hydro komplett von normalen Proteinprodukten abhebt!<\/p>\n<p>(1) ZMB6-Komplex: Zink, Magnesium und Vitamin B6<br \/>\n(2) Zink tr\u00e4gt zur Aufrechterhaltung eines normalen Testosteronspiegels im Blut bei. Magnesium spielt eine wichtige Rolle bei der normalen Proteinsynthese.<br \/>\n(3) Vitamin B6 tr\u00e4gt zur Regulierung der hormonellen Aktivit\u00e4t bei.<\/p>\n<p>* Glutenfrei in \u00dcbereinstimmung mit den Vorschriften der Europ\u00e4ischen Union.<br \/>\n** &lt;0.5 g Zucker\/100 ml trinkfertiges Getr\u00e4nk.<br \/>\n*** Wissenschaftlich begr\u00fcndete und von der Europ\u00e4ischen Beh\u00f6rde f\u00fcr Lebensmittelsicherheit (EFSA) genehmigte Angaben.<\/p>\n<h2>Dosierempfehlung:<\/h2>\n<p>T\u00e4glich 1 Portion (27 g = 3\/4 Messl\u00f6ffel) Anabolic Iso+Hydro Pulver mit 250 ml kaltem Wasser mischen. An Trainingstagen eine Portion nach dem Training und an Ruhetagen eine Portion zu einem beliebigen Zeitpunkt des Tages einnehmen.<\/p>\n<p>&nbsp;<\/p>\n","protected":false},"excerpt":{"rendered":"<p>Whey Protein mit Kreatin, HMB, Maca und Aminos\u00e4uren! GLUTENFREI* ZUCKERFREI** FREI VON PALM\u00d6L ZMB6-KOMPLEX (1) UNTERST\u00dcTZT DIE AUFRECHTERHALTUNG DES TESTOSTERONSPIEGELS (2) HILFT BEI DER REGULIERUNG DER HORMONELLEN AKTIVIT\u00c4T (3) Mehr als nur ein Protein! Proteine sind die Bausteine der Muskeln und tragen zum Aufbau und Erhalt der Muskelmasse bei***. Doch Anabolic Iso+Hydro ist mehr als [&#8230;]\n","protected":false},"featured_media":3636,"comment_status":"open","ping_status":"closed","template":"","meta":[],"product_cat":[143],"product_tag":[],"class_list":["post-3635","product","type-product","status-publish","has-post-thumbnail","hentry","product_cat-protein"],"_links":{"self":[{"href":"https:\/\/bodynicesupplement.com\/en\/wp-json\/wp\/v2\/product\/3635","targetHints":{"allow":["GET"]}}],"collection":[{"href":"https:\/\/bodynicesupplement.com\/en\/wp-json\/wp\/v2\/product"}],"about":[{"href":"https:\/\/bodynicesupplement.com\/en\/wp-json\/wp\/v2\/types\/product"}],"replies":[{"embeddable":true,"href":"https:\/\/bodynicesupplement.com\/en\/wp-json\/wp\/v2\/comments?post=3635"}],"wp:featuredmedia":[{"embeddable":true,"href":"https:\/\/bodynicesupplement.com\/en\/wp-json\/wp\/v2\/media\/3636"}],"wp:attachment":[{"href":"https:\/\/bodynicesupplement.com\/en\/wp-json\/wp\/v2\/media?parent=3635"}],"wp:term":[{"taxonomy":"product_cat","embeddable":true,"href":"https:\/\/bodynicesupplement.com\/en\/wp-json\/wp\/v2\/product_cat?post=3635"},{"taxonomy":"product_tag","embeddable":true,"href":"https:\/\/bodynicesupplement.com\/en\/wp-json\/wp\/v2\/product_tag?post=3635"}],"curies":[{"name":"wp","href":"https:\/\/api.w.org\/{rel}","templated":true}]}}