{"id":3554,"date":"2024-05-22T10:29:25","date_gmt":"2024-05-22T10:29:25","guid":{"rendered":"http:\/\/bodynicesupplement.com\/?post_type=product&#038;p=3554"},"modified":"2025-10-25T00:09:53","modified_gmt":"2025-10-25T00:09:53","slug":"body-attack-vitamin-c-depot","status":"publish","type":"product","link":"https:\/\/bodynicesupplement.com\/en\/produkt\/body-attack-vitamin-c-depot\/","title":{"rendered":"Body Attack Vitamin C Depot"},"content":{"rendered":"<p>Mach Platz in deinem Supplement-Regal f\u00fcr VITAMIN C DEPOT von BODY ATTACK! Dieses Team bringt eine regelrechte Parade an Benefits mit sich! Unter anderem helfen Vitamin C und Zink deinem Immunsystem normal zu funktionieren* und tragen zu einer einwandfreien Verstoffwechselung bei**! Ern\u00e4hrung? Check. Workout? Check. Supplemente f\u00fcr dein optimales K\u00f6rpergef\u00fchl? CHECK! Der menschliche K\u00f6rper ist ein Kraftwerk und arbeitet sek\u00fcndlich an tausendenden Prozessen. Hier kommt ein Duo, das nur ein Ziel hat: Deine k\u00f6rperlichen Prozesse zu supporten und deine Performance zu verbessern! Du m\u00f6chtest noch mehr \u00fcber die zahlreichen Vorteile des dynamischen Duos erfahren? Dann scroll nach unten und finde heraus, wie du deinen K\u00f6rper und deine Performance optimal unterst\u00fctzen kannst!<\/p>\n","protected":false},"excerpt":{"rendered":"<p>300 mg Vitamin C pro Kapsel<br \/>\n90 Tage Vorrat und optimale Dosierung<br \/>\nMit Zinkzusatz f\u00fcr Extra-Benefits<\/p>\n","protected":false},"featured_media":3556,"comment_status":"open","ping_status":"closed","template":"","meta":[],"product_cat":[147],"product_tag":[],"class_list":["post-3554","product","type-product","status-publish","has-post-thumbnail","hentry","product_cat-vitamin"],"_links":{"self":[{"href":"https:\/\/bodynicesupplement.com\/en\/wp-json\/wp\/v2\/product\/3554","targetHints":{"allow":["GET"]}}],"collection":[{"href":"https:\/\/bodynicesupplement.com\/en\/wp-json\/wp\/v2\/product"}],"about":[{"href":"https:\/\/bodynicesupplement.com\/en\/wp-json\/wp\/v2\/types\/product"}],"replies":[{"embeddable":true,"href":"https:\/\/bodynicesupplement.com\/en\/wp-json\/wp\/v2\/comments?post=3554"}],"wp:featuredmedia":[{"embeddable":true,"href":"https:\/\/bodynicesupplement.com\/en\/wp-json\/wp\/v2\/media\/3556"}],"wp:attachment":[{"href":"https:\/\/bodynicesupplement.com\/en\/wp-json\/wp\/v2\/media?parent=3554"}],"wp:term":[{"taxonomy":"product_cat","embeddable":true,"href":"https:\/\/bodynicesupplement.com\/en\/wp-json\/wp\/v2\/product_cat?post=3554"},{"taxonomy":"product_tag","embeddable":true,"href":"https:\/\/bodynicesupplement.com\/en\/wp-json\/wp\/v2\/product_tag?post=3554"}],"curies":[{"name":"wp","href":"https:\/\/api.w.org\/{rel}","templated":true}]}}