{"id":3528,"date":"2024-05-22T10:13:22","date_gmt":"2024-05-22T10:13:22","guid":{"rendered":"http:\/\/bodynicesupplement.com\/?post_type=product&#038;p=3528"},"modified":"2024-05-22T10:13:22","modified_gmt":"2024-05-22T10:13:22","slug":"scitec-nutrition-100-vegan-protein-1-kg","status":"publish","type":"product","link":"https:\/\/bodynicesupplement.com\/en\/produkt\/scitec-nutrition-100-vegan-protein-1-kg\/","title":{"rendered":"SCITEC NUTRITION 100% Vegan Protein (1 kg)"},"content":{"rendered":"<p>BESCHREIBUNG<br \/>\n100% Vegan Protein<br \/>\nZuckerfrei<br \/>\nGlutenfrei<br \/>\nOhne Konservierungsstoffe<br \/>\nkombinierte Proteinquellen pflanzlichen Ursprungs<br \/>\nWas macht ein gutes pflanzliches Protein aus?<br \/>\nWenn Du ein eingefleischter Vegetarier oder gar Veganer bist, oder aus einem anderen Grund &#8211; zum Beispiel wegen einer Empfindlichkeit gegen\u00fcber etwas &#8211; keine Proteinquellen tierischen Ursprungs zu dir nehmen m\u00f6chtest, dann musst Du die pflanzlichen Proteine unter die Lupe nehmen. Diese haben jedoch an sich selbst kein vollst\u00e4ndiges Aminos\u00e4ure-Profil, weil sie nicht alle essentiellen Aminos\u00e4uren enthalten, deren Verh\u00e4ltnis zueinander entspricht nicht dem Bedarf des Menschen, im Gegensatz zu den Proteinquellen tierischen Ursprungs. Da das Protein zur Erh\u00f6hung und Erhaltung der Muskelmasse sowie zur Erhaltung eines normalen Knochenbaus beitr\u00e4gt*, ist die Zufuhr einer entsprechenden Menge hochwertigen Proteins auch bei einer veganen Lebensweise notwendig.<\/p>\n<p>Was ist zu tun? Mehrere pflanzliche Proteine m\u00fcssen miteinander kombiniert werden, auf diese Weise haben wir die M\u00f6glichkeit, die oben erw\u00e4hnten Nachteile auszugleichen. Wir haben im 100% Vegan Protein f\u00fcnf verschiedene pflanzliche Proteinquellen kombiniert! Zucker- und glutenfrei, ohne Konservierungsmittel, und wir haben es auch mit Vitamin B12 angereichert, das zur Verringerung von M\u00fcdigkeit und Ersch\u00f6pfung beitr\u00e4gt*, und von grundlegender Wichtigkeit f\u00fcr jeden ist, egal ob vegan oder nicht.<\/p>\n<p>WennDu also auf der Suche nach einer komplexen veganen Proteinquelle warst, hast Du sie jetzt gefunden!<\/p>\n<p>* Wissenschaftlich belegte, von der Europ\u00e4ischen Beh\u00f6rde f\u00fcr Lebensmittelsicherheit (EFSA) genehmigte Behauptungen.<\/p>\n<p>Dosierungsempfehlung<br \/>\nNimm t\u00e4glich eine Portion (33 Gramm, \u00be Dosierl\u00f6ffel) mit 300 ml Wasser zu dir. Du solltest es an Trainingstagen nach dem Training, an Ruhetagen am Nachmittag zu dir nehmen.<\/p>\n<p>Der Verzehr des Produkts ersetzt nicht eine abwechslungsreiche, ausgewogene Ern\u00e4hrung und eine gesunde Lebensweise!<\/p>\n<p>Informationen zu Allergenen<br \/>\nHergestellt in einem Betrieb, in dem Milch, Eier, Soja, Erdn\u00fcsse, Haseln\u00fcsse, Sellerie, Fisch und Krebstiere verarbeitet werden.<\/p>\n<p>Dieses Produkt ist auch f\u00fcr Veganer geeignet.<\/p>\n","protected":false},"excerpt":{"rendered":"<p>Vanilla<br \/>\nSchokolade<br \/>\nHaselnuss-Walnuss<\/p>\n","protected":false},"featured_media":3529,"comment_status":"open","ping_status":"closed","template":"","meta":[],"product_cat":[487],"product_tag":[],"class_list":["post-3528","product","type-product","status-publish","has-post-thumbnail","hentry","product_cat-vegan-produkte"],"_links":{"self":[{"href":"https:\/\/bodynicesupplement.com\/en\/wp-json\/wp\/v2\/product\/3528","targetHints":{"allow":["GET"]}}],"collection":[{"href":"https:\/\/bodynicesupplement.com\/en\/wp-json\/wp\/v2\/product"}],"about":[{"href":"https:\/\/bodynicesupplement.com\/en\/wp-json\/wp\/v2\/types\/product"}],"replies":[{"embeddable":true,"href":"https:\/\/bodynicesupplement.com\/en\/wp-json\/wp\/v2\/comments?post=3528"}],"wp:featuredmedia":[{"embeddable":true,"href":"https:\/\/bodynicesupplement.com\/en\/wp-json\/wp\/v2\/media\/3529"}],"wp:attachment":[{"href":"https:\/\/bodynicesupplement.com\/en\/wp-json\/wp\/v2\/media?parent=3528"}],"wp:term":[{"taxonomy":"product_cat","embeddable":true,"href":"https:\/\/bodynicesupplement.com\/en\/wp-json\/wp\/v2\/product_cat?post=3528"},{"taxonomy":"product_tag","embeddable":true,"href":"https:\/\/bodynicesupplement.com\/en\/wp-json\/wp\/v2\/product_tag?post=3528"}],"curies":[{"name":"wp","href":"https:\/\/api.w.org\/{rel}","templated":true}]}}