{"id":3493,"date":"2024-05-20T14:48:08","date_gmt":"2024-05-20T14:48:08","guid":{"rendered":"http:\/\/bodynicesupplement.com\/?post_type=product&#038;p=3493"},"modified":"2025-10-25T00:12:33","modified_gmt":"2025-10-25T00:12:33","slug":"kevin-levrone-shaaboom-ice-pump-463g","status":"publish","type":"product","link":"https:\/\/bodynicesupplement.com\/en\/produkt\/kevin-levrone-shaaboom-ice-pump-463g\/","title":{"rendered":"Kevin Levrone SHAABOOM ICE PUMP 463g"},"content":{"rendered":"<div dir=\"auto\">Shaaboom Ice PUMP Pre Workout Booster 463g. Nahrungserg\u00e4nzungsmittel.<\/div>\n<div dir=\"auto\"><\/div>\n<div dir=\"auto\">Mit S\u00fc\u00dfungsmitteln. Enth\u00e4lt Koffein (200 mg \/ Portion 9,25 g; 400 mg \/ Tagesportion 18,5 g). Nicht empfohlen f\u00fcr Kinder oder schwangere Frauen. Pre-Workout-Formel mit Citrullin-Malat, Beta-Alanin und Betain f\u00fcr k\u00f6rperlich aktive Erwachsene<\/div>\n","protected":false},"excerpt":{"rendered":"<p>Shaaboom Ice PUMP Pre Workout Booster 463g. Nahrungserg\u00e4nzungsmittel. Mit S\u00fc\u00dfungsmitteln. Enth\u00e4lt Koffein (200 mg \/ Portion 9,25 g; 400 mg \/ Tagesportion 18,5 g). Nicht empfohlen f\u00fcr Kinder oder schwangere Frauen. Pre-Workout-Formel mit Citrullin-Malat, Beta-Alanin und Betain f\u00fcr k\u00f6rperlich aktive Erwachsene<\/p>\n","protected":false},"featured_media":3494,"comment_status":"open","ping_status":"closed","template":"","meta":[],"product_cat":[258],"product_tag":[],"class_list":["post-3493","product","type-product","status-publish","has-post-thumbnail","hentry","product_cat-pre-workout"],"_links":{"self":[{"href":"https:\/\/bodynicesupplement.com\/en\/wp-json\/wp\/v2\/product\/3493","targetHints":{"allow":["GET"]}}],"collection":[{"href":"https:\/\/bodynicesupplement.com\/en\/wp-json\/wp\/v2\/product"}],"about":[{"href":"https:\/\/bodynicesupplement.com\/en\/wp-json\/wp\/v2\/types\/product"}],"replies":[{"embeddable":true,"href":"https:\/\/bodynicesupplement.com\/en\/wp-json\/wp\/v2\/comments?post=3493"}],"wp:featuredmedia":[{"embeddable":true,"href":"https:\/\/bodynicesupplement.com\/en\/wp-json\/wp\/v2\/media\/3494"}],"wp:attachment":[{"href":"https:\/\/bodynicesupplement.com\/en\/wp-json\/wp\/v2\/media?parent=3493"}],"wp:term":[{"taxonomy":"product_cat","embeddable":true,"href":"https:\/\/bodynicesupplement.com\/en\/wp-json\/wp\/v2\/product_cat?post=3493"},{"taxonomy":"product_tag","embeddable":true,"href":"https:\/\/bodynicesupplement.com\/en\/wp-json\/wp\/v2\/product_tag?post=3493"}],"curies":[{"name":"wp","href":"https:\/\/api.w.org\/{rel}","templated":true}]}}